{"id":7444,"date":"2020-07-07T18:26:35","date_gmt":"2020-07-07T16:26:35","guid":{"rendered":"https:\/\/www.teoresigroup.com\/privacy\/"},"modified":"2024-06-20T15:18:33","modified_gmt":"2024-06-20T13:18:33","slug":"privacy","status":"publish","type":"page","link":"https:\/\/teoresi.sixeleven.it\/it\/privacy\/","title":{"rendered":"Privacy Policy and Terms of Use"},"content":{"rendered":"\n\t\n\t\n\t\t<div id=\"block_1286f151fac4fd19386d695d23200fe3\" class=\"hero-image\">\n\t\t\t<div class=\"image-hero-container row expanded isdark\">\n\n\t\t\t\t\t\t\t\t\t<div class=\"top absolute z-10 pin-t pin-l xsmall-pt-4 xsmall-pl-4 small-pt-6 small-pl-6 pt-12 pl-12\">\n\t\t\t\t\t\t<span class=\"toptitle color-white title-line orange\">page<\/span>\n\t\t\t\t\t<\/div>\n\t\t\t\t\n\t\t\t\t<!-- Icona centrale per small -->\n\t\t\t\t<div class=\"hero-icon middle hide-for-medium absolute z-10 pin-l xsmall-pl-4 small-pl-6 pl-12\">\n\t\t\t\t\t\n\t\t\t\t<\/div>\n\n\t\t\t\t<!-- Blocco Icona + Titolo per medium-up -->\n\t\t\t\t<div class=\"bottom show-for-medium z-10 absolute pin-b pin-l xsmall-pb-4 xsmall-pl-4 pb-12 pl-12\">\n\n\t\t\t\t\t\n\t\t\t\t\t\t\t\t\t\t\t<h1 class=\"hero-title title mb-0 dot-after\">Informativa Privacy<\/h1>\n\t\t\t\t\t\t\t\t\t\t\t\t\t\t\t\t<h2 class=\"subtitle h4 mt-2 color-grey-lighter\">Ai sensi degli artt. 13 e 14 GDPR (UE)<\/h2>\n\t\t\t\t\t\n\t\t\t\t<\/div>\n\n\t\t\t\t\n\t\t\t\t\t\n\t\t\t\t\t<!-- Versione senza parallasse -->\n\t\t\t\t\t<div class=\"hero-bg bg-img b-lazy\" data-src = \"https:\/\/teoresi.sixeleven.it\/wp-content\/uploads\/2020\/10\/hero-activities.jpg\" ><\/div>\n\n\t\t\t\t\n\t\t\t\t<div class=\"hero-filter\"><\/div>\n\n\t\t\t<\/div>\n\t\t<\/div>\n\n\t\t<!-- Titolo fuori Hero per small -->\n\t\t<div class=\"row sezione hide-for-medium\">\n\n\t\t\t<div class=\"column\">\n\t\t\t\t\t\t\t\t\t<h1 class=\"hero-title title mb-0 dot-after\">Informativa Privacy<\/h1>\n\t\t\t\t\t\t\t\t\t\t\t\t\t<h2 class=\"subtitle h4 mt-2\">Ai sensi degli artt. 13 e 14 GDPR (UE)<\/h2>\n\t\t\t\t\t\t\t<\/div>\n\n\t\t<\/div>\n\n\t\n\n\n\n<div class=\"wp-block-columns align-center row sezione\">\n<div class=\"wp-block-column column small-12 medium-10 large-8\">\n<p class=\"wp-block-studio42-paragraph text-none\">\u00a0<br\/><strong>INTRODUZIONE<\/strong><br\/>Teoresi S.p.A., in conformit\u00e0 con la normativa vigente, si impegna a trattare i tuoi dati personali in conformit\u00e0 ai principi di liceit\u00e0, correttezza, trasparenza, pertinenza e minimizzazione stabiliti dall&#8217;Articolo 5 del Regolamento (UE) 2016\/679 &#8220;sulla protezione delle persone fisiche con riguardo al trattamento dei dati personali (&#8220;GDPR&#8221;).<br\/>Teoresi S.p.A. La invita a leggere la seguente informativa sulla privacy redatta ai sensi degli Articoli 13 e 14 del GDPR, rivolta agli utenti che navigano sul sito web del Gruppo Teoresi e sui social media istituzionali di Teoresi cui rimanda il sito web (gli &#8220;Interessati&#8221;).<br\/>Il sito web \u00e8 di propriet\u00e0 di Teoresi da cui \u00e8 altres\u00ec gestito e mantenuto con lo scopo di fornire informazioni e comunicazioni riguardanti le Societ\u00e0 del Gruppo TEORESI, nonch\u00e9 i prodotti e i servizi offerti da queste ultime.<br\/>La informiamo che Il nostro sito web contiene inoltre alcuni plug-in che reindirizzano gli utenti ad altri siti web e social media in cui promuoviamo la nostra attivit\u00e0 (YouTube, Vimeo, Facebook, Linkedin, Instagram).<br\/>***<br\/><strong>1. TITOLARE DEL TRATTAMENTO<\/strong><br\/>Il Titolare del trattamento dei Suoi dati \u00e8 Teoresi S.p.A., con sede legale a Torino, Via Perugia, 24 \u2013 10152 \u2013 P.IVA 03037960014.<br\/>I dettagli di contatto del Titolare del trattamento sono: Tel. 011.2408000; e-mail: privacy@teoresigroup.com; PEC: teoresi.adm@pec.it<br\/><strong>2. RESPONSABILE DELLA PROTEZIONE DEI DATI<\/strong><br\/>Teoresi ha nominato un Responsabile della Protezione dei Dati come previsto dal GDPR (\u201cData Protection Officer\u201d o \u201cDPO\u201d), incaricato per legge di monitorare la conformit\u00e0 al Regolamento, nonch\u00e9 di gestire le richieste degli interessati nel contesto del legittimo esercizio dei diritti a questi ultimi riconosciuti dal Regolamento, nonch\u00e9 di fungere da punto di riferimento\/contatto nei rapporti con l&#8217;Autorit\u00e0 Garante per la Protezione dei Dati Personali.<br\/>Per tutte le questioni relative al trattamento dei Suoi dati personali e\/o all&#8217;esercizio dei Suoi diritti elencati al punto 10 della presente informativa, pu\u00f2 contattare il DPO al seguente indirizzo e-mail: <a href=\"mailto:dpo.ask@teoresigroup.com\">dpo.ask@teoresigroup.com<\/a><br\/><strong>3. CATEGORIE DI DATI TRATTATI<\/strong><br\/>Il trattamento riguarder\u00e0 i seguenti dati:<br\/>&#8211; dati comuni identificativi (nome, cognome),<br\/>&#8211; dati di contatto (numero di telefono, indirizzo e-mail),<br\/>&#8211; indirizzo IP,<br\/>&#8211; ulteriori dati da Lei dichiarati in ragione della richiesta inoltrata,<br\/>\u00a0\u00a0\u00a0\u00a0\u00a0\u00a0\u00a0\u00a0\u00a0\u00a0\u00a0\u00a0\u00a0\u00a0\u00a0\u00a0\u00a0\u00a0\u00a0\u00a0\u00a0\u00a0\u00a0<br\/>&#8211; dati di navigazione, inclusi i dati derivanti dall&#8217;uso delle suddette icone social, raccolti tramite cookie installati sul Suo computer o dispositivo mobile, per i quali si invita a consultare la Politica sui Cookie per ulteriori informazioni.<br\/><strong>4. FINALIT\u00c0 DEL TRATTAMENTO E BASE GIURIDICA<\/strong><br\/>I dati forniti saranno utilizzati per la seguente finalit\u00e0:<br\/>&#8211; corretta gestione delle richieste<br\/>A seconda del tipo di richiesta le basi giuridiche per il trattamento dei dati sono l\u2019esecuzione di misure contrattuali e\/o precontrattuali e il legittimo interesse del Titolare.<br\/><strong>5. NATURA DEL CONFERIMENTO DEI DATI<\/strong><br\/>Nel caso in cui venga inviata una richiesta tramite la sezione &#8220;Contattaci&#8221; del sito web, si metter\u00e0 in contatto con noi mediante la compilazione del modulo predisposto per la raccolta dei dati. Il conferimento dei dati personali \u00e8 necessario per la corretta gestione delle Sue richieste. Per questo motivo i campi di detto modulo sono contrassegnati come obbligatori.<br\/><strong>6. MODALIT\u00c0 DI TRATTAMENTO<\/strong><br\/>I dati saranno trattati e raccolti mediante strumenti cartacei, mezzi informatici e telematici, ivi inclusi i database, gli archivi e le piattaforme, idonei a garantire la sicurezza e la riservatezza dei dati in conformit\u00e0 alle disposizioni dell&#8217;art. 32 del Regolamento Europeo sulla Privacy UE\/2016\/679 (GDPR).<br\/>I Suoi dati saranno trattati esclusivamente da personale espressamente autorizzato dal Titolare del trattamento. Il processo decisionale non sar\u00e0 automatizzato.<br\/><strong>7. DESTINATARI DEI DATI<\/strong><br\/>I Suoi dati personali potranno essere condivisi con i seguenti soggetti:<br\/>&#8211; qualsiasi soggetto debba essere informato in base alle disposizioni normative,<br\/>&#8211; le altre Societ\u00e0 del Gruppo Teoresi.<br\/><strong>8. RESPONSABILE ESTERNO DEL TRATTAMENTO<\/strong><br\/>I Suoi dati personali potranno essere altres\u00ec trattati da societ\u00e0 terze, che, in qualit\u00e0 di Responsabili del trattamento ex art. 28 del Regolamento, svolgono per contodi Teoresi attivit\u00e0 che implicano il trattamento dei dati personali. \u00a0<br\/>I trasferimenti di dati personali a terzi situati al di fuori dell&#8217;UE\/SEE sono effettuati in conformit\u00e0 al Capo V del GDPR. e sono pertanto basati sulle Clausole Contrattuali Standard (SCC) approvate dalla Commissione Europea. Per ottenere una copia di queste SCC, si prega di contattare il Titolare del trattamento agli indirizzi indicati al punto 1 della presente informativa.<br\/><strong>9. PERIODO DI CONSERVAZIONE DEI DATI<\/strong><br\/>Ai sensi dell&#8217;art. 5 del GDPR e in conformit\u00e0 ai principi di liceit\u00e0, limitazione delle finalit\u00e0 e minimizzazione dei dati, i Suoi dati saranno conservati per il tempo necessario a raggiungere le finalit\u00e0 effettivamente perseguite.<br\/>In particolare, i dati raccolti ai fini della gestione di richieste rivolte a Teoresi verranno conservati per un periodo idoneo e necessario ad evadere dette richieste e successivamente cancellati ove non intercorra alcun ulteriore contatto tra l\u2019Interessato e Teoresi, salvo eventuali obblighi di legge.<br\/><strong>10. DIRITTI DELL&#8217;INTERESSATO<\/strong><br\/>In qualit\u00e0 di interessato, potr\u00e0 esercitare i diritti previsti dagli Art. 15 e seguenti del GDPR nei confronti di Teoresi, inviando una comunicazione a <a href=\"mailto:privacy@teoresigroup.com\">privacy@teoresigroup.com<\/a>. La richiesta sar\u00e0 gestita dal Titolare del trattamento entro 28 giorni.<br\/>\u00a0<\/p>\n\n\n        \r\n        <div id=\"block_e74d3105155ef6c789de5b278342e290\" class=\"file-attachment-repeater row sezione pt-0 align-center\">\r\n\r\n            <div class=\"column small-12\">\r\n\r\n                \r\n                     <a class=\"attachment flex align-middle p-3 mb-2 fs-p color-body\" href=\"https:\/\/teoresi.sixeleven.it\/wp-content\/uploads\/2024\/06\/teo01-pii006-it-informativa-sito-web-20240619.pdf\" target=\"_blank\" rel=\"nofollow noopener\" onclick=\"ga('send', 'event', 'Action-Link', 'Click', 'Leggi il PDF');\"><svg class=\"icon download width-8 mr-4 color-primary\" xmlns=\"http:\/\/www.w3.org\/2000\/svg\" viewBox=\"0 0 576 512\"><path d=\"M528 288h-92.1l46.1-46.1c30.1-30.1 8.8-81.9-33.9-81.9h-64V48c0-26.5-21.5-48-48-48h-96c-26.5 0-48 21.5-48 48v112h-64c-42.6 0-64.2 51.7-33.9 81.9l46.1 46.1H48c-26.5 0-48 21.5-48 48v128c0 26.5 21.5 48 48 48h480c26.5 0 48-21.5 48-48V336c0-26.5-21.5-48-48-48zm-400-80h112V48h96v160h112L288 368 128 208zm400 256H48V336h140.1l65.9 65.9c18.8 18.8 49.1 18.7 67.9 0l65.9-65.9H528v128zm-88-64c0-13.3 10.7-24 24-24s24 10.7 24 24-10.7 24-24 24-24-10.7-24-24z\"\/><\/svg>Leggi il PDF<\/a>\r\n                \r\n            <\/div>\r\n\r\n        <\/div>\r\n\r\n    \r\n<\/div>\n<\/div>\n\n\n\r\n    <span class=\"block p-8\">&nbsp;<\/span>\r\n\r\n","protected":false},"excerpt":{"rendered":"","protected":false},"author":1,"featured_media":0,"parent":0,"menu_order":35,"comment_status":"closed","ping_status":"closed","template":"","meta":{"_acf_changed":false,"footnotes":""},"class_list":["post-7444","page","type-page","status-publish","hentry"],"yoast_head":"<!-- This site is optimized with the Yoast SEO plugin v26.8 - https:\/\/yoast.com\/product\/yoast-seo-wordpress\/ -->\n<title>Privacy Policy and Terms of Use - Teoresi Group<\/title>\n<meta name=\"robots\" content=\"noindex, follow, max-snippet:-1, max-image-preview:large, max-video-preview:-1\" \/>\n<meta property=\"og:locale\" content=\"it_IT\" \/>\n<meta property=\"og:type\" content=\"article\" \/>\n<meta property=\"og:title\" content=\"Privacy Policy and Terms of Use - Teoresi Group\" \/>\n<meta property=\"og:url\" content=\"https:\/\/teoresi.sixeleven.it\/privacy\/\" \/>\n<meta property=\"og:site_name\" content=\"Teoresi Group\" \/>\n<meta property=\"article:publisher\" content=\"https:\/\/www.facebook.com\/pages\/Gruppo-Teoresi\/118393464917205\" \/>\n<meta property=\"article:modified_time\" content=\"2024-06-20T13:18:33+00:00\" \/>\n<meta property=\"og:image\" content=\"https:\/\/teoresi.sixeleven.it\/wp-content\/uploads\/2021\/02\/og-image.jpg\" \/>\n\t<meta property=\"og:image:width\" content=\"1200\" \/>\n\t<meta property=\"og:image:height\" content=\"630\" \/>\n\t<meta property=\"og:image:type\" content=\"image\/jpeg\" \/>\n<meta name=\"twitter:card\" content=\"summary_large_image\" \/>\n<script type=\"application\/ld+json\" class=\"yoast-schema-graph\">{\"@context\":\"https:\/\/schema.org\",\"@graph\":[{\"@type\":\"WebPage\",\"@id\":\"https:\/\/teoresi.sixeleven.it\/privacy\/\",\"url\":\"https:\/\/teoresi.sixeleven.it\/privacy\/\",\"name\":\"Privacy Policy and Terms of Use - Teoresi Group\",\"isPartOf\":{\"@id\":\"https:\/\/teoresi.sixeleven.it\/de\/#website\"},\"datePublished\":\"2020-07-07T16:26:35+00:00\",\"dateModified\":\"2024-06-20T13:18:33+00:00\",\"breadcrumb\":{\"@id\":\"https:\/\/teoresi.sixeleven.it\/privacy\/#breadcrumb\"},\"inLanguage\":\"it-IT\",\"potentialAction\":[{\"@type\":\"ReadAction\",\"target\":[\"https:\/\/teoresi.sixeleven.it\/privacy\/\"]}]},{\"@type\":\"BreadcrumbList\",\"@id\":\"https:\/\/teoresi.sixeleven.it\/privacy\/#breadcrumb\",\"itemListElement\":[{\"@type\":\"ListItem\",\"position\":1,\"name\":\"\",\"item\":\"https:\/\/teoresi.sixeleven.it\/it\/\"},{\"@type\":\"ListItem\",\"position\":2,\"name\":\"Privacy Policy and Terms of Use\"}]},{\"@type\":\"WebSite\",\"@id\":\"https:\/\/teoresi.sixeleven.it\/de\/#website\",\"url\":\"https:\/\/teoresi.sixeleven.it\/de\/\",\"name\":\"Teoresi Group\",\"description\":\"Engineering for Human life.\",\"publisher\":{\"@id\":\"https:\/\/teoresi.sixeleven.it\/de\/#organization\"},\"potentialAction\":[{\"@type\":\"SearchAction\",\"target\":{\"@type\":\"EntryPoint\",\"urlTemplate\":\"https:\/\/teoresi.sixeleven.it\/de\/?s={search_term_string}\"},\"query-input\":{\"@type\":\"PropertyValueSpecification\",\"valueRequired\":true,\"valueName\":\"search_term_string\"}}],\"inLanguage\":\"it-IT\"},{\"@type\":\"Organization\",\"@id\":\"https:\/\/teoresi.sixeleven.it\/de\/#organization\",\"name\":\"Teoresi Group\",\"url\":\"https:\/\/teoresi.sixeleven.it\/de\/\",\"logo\":{\"@type\":\"ImageObject\",\"inLanguage\":\"it-IT\",\"@id\":\"https:\/\/teoresi.sixeleven.it\/de\/#\/schema\/logo\/image\/\",\"url\":\"https:\/\/www.teoresigroup.com\/wp-content\/uploads\/2020\/12\/teoresi-logo-color.svg\",\"contentUrl\":\"https:\/\/www.teoresigroup.com\/wp-content\/uploads\/2020\/12\/teoresi-logo-color.svg\",\"width\":1,\"height\":1,\"caption\":\"Teoresi Group\"},\"image\":{\"@id\":\"https:\/\/teoresi.sixeleven.it\/de\/#\/schema\/logo\/image\/\"},\"sameAs\":[\"https:\/\/www.facebook.com\/pages\/Gruppo-Teoresi\/118393464917205\",\"https:\/\/www.instagram.com\/teoresigroup\/\",\"https:\/\/www.linkedin.com\/company\/teoresigroup\/\",\"https:\/\/www.youtube.com\/channel\/UCNdBBSSax2EWPmFk5QzYP8Q\"]}]}<\/script>\n<!-- \/ Yoast SEO plugin. -->","yoast_head_json":{"title":"Privacy Policy and Terms of Use - Teoresi Group","robots":{"index":"noindex","follow":"follow","max-snippet":"max-snippet:-1","max-image-preview":"max-image-preview:large","max-video-preview":"max-video-preview:-1"},"og_locale":"it_IT","og_type":"article","og_title":"Privacy Policy and Terms of Use - Teoresi Group","og_url":"https:\/\/teoresi.sixeleven.it\/privacy\/","og_site_name":"Teoresi Group","article_publisher":"https:\/\/www.facebook.com\/pages\/Gruppo-Teoresi\/118393464917205","article_modified_time":"2024-06-20T13:18:33+00:00","og_image":[{"width":1200,"height":630,"url":"https:\/\/teoresi.sixeleven.it\/wp-content\/uploads\/2021\/02\/og-image.jpg","type":"image\/jpeg"}],"twitter_card":"summary_large_image","schema":{"@context":"https:\/\/schema.org","@graph":[{"@type":"WebPage","@id":"https:\/\/teoresi.sixeleven.it\/privacy\/","url":"https:\/\/teoresi.sixeleven.it\/privacy\/","name":"Privacy Policy and Terms of Use - Teoresi Group","isPartOf":{"@id":"https:\/\/teoresi.sixeleven.it\/de\/#website"},"datePublished":"2020-07-07T16:26:35+00:00","dateModified":"2024-06-20T13:18:33+00:00","breadcrumb":{"@id":"https:\/\/teoresi.sixeleven.it\/privacy\/#breadcrumb"},"inLanguage":"it-IT","potentialAction":[{"@type":"ReadAction","target":["https:\/\/teoresi.sixeleven.it\/privacy\/"]}]},{"@type":"BreadcrumbList","@id":"https:\/\/teoresi.sixeleven.it\/privacy\/#breadcrumb","itemListElement":[{"@type":"ListItem","position":1,"name":"","item":"https:\/\/teoresi.sixeleven.it\/it\/"},{"@type":"ListItem","position":2,"name":"Privacy Policy and Terms of Use"}]},{"@type":"WebSite","@id":"https:\/\/teoresi.sixeleven.it\/de\/#website","url":"https:\/\/teoresi.sixeleven.it\/de\/","name":"Teoresi Group","description":"Engineering for Human life.","publisher":{"@id":"https:\/\/teoresi.sixeleven.it\/de\/#organization"},"potentialAction":[{"@type":"SearchAction","target":{"@type":"EntryPoint","urlTemplate":"https:\/\/teoresi.sixeleven.it\/de\/?s={search_term_string}"},"query-input":{"@type":"PropertyValueSpecification","valueRequired":true,"valueName":"search_term_string"}}],"inLanguage":"it-IT"},{"@type":"Organization","@id":"https:\/\/teoresi.sixeleven.it\/de\/#organization","name":"Teoresi Group","url":"https:\/\/teoresi.sixeleven.it\/de\/","logo":{"@type":"ImageObject","inLanguage":"it-IT","@id":"https:\/\/teoresi.sixeleven.it\/de\/#\/schema\/logo\/image\/","url":"https:\/\/www.teoresigroup.com\/wp-content\/uploads\/2020\/12\/teoresi-logo-color.svg","contentUrl":"https:\/\/www.teoresigroup.com\/wp-content\/uploads\/2020\/12\/teoresi-logo-color.svg","width":1,"height":1,"caption":"Teoresi Group"},"image":{"@id":"https:\/\/teoresi.sixeleven.it\/de\/#\/schema\/logo\/image\/"},"sameAs":["https:\/\/www.facebook.com\/pages\/Gruppo-Teoresi\/118393464917205","https:\/\/www.instagram.com\/teoresigroup\/","https:\/\/www.linkedin.com\/company\/teoresigroup\/","https:\/\/www.youtube.com\/channel\/UCNdBBSSax2EWPmFk5QzYP8Q"]}]}},"acf":[],"_links":{"self":[{"href":"https:\/\/teoresi.sixeleven.it\/it\/wp-json\/wp\/v2\/pages\/7444","targetHints":{"allow":["GET"]}}],"collection":[{"href":"https:\/\/teoresi.sixeleven.it\/it\/wp-json\/wp\/v2\/pages"}],"about":[{"href":"https:\/\/teoresi.sixeleven.it\/it\/wp-json\/wp\/v2\/types\/page"}],"author":[{"embeddable":true,"href":"https:\/\/teoresi.sixeleven.it\/it\/wp-json\/wp\/v2\/users\/1"}],"replies":[{"embeddable":true,"href":"https:\/\/teoresi.sixeleven.it\/it\/wp-json\/wp\/v2\/comments?post=7444"}],"version-history":[{"count":5,"href":"https:\/\/teoresi.sixeleven.it\/it\/wp-json\/wp\/v2\/pages\/7444\/revisions"}],"predecessor-version":[{"id":37849,"href":"https:\/\/teoresi.sixeleven.it\/it\/wp-json\/wp\/v2\/pages\/7444\/revisions\/37849"}],"wp:attachment":[{"href":"https:\/\/teoresi.sixeleven.it\/it\/wp-json\/wp\/v2\/media?parent=7444"}],"curies":[{"name":"wp","href":"https:\/\/api.w.org\/{rel}","templated":true}]}}