{"id":26366,"date":"2023-06-07T10:50:24","date_gmt":"2023-06-07T08:50:24","guid":{"rendered":"https:\/\/www.teoresigroup.com\/teoresi-metaverse\/"},"modified":"2023-06-07T11:56:11","modified_gmt":"2023-06-07T09:56:11","slug":"teoresi-metaverse","status":"publish","type":"page","link":"https:\/\/teoresi.sixeleven.it\/it\/teoresi-metaverse\/","title":{"rendered":"Teoresi Metaverse"},"content":{"rendered":"\n\t\n\t\n\t\t<div id=\"block_b4ef681663a958266cdf15ad1897f3d0\" class=\"hero-image\">\n\t\t\t<div class=\"image-hero-container row expanded isdark\">\n\n\t\t\t\t\t\t\t\t\t<div class=\"top absolute z-10 pin-t pin-l xsmall-pt-4 xsmall-pl-4 small-pt-6 small-pl-6 pt-12 pl-12\">\n\t\t\t\t\t\t<span class=\"toptitle color-white title-line orange\">page<\/span>\n\t\t\t\t\t<\/div>\n\t\t\t\t\n\t\t\t\t<!-- Icona centrale per small -->\n\t\t\t\t<div class=\"hero-icon middle hide-for-medium absolute z-10 pin-l xsmall-pl-4 small-pl-6 pl-12\">\n\t\t\t\t\t\n\t\t\t\t<\/div>\n\n\t\t\t\t<!-- Blocco Icona + Titolo per medium-up -->\n\t\t\t\t<div class=\"bottom show-for-medium z-10 absolute pin-b pin-l xsmall-pb-4 xsmall-pl-4 pb-12 pl-12\">\n\n\t\t\t\t\t\n\t\t\t\t\t\t\t\t\t\t\t<h1 class=\"hero-title title mb-0 dot-after\">Teoresi Metaverse<\/h1>\n\t\t\t\t\t\t\t\t\t\t\t\t\t\t\t\t<h2 class=\"subtitle h4 mt-2 color-grey-lighter\">Step into a World of Infinite Possibilities<\/h2>\n\t\t\t\t\t\n\t\t\t\t<\/div>\n\n\t\t\t\t\n\t\t\t\t\t\n\t\t\t\t\t<!-- Versione senza parallasse -->\n\t\t\t\t\t<div class=\"hero-bg bg-img b-lazy\" data-src = \"https:\/\/teoresi.sixeleven.it\/wp-content\/uploads\/2023\/05\/teoresi-metaverse.jpg\" data-src-small=\"https:\/\/teoresi.sixeleven.it\/wp-content\/uploads\/2023\/05\/teoresi-metaverse-640x300.jpg\"><\/div>\n\n\t\t\t\t\n\t\t\t\t<div class=\"hero-filter\"><\/div>\n\n\t\t\t<\/div>\n\t\t<\/div>\n\n\t\t<!-- Titolo fuori Hero per small -->\n\t\t<div class=\"row sezione hide-for-medium\">\n\n\t\t\t<div class=\"column\">\n\t\t\t\t\t\t\t\t\t<h1 class=\"hero-title title mb-0 dot-after\">Teoresi Metaverse<\/h1>\n\t\t\t\t\t\t\t\t\t\t\t\t\t<h2 class=\"subtitle h4 mt-2\">Step into a World of Infinite Possibilities<\/h2>\n\t\t\t\t\t\t\t<\/div>\n\n\t\t<\/div>\n\n\t\n\n\n\r\n    \r\n    <div id=\"block_2456b4b4bdf45ce49734525c71c59699\" class=\"breadcrumbs row sezione\">\r\n        <div class=\"column small-12 fs-xsmall\">\r\n            <span><span><a href=\"https:\/\/teoresi.sixeleven.it\/it\/\"><span class=\"tg-homepage-icon\"><\/span><\/a><\/span><\/span>        <\/div>\r\n    <\/div>\r\n\r\n\n\n\n<div class=\"wp-block-columns align-center row sezione\">\n<div class=\"wp-block-column column small-12 medium-10 large-8\">\n<p>Benvenuti nello spazio virtuale di Teoresi su <strong>Spatial.io<\/strong>, dove innovazione e immaginazione possono trovare il loro punto di incontro.<\/p>\n\n\n\n<p>Vi invitiamo a seguirci anche in questo viaggio mentre &nbsp;vi sveliamo la nostra ultima avventura nel regno del Metaverso.<\/p>\n\n\n\n<p>Dopo una ricerca approfondita, abbiamo scelto con cura <strong>Spatial.io<\/strong> come piattaforma per dare vita un nostro ambiente virtuale e personalizzato.<\/p>\n\n\n\n<p><\/p>\n\n\n\r\n    <span class=\"block p-2\">&nbsp;<\/span>\r\n\r\n\n\n\r\n\t\r\n\t\t<div class=\"centralo text-left\">\r\n\r\n\t\t\t<a id=\"block_d5e25f99e6e500fbcc680159e4dc2f7f\" class=\"inline-flex button inline-block   \" href=\"https:\/\/www.teoresigroup.com\/metaverse\/\" target=\"_blank\" rel=\"noopener nofollower\" onclick=\"gtag('event', 'click', {'event_category': 'Action-Link', 'event_label': 'metaverse'});\">\r\n\r\n\t\t\t\t\r\n\t\t\t\t<div class=\"text-wrapper \">\r\n\t\t\t\t\t\r\n\t\t\t\t\t\t\t\t\t\t\t<span class=\"title\">\r\n\t\t\t\t\t\t\tVisita il Metaverso di Teoresi\t\t\t\t\t\t<\/span>\r\n\t\t\t\t\t\r\n\t\t\t\t\t\t\t\t\t<\/div>\r\n\r\n\t\t\t<\/a>\r\n\r\n\t\t<\/div>\r\n\r\n\t\t<!-- <div class=\"text-left\">\r\n\t\t\t<a id=\"block_d5e25f99e6e500fbcc680159e4dc2f7f\" class=\"centralo button inline-block  \" href=\"https:\/\/www.teoresigroup.com\/metaverse\/\" target=\"_blank\" rel=\"noopener nofollower\" onclick=\"gtag('event', 'click', {'event_category': 'Action-Link', 'event_label': 'metaverse'});\" >\r\n\t\t\t\tVisita il Metaverso di Teoresi\t\t\t<\/a>\r\n\t\t<\/div> -->\r\n\r\n\t\t\r\n\n\n\r\n    <div id=\"block_fd22410e1728a432ee8477fc3aac6fec\" class=\"row sezione mt-4 align-center\">\r\n        <div class=\"column small-12 medium-10 large-8 text-center\">\r\n                                        <span class=\"title h3 fw-700 mb-2 dot-after\">Perch\u00e9 Spatial.io?<\/span>\r\n                                <\/div>\r\n    <\/div>\r\n\r\n\n\n\n<p>\u00c8 semplice: scalabilit\u00e0, accessibilit\u00e0 cross-platform (s\u00ec, anche con i visori VR!), nessun account necessario e compatibilit\u00e0 una una futura produzione di NFT. Con queste basi, siamo pronti ad espandere l\u2019esperienza digitale della nostra audience.<\/p>\n\n\n\n<p><\/p>\n\n\n\r\n    <div id=\"block_6de2412a38050658a4352d3126714861\" class=\"row sezione mt-4 align-center\">\r\n        <div class=\"column small-12 medium-10 large-8 text-center\">\r\n                                        <span class=\"title h3 fw-700 mb-2 dot-after\">Cosa aspettarsi dal nostro universo virtuale?<\/span>\r\n                                <\/div>\r\n    <\/div>\r\n\r\n\n\n\n<p>Una <strong>hall<\/strong> caratterizzata da un\u2019architettura suggestiva e immaginifica, progettata magistralmente dai nostri designer \u00e8 pronta ad accogliervi.<\/p>\n\n\n\n<p>\u00c8 qui che inizia il viaggio per esplorare l&#8217;essenza del nostro brand: la sua identit\u00e0, la storia, la mission e i valori. Spostando lo sguardo verso l\u2019alto, l\u2019attenzione viene catturata &nbsp;dai colori dei nostri billboard digitali &nbsp;che presentano le sedi delle nostre location principali, gli eventi e le attivit\u00e0 a cui partecipiamo o che organizziamo internamente.<\/p>\n\n\n\n<p>Grazie a questi schermi digitali avremo modo di offrirvi uno sguardo sempre aggiornato e vivace sulla nostra vita in azienda.<\/p>\n\n\n\n<p>Immergetevi nella scoperta dell\u2019ampia <strong>arena<\/strong>: una piazza pronta ad affollarsi, &nbsp;progettata per incontri ed momenti virtuali. Preparatevi, poich\u00e9 stiamo pianificando una serie di eventi nelle prossime settimane<\/p>\n\n\n\r\n    <div id=\"block_93e2cff2fc2f58e08cf5202c62564749\" class=\"row sezione mt-4 align-center\">\r\n        <div class=\"column small-12 medium-10 large-8 text-center\">\r\n                                        <span class=\"title h3 fw-700 mb-2 dot-after\">Teoresi (non solo) eccellenza virtuale<\/span>\r\n                                <\/div>\r\n    <\/div>\r\n\r\n\n\n\n<p>Ma non \u00e8 tutto. Il Teoresi Metaverse rappresenta una testimonianza del nostro impegno verso l&#8217;eccellenza. Un modo trasformativo per mostrare&nbsp; clienti e prospect i nostri progetti innovativi.<\/p>\n\n\n\n<p>Dimentichiamo le slide e facciamo, invece, una passeggiata&nbsp; nella nostra <strong>Tech Room<\/strong>. Qui, I nostri business manager potranno illustrare i progetti innovativi nei campi dell&#8217;Intelligenza Artificiale, Smart Mobility, Life Science. &nbsp;Un modo diverso e coinvolgente per farsi ispirare!<\/p>\n\n\n\r\n    \r\n    <div id=\"block_942eed6e654fde9b52bc0a6a07ce5cb6\" class=\"featured-content row sezione align-center mt-16 mb-16 bg-featured-content\">\r\n        <div class=\"column small-12 medium-8\">\r\n\r\n            \r\n                            <div style=\"width: 1280px;\" class=\"wp-video\"><!--[if lt IE 9]><script>document.createElement('video');<\/script><![endif]-->\n<video class=\"wp-video-shortcode\" id=\"video-26366-1\" width=\"1280\" height=\"476\" loop=\"1\" autoplay=\"1\" preload=\"metadata\" controls=\"controls\"><source type=\"video\/mp4\" src=\"https:\/\/www.teoresigroup.com\/wp-content\/uploads\/2023\/05\/onlymetaverse.mp4?_=1\" \/><a href=\"https:\/\/www.teoresigroup.com\/wp-content\/uploads\/2023\/05\/onlymetaverse.mp4\">https:\/\/www.teoresigroup.com\/wp-content\/uploads\/2023\/05\/onlymetaverse.mp4<\/a><\/video><\/div>\n            \r\n        <\/div>\r\n    <\/div>\r\n\r\n\n\n\n<p>E questo \u00e8 solo l&#8217;inizio. Siamo lieti di annunciare che la prima presentazione &nbsp;dell Metaverso Teoresi \u00e8 avvenuta alla prestigiosa <a href=\"https:\/\/www.teoresigroup.com\/de\/events\/teoresi-at-hannover-messe-where-industrial-transformation-begins-free-ticket\/\">Hannover Messe lo scorso aprile 2023<\/a>.<\/p>\n\n\n\n<p>Ma vi invitiamo a tenere ancora bene saldi I vostri visori, perch\u00e9 c&#8217;\u00e8 ancora molto in serbo.<\/p>\n\n\n\n<p>In un mondo in cui le possibilit\u00e0 sono illimitate, il Metaverse di Teoresi \u00e8 un passaggio verso un futuro di &nbsp;innovazione, collaborazione ed esplorazione senza confini.<\/p>\n\n\n\n<p><strong>Are you ready to unlock the extraordinary? Step into Teoresi&#8217;s Metaverse today!<\/strong><\/p>\n<\/div>\n<\/div>\n\n\n\r\n\t\r\n\t\t<div class=\"centralo text-left\">\r\n\r\n\t\t\t<a id=\"block_d5e25f99e6e500fbcc680159e4dc2f7f\" class=\"inline-flex button inline-block   \" href=\"https:\/\/www.teoresigroup.com\/metaverse\/\" target=\"_blank\" rel=\"noopener nofollower\" onclick=\"gtag('event', 'click', {'event_category': 'Action-Link', 'event_label': 'metaverse'});\">\r\n\r\n\t\t\t\t\r\n\t\t\t\t<div class=\"text-wrapper \">\r\n\t\t\t\t\t\r\n\t\t\t\t\t\t\t\t\t\t\t<span class=\"title\">\r\n\t\t\t\t\t\t\tVisita il Metaverso di Teoresi\t\t\t\t\t\t<\/span>\r\n\t\t\t\t\t\r\n\t\t\t\t\t\t\t\t\t<\/div>\r\n\r\n\t\t\t<\/a>\r\n\r\n\t\t<\/div>\r\n\r\n\t\t<!-- <div class=\"text-left\">\r\n\t\t\t<a id=\"block_d5e25f99e6e500fbcc680159e4dc2f7f\" class=\"centralo button inline-block  \" href=\"https:\/\/www.teoresigroup.com\/metaverse\/\" target=\"_blank\" rel=\"noopener nofollower\" onclick=\"gtag('event', 'click', {'event_category': 'Action-Link', 'event_label': 'metaverse'});\" >\r\n\t\t\t\tVisita il Metaverso di Teoresi\t\t\t<\/a>\r\n\t\t<\/div> -->\r\n\r\n\t\t\r\n\n\n\r\n    <span class=\"block p-4\">&nbsp;<\/span>\r\n\r\n","protected":false},"excerpt":{"rendered":"<p class=\"excerpt\">Benvenuti nello spazio virtuale di Teoresi su Spatial.io, dove innovazione e immaginazione possono trovare il loro punto di incontro. Vi invitiamo a seguirci anche in questo viaggio mentre &nbsp;vi sveliamo la nostra ultima avventura nel regno del Metaverso. Dopo una ricerca approfondita, abbiamo scelto con cura Spatial.io come piattaforma per dare vita un nostro ambiente virtuale e personalizzato. \u00c8 semplice:&#8230;<\/p>\n","protected":false},"author":7,"featured_media":0,"parent":0,"menu_order":0,"comment_status":"closed","ping_status":"closed","template":"","meta":{"_acf_changed":false,"footnotes":""},"class_list":["post-26366","page","type-page","status-publish","hentry"],"yoast_head":"<!-- This site is optimized with the Yoast SEO plugin v26.8 - https:\/\/yoast.com\/product\/yoast-seo-wordpress\/ -->\n<title>Teoresi Metaverse - Teoresi Group<\/title>\n<meta name=\"robots\" content=\"noindex, follow, max-snippet:-1, max-image-preview:large, max-video-preview:-1\" \/>\n<meta property=\"og:locale\" content=\"it_IT\" \/>\n<meta property=\"og:type\" content=\"article\" \/>\n<meta property=\"og:title\" content=\"Teoresi Metaverse - Teoresi Group\" \/>\n<meta property=\"og:description\" content=\"Benvenuti nello spazio virtuale di Teoresi su Spatial.io, dove innovazione e immaginazione possono trovare il loro punto di incontro. Vi invitiamo a seguirci anche in questo viaggio mentre &nbsp;vi sveliamo la nostra ultima avventura nel regno del Metaverso. Dopo una ricerca approfondita, abbiamo scelto con cura Spatial.io come piattaforma per dare vita un nostro ambiente virtuale e personalizzato. \u00c8 semplice:...\" \/>\n<meta property=\"og:url\" content=\"https:\/\/teoresi.sixeleven.it\/teoresi-metaverse\/\" \/>\n<meta property=\"og:site_name\" content=\"Teoresi Group\" \/>\n<meta property=\"article:publisher\" content=\"https:\/\/www.facebook.com\/pages\/Gruppo-Teoresi\/118393464917205\" \/>\n<meta property=\"article:modified_time\" content=\"2023-06-07T09:56:11+00:00\" \/>\n<meta property=\"og:image\" content=\"https:\/\/teoresi.sixeleven.it\/wp-content\/uploads\/2021\/02\/og-image.jpg\" \/>\n\t<meta property=\"og:image:width\" content=\"1200\" \/>\n\t<meta property=\"og:image:height\" content=\"630\" \/>\n\t<meta property=\"og:image:type\" content=\"image\/jpeg\" \/>\n<meta name=\"twitter:card\" content=\"summary_large_image\" \/>\n<script type=\"application\/ld+json\" class=\"yoast-schema-graph\">{\"@context\":\"https:\/\/schema.org\",\"@graph\":[{\"@type\":\"WebPage\",\"@id\":\"https:\/\/teoresi.sixeleven.it\/teoresi-metaverse\/\",\"url\":\"https:\/\/teoresi.sixeleven.it\/teoresi-metaverse\/\",\"name\":\"Teoresi Metaverse - Teoresi Group\",\"isPartOf\":{\"@id\":\"https:\/\/teoresi.sixeleven.it\/de\/#website\"},\"datePublished\":\"2023-06-07T08:50:24+00:00\",\"dateModified\":\"2023-06-07T09:56:11+00:00\",\"breadcrumb\":{\"@id\":\"https:\/\/teoresi.sixeleven.it\/teoresi-metaverse\/#breadcrumb\"},\"inLanguage\":\"it-IT\",\"potentialAction\":[{\"@type\":\"ReadAction\",\"target\":[\"https:\/\/teoresi.sixeleven.it\/teoresi-metaverse\/\"]}]},{\"@type\":\"BreadcrumbList\",\"@id\":\"https:\/\/teoresi.sixeleven.it\/teoresi-metaverse\/#breadcrumb\",\"itemListElement\":[{\"@type\":\"ListItem\",\"position\":1,\"name\":\"\",\"item\":\"https:\/\/teoresi.sixeleven.it\/it\/\"},{\"@type\":\"ListItem\",\"position\":2,\"name\":\"Teoresi Metaverse\"}]},{\"@type\":\"WebSite\",\"@id\":\"https:\/\/teoresi.sixeleven.it\/de\/#website\",\"url\":\"https:\/\/teoresi.sixeleven.it\/de\/\",\"name\":\"Teoresi Group\",\"description\":\"Engineering for Human life.\",\"publisher\":{\"@id\":\"https:\/\/teoresi.sixeleven.it\/de\/#organization\"},\"potentialAction\":[{\"@type\":\"SearchAction\",\"target\":{\"@type\":\"EntryPoint\",\"urlTemplate\":\"https:\/\/teoresi.sixeleven.it\/de\/?s={search_term_string}\"},\"query-input\":{\"@type\":\"PropertyValueSpecification\",\"valueRequired\":true,\"valueName\":\"search_term_string\"}}],\"inLanguage\":\"it-IT\"},{\"@type\":\"Organization\",\"@id\":\"https:\/\/teoresi.sixeleven.it\/de\/#organization\",\"name\":\"Teoresi Group\",\"url\":\"https:\/\/teoresi.sixeleven.it\/de\/\",\"logo\":{\"@type\":\"ImageObject\",\"inLanguage\":\"it-IT\",\"@id\":\"https:\/\/teoresi.sixeleven.it\/de\/#\/schema\/logo\/image\/\",\"url\":\"https:\/\/www.teoresigroup.com\/wp-content\/uploads\/2020\/12\/teoresi-logo-color.svg\",\"contentUrl\":\"https:\/\/www.teoresigroup.com\/wp-content\/uploads\/2020\/12\/teoresi-logo-color.svg\",\"width\":1,\"height\":1,\"caption\":\"Teoresi Group\"},\"image\":{\"@id\":\"https:\/\/teoresi.sixeleven.it\/de\/#\/schema\/logo\/image\/\"},\"sameAs\":[\"https:\/\/www.facebook.com\/pages\/Gruppo-Teoresi\/118393464917205\",\"https:\/\/www.instagram.com\/teoresigroup\/\",\"https:\/\/www.linkedin.com\/company\/teoresigroup\/\",\"https:\/\/www.youtube.com\/channel\/UCNdBBSSax2EWPmFk5QzYP8Q\"]}]}<\/script>\n<!-- \/ Yoast SEO plugin. -->","yoast_head_json":{"title":"Teoresi Metaverse - Teoresi Group","robots":{"index":"noindex","follow":"follow","max-snippet":"max-snippet:-1","max-image-preview":"max-image-preview:large","max-video-preview":"max-video-preview:-1"},"og_locale":"it_IT","og_type":"article","og_title":"Teoresi Metaverse - Teoresi Group","og_description":"Benvenuti nello spazio virtuale di Teoresi su Spatial.io, dove innovazione e immaginazione possono trovare il loro punto di incontro. Vi invitiamo a seguirci anche in questo viaggio mentre &nbsp;vi sveliamo la nostra ultima avventura nel regno del Metaverso. Dopo una ricerca approfondita, abbiamo scelto con cura Spatial.io come piattaforma per dare vita un nostro ambiente virtuale e personalizzato. \u00c8 semplice:...","og_url":"https:\/\/teoresi.sixeleven.it\/teoresi-metaverse\/","og_site_name":"Teoresi Group","article_publisher":"https:\/\/www.facebook.com\/pages\/Gruppo-Teoresi\/118393464917205","article_modified_time":"2023-06-07T09:56:11+00:00","og_image":[{"width":1200,"height":630,"url":"https:\/\/teoresi.sixeleven.it\/wp-content\/uploads\/2021\/02\/og-image.jpg","type":"image\/jpeg"}],"twitter_card":"summary_large_image","schema":{"@context":"https:\/\/schema.org","@graph":[{"@type":"WebPage","@id":"https:\/\/teoresi.sixeleven.it\/teoresi-metaverse\/","url":"https:\/\/teoresi.sixeleven.it\/teoresi-metaverse\/","name":"Teoresi Metaverse - Teoresi Group","isPartOf":{"@id":"https:\/\/teoresi.sixeleven.it\/de\/#website"},"datePublished":"2023-06-07T08:50:24+00:00","dateModified":"2023-06-07T09:56:11+00:00","breadcrumb":{"@id":"https:\/\/teoresi.sixeleven.it\/teoresi-metaverse\/#breadcrumb"},"inLanguage":"it-IT","potentialAction":[{"@type":"ReadAction","target":["https:\/\/teoresi.sixeleven.it\/teoresi-metaverse\/"]}]},{"@type":"BreadcrumbList","@id":"https:\/\/teoresi.sixeleven.it\/teoresi-metaverse\/#breadcrumb","itemListElement":[{"@type":"ListItem","position":1,"name":"","item":"https:\/\/teoresi.sixeleven.it\/it\/"},{"@type":"ListItem","position":2,"name":"Teoresi Metaverse"}]},{"@type":"WebSite","@id":"https:\/\/teoresi.sixeleven.it\/de\/#website","url":"https:\/\/teoresi.sixeleven.it\/de\/","name":"Teoresi Group","description":"Engineering for Human life.","publisher":{"@id":"https:\/\/teoresi.sixeleven.it\/de\/#organization"},"potentialAction":[{"@type":"SearchAction","target":{"@type":"EntryPoint","urlTemplate":"https:\/\/teoresi.sixeleven.it\/de\/?s={search_term_string}"},"query-input":{"@type":"PropertyValueSpecification","valueRequired":true,"valueName":"search_term_string"}}],"inLanguage":"it-IT"},{"@type":"Organization","@id":"https:\/\/teoresi.sixeleven.it\/de\/#organization","name":"Teoresi Group","url":"https:\/\/teoresi.sixeleven.it\/de\/","logo":{"@type":"ImageObject","inLanguage":"it-IT","@id":"https:\/\/teoresi.sixeleven.it\/de\/#\/schema\/logo\/image\/","url":"https:\/\/www.teoresigroup.com\/wp-content\/uploads\/2020\/12\/teoresi-logo-color.svg","contentUrl":"https:\/\/www.teoresigroup.com\/wp-content\/uploads\/2020\/12\/teoresi-logo-color.svg","width":1,"height":1,"caption":"Teoresi Group"},"image":{"@id":"https:\/\/teoresi.sixeleven.it\/de\/#\/schema\/logo\/image\/"},"sameAs":["https:\/\/www.facebook.com\/pages\/Gruppo-Teoresi\/118393464917205","https:\/\/www.instagram.com\/teoresigroup\/","https:\/\/www.linkedin.com\/company\/teoresigroup\/","https:\/\/www.youtube.com\/channel\/UCNdBBSSax2EWPmFk5QzYP8Q"]}]}},"acf":[],"_links":{"self":[{"href":"https:\/\/teoresi.sixeleven.it\/it\/wp-json\/wp\/v2\/pages\/26366","targetHints":{"allow":["GET"]}}],"collection":[{"href":"https:\/\/teoresi.sixeleven.it\/it\/wp-json\/wp\/v2\/pages"}],"about":[{"href":"https:\/\/teoresi.sixeleven.it\/it\/wp-json\/wp\/v2\/types\/page"}],"author":[{"embeddable":true,"href":"https:\/\/teoresi.sixeleven.it\/it\/wp-json\/wp\/v2\/users\/7"}],"replies":[{"embeddable":true,"href":"https:\/\/teoresi.sixeleven.it\/it\/wp-json\/wp\/v2\/comments?post=26366"}],"version-history":[{"count":4,"href":"https:\/\/teoresi.sixeleven.it\/it\/wp-json\/wp\/v2\/pages\/26366\/revisions"}],"predecessor-version":[{"id":26383,"href":"https:\/\/teoresi.sixeleven.it\/it\/wp-json\/wp\/v2\/pages\/26366\/revisions\/26383"}],"wp:attachment":[{"href":"https:\/\/teoresi.sixeleven.it\/it\/wp-json\/wp\/v2\/media?parent=26366"}],"curies":[{"name":"wp","href":"https:\/\/api.w.org\/{rel}","templated":true}]}}