{"id":12576,"date":"2021-12-02T12:57:51","date_gmt":"2021-12-02T11:57:51","guid":{"rendered":"https:\/\/www.teoresigroup.com\/about\/our-certifications\/"},"modified":"2024-01-29T12:17:52","modified_gmt":"2024-01-29T11:17:52","slug":"our-certifications","status":"publish","type":"page","link":"https:\/\/teoresi.sixeleven.it\/it\/about\/our-certifications\/","title":{"rendered":"Our Certifications"},"content":{"rendered":"\n\t\n\t\n\t\t<div id=\"block_28685efea6ce3bd2f8cc2c7f47b4c3fd\" class=\"hero-image\">\n\t\t\t<div class=\"image-hero-container row expanded isdark\">\n\n\t\t\t\t\t\t\t\t\t<div class=\"top absolute z-10 pin-t pin-l xsmall-pt-4 xsmall-pl-4 small-pt-6 small-pl-6 pt-12 pl-12\">\n\t\t\t\t\t\t<span class=\"toptitle color-white title-line orange\">page<\/span>\n\t\t\t\t\t<\/div>\n\t\t\t\t\n\t\t\t\t<!-- Icona centrale per small -->\n\t\t\t\t<div class=\"hero-icon middle hide-for-medium absolute z-10 pin-l xsmall-pl-4 small-pl-6 pl-12\">\n\t\t\t\t\t\n\t\t\t\t<\/div>\n\n\t\t\t\t<!-- Blocco Icona + Titolo per medium-up -->\n\t\t\t\t<div class=\"bottom show-for-medium z-10 absolute pin-b pin-l xsmall-pb-4 xsmall-pl-4 pb-12 pl-12\">\n\n\t\t\t\t\t\n\t\t\t\t\t\t\t\t\t\t\t<h1 class=\"hero-title title mb-0 dot-after\">Le nostre Certificazioni<\/h1>\n\t\t\t\t\t\t\t\t\t\t\n\t\t\t\t<\/div>\n\n\t\t\t\t\n\t\t\t\t\t\n\t\t\t\t\t<!-- Versione senza parallasse -->\n\t\t\t\t\t<div class=\"hero-bg bg-img b-lazy\" data-src = \"https:\/\/teoresi.sixeleven.it\/wp-content\/uploads\/2021\/12\/certificazione-hero.jpg\" ><\/div>\n\n\t\t\t\t\n\t\t\t\t<div class=\"hero-filter\"><\/div>\n\n\t\t\t<\/div>\n\t\t<\/div>\n\n\t\t<!-- Titolo fuori Hero per small -->\n\t\t<div class=\"row sezione hide-for-medium\">\n\n\t\t\t<div class=\"column\">\n\t\t\t\t\t\t\t\t\t<h1 class=\"hero-title title mb-0 dot-after\">Le nostre Certificazioni<\/h1>\n\t\t\t\t\t\t\t\t\t\t\t<\/div>\n\n\t\t<\/div>\n\n\t\n\n\n\r\n    \r\n    <div id=\"block_60ffab2e5b14e707b4fb46cc2815c08c\" class=\"breadcrumbs row sezione\">\r\n        <div class=\"column small-12 fs-xsmall\">\r\n            <span><span><a href=\"https:\/\/teoresi.sixeleven.it\/it\/\"><span class=\"tg-homepage-icon\"><\/span><\/a><\/span><\/span>        <\/div>\r\n    <\/div>\r\n\r\n\n\n\n<div class=\"wp-block-columns align-center row sezione\">\n<div class=\"wp-block-column column small-12 medium-10\">\n<p>In Teoresi siamo attenti ad applicare gli standard internazionali pi\u00f9 evoluti nello svolgimento del nostro lavoro e nella gestione dei nostri progetti: \u00e8 nella nostra attitudine, \u00e8 la nostra prassi., \u00e8 quello che ci permette di essere scelti dalle pi\u00f9 grandi aziende e essere riconosciuti partner attendibili a livello globale.<\/p>\n\n\n\n<p>Oltre ad aver acquisito le certificazioni relative al Sistema di gestione per la Qualit\u00e0 e al Sistema di gestione della Sicurezza delle Informazioni, siamo sempre proattivi nell\u2019adeguare i nostri processi agli standard specifici degli ambiti in cui operiamo e, spesso, la nostra attitudine \u00e8 stata premiata dall\u2019esito favorevole degli assessment condotti sia dai clienti che da terze parti.&nbsp;<\/p>\n\n\n\n<p>Crediamo che le certificazioni che abbiamo ottenuto e mantenuto nel tempo, unite alle nostre capacit\u00e0 e competenze, siano un valore aggiunto per i nostri clienti, ma crediamo che lo siano ancora di pi\u00f9 se unite alle nostre scelte etiche e alla professionalit\u00e0 e affidabilit\u00e0 di ogni persona di Teoresi.<\/p>\n<\/div>\n<\/div>\n\n\n\r\n\t<div class=\"row sezione align-center\">\r\n\t\t<div class=\"column small-12\">\r\n\t\t\t\t\t<!-- \/\/\/\/\/\/\/\/\/ Slider Posts \/\/\/\/\/\/\/\/\/ -->\r\n\t\t<div id=\"block_956b859e485ac212ad0be0a94985c15f\" class=\"hero-slider  certifications-slider pt-2\">\r\n\r\n\t\t\t<div class=\"swiper-container block_956b859e485ac212ad0be0a94985c15f swiper-controls-outside pr-16\">\r\n\r\n\t\t\t\t<div class=\"swiper-wrapper\">\r\n\r\n\t\t\t\t\t<div class=\"swiper-slide\">\n<a class=\"modal-post-open\" data-post-id=\"25965\" data-action-name=\"modal_post_opener\" data-template-name=\"modal-certification\" data-animation-in=\"slide-on-from-right\" data-animation-out=\"slide-off-from-right\" data-modal-container-class=\"\" href=\"https:\/\/teoresi.sixeleven.it\/it\/certification\/en-9100\/\">\n\t<div class=\"certification flex flex-wrap flex-direction-column align-middle align-center small-ratio-32 text-center bg-grey-lightest mt-4 ml-4 mb-4 mr-4\" style=\"border:none;\">\n\t\t<div class=\"absolute align-self-xy w-75 lh-11\">\n\t\t\t<span class=\"title block mb-1 color-grey-dark fs-xsmall fw-400\">Certification<\/span>\n\t\t\t<span class=\"title block fs-h5 color-grey-darkest mb-0\">EN 9100<\/span>\n\t\t<\/div>\n\t<\/div>\n<\/a>\n<\/div><div class=\"swiper-slide\">\n<a class=\"modal-post-open\" data-post-id=\"12581\" data-action-name=\"modal_post_opener\" data-template-name=\"modal-certification\" data-animation-in=\"slide-on-from-right\" data-animation-out=\"slide-off-from-right\" data-modal-container-class=\"\" href=\"https:\/\/teoresi.sixeleven.it\/it\/certification\/iso-90012015\/\">\n\t<div class=\"certification flex flex-wrap flex-direction-column align-middle align-center small-ratio-32 text-center bg-grey-lightest mt-4 ml-4 mb-4 mr-4\" style=\"border:none;\">\n\t\t<div class=\"absolute align-self-xy w-75 lh-11\">\n\t\t\t<span class=\"title block mb-1 color-grey-dark fs-xsmall fw-400\">Certification<\/span>\n\t\t\t<span class=\"title block fs-h5 color-grey-darkest mb-0\">ISO 9001<\/span>\n\t\t<\/div>\n\t<\/div>\n<\/a>\n<\/div><div class=\"swiper-slide\">\n<a class=\"modal-post-open\" data-post-id=\"12583\" data-action-name=\"modal_post_opener\" data-template-name=\"modal-certification\" data-animation-in=\"slide-on-from-right\" data-animation-out=\"slide-off-from-right\" data-modal-container-class=\"\" href=\"https:\/\/teoresi.sixeleven.it\/it\/certification\/iso-iec-270012017\/\">\n\t<div class=\"certification flex flex-wrap flex-direction-column align-middle align-center small-ratio-32 text-center bg-grey-lightest mt-4 ml-4 mb-4 mr-4\" style=\"border:none;\">\n\t\t<div class=\"absolute align-self-xy w-75 lh-11\">\n\t\t\t<span class=\"title block mb-1 color-grey-dark fs-xsmall fw-400\">Certification<\/span>\n\t\t\t<span class=\"title block fs-h5 color-grey-darkest mb-0\">ISO\/IEC 27001<\/span>\n\t\t<\/div>\n\t<\/div>\n<\/a>\n<\/div><div class=\"swiper-slide\">\n<a class=\"modal-post-open\" data-post-id=\"31482\" data-action-name=\"modal_post_opener\" data-template-name=\"modal-certification\" data-animation-in=\"slide-on-from-right\" data-animation-out=\"slide-off-from-right\" data-modal-container-class=\"\" href=\"https:\/\/teoresi.sixeleven.it\/it\/certification\/iso-13485\/\">\n\t<div class=\"certification flex flex-wrap flex-direction-column align-middle align-center small-ratio-32 text-center bg-grey-lightest mt-4 ml-4 mb-4 mr-4\" style=\"border:none;\">\n\t\t<div class=\"absolute align-self-xy w-75 lh-11\">\n\t\t\t<span class=\"title block mb-1 color-grey-dark fs-xsmall fw-400\">Certification<\/span>\n\t\t\t<span class=\"title block fs-h5 color-grey-darkest mb-0\">ISO 13485<\/span>\n\t\t<\/div>\n\t<\/div>\n<\/a>\n<\/div><div class=\"swiper-slide\">\n<a class=\"modal-post-open\" data-post-id=\"12588\" data-action-name=\"modal_post_opener\" data-template-name=\"modal-certification\" data-animation-in=\"slide-on-from-right\" data-animation-out=\"slide-off-from-right\" data-modal-container-class=\"\" href=\"https:\/\/teoresi.sixeleven.it\/it\/certification\/tisax\/\">\n\t<div class=\"certification flex flex-wrap flex-direction-column align-middle align-center small-ratio-32 text-center bg-grey-lightest mt-4 ml-4 mb-4 mr-4\" style=\"border:none;\">\n\t\t<div class=\"absolute align-self-xy w-75 lh-11\">\n\t\t\t<span class=\"title block mb-1 color-grey-dark fs-xsmall fw-400\">Certification<\/span>\n\t\t\t<span class=\"title block fs-h5 color-grey-darkest mb-0\">TISAX<\/span>\n\t\t<\/div>\n\t<\/div>\n<\/a>\n<\/div><div class=\"swiper-slide\">\n<a class=\"modal-post-open\" data-post-id=\"12590\" data-action-name=\"modal_post_opener\" data-template-name=\"modal-certification\" data-animation-in=\"slide-on-from-right\" data-animation-out=\"slide-off-from-right\" data-modal-container-class=\"\" href=\"https:\/\/teoresi.sixeleven.it\/it\/certification\/automotive-spice\/\">\n\t<div class=\"certification flex flex-wrap flex-direction-column align-middle align-center small-ratio-32 text-center bg-grey-lightest mt-4 ml-4 mb-4 mr-4\" style=\"border:none;\">\n\t\t<div class=\"absolute align-self-xy w-75 lh-11\">\n\t\t\t<span class=\"title block mb-1 color-grey-dark fs-xsmall fw-400\">Certification<\/span>\n\t\t\t<span class=\"title block fs-h5 color-grey-darkest mb-0\">Automotive SPICE<\/span>\n\t\t<\/div>\n\t<\/div>\n<\/a>\n<\/div>\t\t\t\t<\/div>\r\n\r\n\t\t\t\t\t\t\t\t\t<div class=\"swiper-pagination\"><\/div>\r\n\t\t\t\t\r\n\t\t\t\t\t\t\t\t\t<div class=\"swiper-button-next\"><\/div>\r\n\t\t\t\t\t<div class=\"swiper-button-prev\"><\/div>\r\n\t\t\t\t\r\n\t\t\t<\/div>\r\n\r\n\t\t<\/div>\r\n\r\n\t\t<script>\r\n\t\t\t\/* swiper slider post *\/\r\n\t\t\tvar block_956b859e485ac212ad0be0a94985c15f = new Swiper('.block_956b859e485ac212ad0be0a94985c15f', {\r\n\t\t\t\tpreloadImages: false,\r\n\t\t\t\tlazy: false,\r\n\t\t\t\tgrabCursor: true,\r\n\t\t\t\tautoplay: false,\r\n\t\t\t\tloop: false,\r\n\t\t\t\tcenteredSlidesBounds: false,\r\n\t\t\t\tcenteredSlides: false,\r\n\t\t\t\tcenterInsufficientSlides: false,\r\n\t\t\t\tslidesOffsetBefore: 0,\r\n\t\t\t\tslidesOffsetAfter: 0,\r\n\t\t\t\tfreeMode: false,\r\n\t\t\t\tspeed: 300,\r\n\t\t\t\t\/* watchOverflow: true, *\/\r\n\t\t\t\t\/* freeMode: true, *\/\r\n\t\t\t\tslidesPerView: 1,\r\n\t\t\t\tspaceBetween: 0,\r\n\t\t\t\tpagination: {\r\n\t\t\t\t\tel: '.swiper-pagination',\r\n\t\t\t\t\tclickable: 'true',\r\n\t\t\t\t\tdynamicBullets: false,\r\n\t\t\t\t\tdynamicMainBullets: 5,\r\n\t\t\t\t},\r\n\t\t\t\tnavigation: {\r\n\t\t\t\t\tnextEl: '.swiper-button-next',\r\n\t\t\t\t\tprevEl: '.swiper-button-prev',\r\n\t\t\t\t},\r\n\t\t\t\tbreakpoints: {\r\n\t\t\t\t\t\t\t\t\t\t\t300: {\r\n\t\t\t\t\t\t\tslidesPerView: 1,\r\n\t\t\t\t\t\t\t\/\/ slidesPerGroup: 1,\r\n\t\t\t\t\t\t},\r\n\t\t\t\t\t\t\t\t\t\t\t320: {\r\n\t\t\t\t\t\t\tslidesPerView: 1,\r\n\t\t\t\t\t\t\t\/\/ slidesPerGroup: 1,\r\n\t\t\t\t\t\t},\r\n\t\t\t\t\t\t\t\t\t\t\t640: {\r\n\t\t\t\t\t\t\tslidesPerView: 2,\r\n\t\t\t\t\t\t\t\/\/ slidesPerGroup: 2,\r\n\t\t\t\t\t\t},\r\n\t\t\t\t\t\t\t\t\t\t\t960: {\r\n\t\t\t\t\t\t\tslidesPerView: 3,\r\n\t\t\t\t\t\t\t\/\/ slidesPerGroup: 3,\r\n\t\t\t\t\t\t},\r\n\t\t\t\t\t\t\t\t\t\t\t1200: {\r\n\t\t\t\t\t\t\tslidesPerView: 3,\r\n\t\t\t\t\t\t\t\/\/ slidesPerGroup: 3,\r\n\t\t\t\t\t\t},\r\n\t\t\t\t\t\t\t\t\t}\r\n\r\n\t\t\t});\r\n\r\n\t\t\tblock_956b859e485ac212ad0be0a94985c15f.on('slideChange', function() {\r\n\t\t\t\t\/\/ console.log('slide changed');\r\n\t\t\t\tvar bLazy = new Blazy();\r\n\t\t\t\tbLazy.functionName(); \/\/ eg bLazy.revalidate()\r\n\t\t\t});\r\n\t\t<\/script>\r\n\t\t<\/div>\r\n\t<\/div>\r\n","protected":false},"excerpt":{"rendered":"<p class=\"excerpt\">In Teoresi siamo attenti ad applicare gli standard internazionali pi\u00f9 evoluti nello svolgimento del nostro lavoro e nella gestione dei nostri progetti: \u00e8 nella nostra attitudine, \u00e8 la nostra prassi., \u00e8 quello che ci permette di essere scelti dalle pi\u00f9 grandi aziende e essere riconosciuti partner attendibili a livello globale. Oltre ad aver acquisito le certificazioni relative al Sistema di&#8230;<\/p>\n","protected":false},"author":1,"featured_media":0,"parent":1790,"menu_order":0,"comment_status":"closed","ping_status":"closed","template":"","meta":{"_acf_changed":false,"footnotes":""},"class_list":["post-12576","page","type-page","status-publish","hentry"],"yoast_head":"<!-- This site is optimized with the Yoast SEO plugin v26.8 - https:\/\/yoast.com\/product\/yoast-seo-wordpress\/ -->\n<title>Our Certifications - Teoresi Group<\/title>\n<meta name=\"robots\" content=\"noindex, follow, max-snippet:-1, max-image-preview:large, max-video-preview:-1\" \/>\n<meta property=\"og:locale\" content=\"it_IT\" \/>\n<meta property=\"og:type\" content=\"article\" \/>\n<meta property=\"og:title\" content=\"Our Certifications - Teoresi Group\" \/>\n<meta property=\"og:description\" content=\"In Teoresi siamo attenti ad applicare gli standard internazionali pi\u00f9 evoluti nello svolgimento del nostro lavoro e nella gestione dei nostri progetti: \u00e8 nella nostra attitudine, \u00e8 la nostra prassi., \u00e8 quello che ci permette di essere scelti dalle pi\u00f9 grandi aziende e essere riconosciuti partner attendibili a livello globale. Oltre ad aver acquisito le certificazioni relative al Sistema di...\" \/>\n<meta property=\"og:url\" content=\"https:\/\/teoresi.sixeleven.it\/it\/about\/our-certifications\/\" \/>\n<meta property=\"og:site_name\" content=\"Teoresi Group\" \/>\n<meta property=\"article:publisher\" content=\"https:\/\/www.facebook.com\/pages\/Gruppo-Teoresi\/118393464917205\" \/>\n<meta property=\"article:modified_time\" content=\"2024-01-29T11:17:52+00:00\" \/>\n<meta property=\"og:image\" content=\"https:\/\/teoresi.sixeleven.it\/wp-content\/uploads\/2021\/02\/og-image.jpg\" \/>\n\t<meta property=\"og:image:width\" content=\"1200\" \/>\n\t<meta property=\"og:image:height\" content=\"630\" \/>\n\t<meta property=\"og:image:type\" content=\"image\/jpeg\" \/>\n<meta name=\"twitter:card\" content=\"summary_large_image\" \/>\n<script type=\"application\/ld+json\" class=\"yoast-schema-graph\">{\"@context\":\"https:\/\/schema.org\",\"@graph\":[{\"@type\":\"WebPage\",\"@id\":\"https:\/\/teoresi.sixeleven.it\/it\/about\/our-certifications\/\",\"url\":\"https:\/\/teoresi.sixeleven.it\/it\/about\/our-certifications\/\",\"name\":\"Our Certifications - Teoresi Group\",\"isPartOf\":{\"@id\":\"https:\/\/teoresi.sixeleven.it\/de\/#website\"},\"datePublished\":\"2021-12-02T11:57:51+00:00\",\"dateModified\":\"2024-01-29T11:17:52+00:00\",\"breadcrumb\":{\"@id\":\"https:\/\/teoresi.sixeleven.it\/it\/about\/our-certifications\/#breadcrumb\"},\"inLanguage\":\"it-IT\",\"potentialAction\":[{\"@type\":\"ReadAction\",\"target\":[\"https:\/\/teoresi.sixeleven.it\/it\/about\/our-certifications\/\"]}]},{\"@type\":\"BreadcrumbList\",\"@id\":\"https:\/\/teoresi.sixeleven.it\/it\/about\/our-certifications\/#breadcrumb\",\"itemListElement\":[{\"@type\":\"ListItem\",\"position\":1,\"name\":\"\",\"item\":\"https:\/\/teoresi.sixeleven.it\/it\/\"},{\"@type\":\"ListItem\",\"position\":2,\"name\":\"About us\",\"item\":\"https:\/\/teoresi.sixeleven.it\/it\/about\/\"},{\"@type\":\"ListItem\",\"position\":3,\"name\":\"Our Certifications\"}]},{\"@type\":\"WebSite\",\"@id\":\"https:\/\/teoresi.sixeleven.it\/de\/#website\",\"url\":\"https:\/\/teoresi.sixeleven.it\/de\/\",\"name\":\"Teoresi Group\",\"description\":\"Engineering for Human life.\",\"publisher\":{\"@id\":\"https:\/\/teoresi.sixeleven.it\/de\/#organization\"},\"potentialAction\":[{\"@type\":\"SearchAction\",\"target\":{\"@type\":\"EntryPoint\",\"urlTemplate\":\"https:\/\/teoresi.sixeleven.it\/de\/?s={search_term_string}\"},\"query-input\":{\"@type\":\"PropertyValueSpecification\",\"valueRequired\":true,\"valueName\":\"search_term_string\"}}],\"inLanguage\":\"it-IT\"},{\"@type\":\"Organization\",\"@id\":\"https:\/\/teoresi.sixeleven.it\/de\/#organization\",\"name\":\"Teoresi Group\",\"url\":\"https:\/\/teoresi.sixeleven.it\/de\/\",\"logo\":{\"@type\":\"ImageObject\",\"inLanguage\":\"it-IT\",\"@id\":\"https:\/\/teoresi.sixeleven.it\/de\/#\/schema\/logo\/image\/\",\"url\":\"https:\/\/www.teoresigroup.com\/wp-content\/uploads\/2020\/12\/teoresi-logo-color.svg\",\"contentUrl\":\"https:\/\/www.teoresigroup.com\/wp-content\/uploads\/2020\/12\/teoresi-logo-color.svg\",\"width\":1,\"height\":1,\"caption\":\"Teoresi Group\"},\"image\":{\"@id\":\"https:\/\/teoresi.sixeleven.it\/de\/#\/schema\/logo\/image\/\"},\"sameAs\":[\"https:\/\/www.facebook.com\/pages\/Gruppo-Teoresi\/118393464917205\",\"https:\/\/www.instagram.com\/teoresigroup\/\",\"https:\/\/www.linkedin.com\/company\/teoresigroup\/\",\"https:\/\/www.youtube.com\/channel\/UCNdBBSSax2EWPmFk5QzYP8Q\"]}]}<\/script>\n<!-- \/ Yoast SEO plugin. -->","yoast_head_json":{"title":"Our Certifications - Teoresi Group","robots":{"index":"noindex","follow":"follow","max-snippet":"max-snippet:-1","max-image-preview":"max-image-preview:large","max-video-preview":"max-video-preview:-1"},"og_locale":"it_IT","og_type":"article","og_title":"Our Certifications - Teoresi Group","og_description":"In Teoresi siamo attenti ad applicare gli standard internazionali pi\u00f9 evoluti nello svolgimento del nostro lavoro e nella gestione dei nostri progetti: \u00e8 nella nostra attitudine, \u00e8 la nostra prassi., \u00e8 quello che ci permette di essere scelti dalle pi\u00f9 grandi aziende e essere riconosciuti partner attendibili a livello globale. Oltre ad aver acquisito le certificazioni relative al Sistema di...","og_url":"https:\/\/teoresi.sixeleven.it\/it\/about\/our-certifications\/","og_site_name":"Teoresi Group","article_publisher":"https:\/\/www.facebook.com\/pages\/Gruppo-Teoresi\/118393464917205","article_modified_time":"2024-01-29T11:17:52+00:00","og_image":[{"width":1200,"height":630,"url":"https:\/\/teoresi.sixeleven.it\/wp-content\/uploads\/2021\/02\/og-image.jpg","type":"image\/jpeg"}],"twitter_card":"summary_large_image","schema":{"@context":"https:\/\/schema.org","@graph":[{"@type":"WebPage","@id":"https:\/\/teoresi.sixeleven.it\/it\/about\/our-certifications\/","url":"https:\/\/teoresi.sixeleven.it\/it\/about\/our-certifications\/","name":"Our Certifications - Teoresi Group","isPartOf":{"@id":"https:\/\/teoresi.sixeleven.it\/de\/#website"},"datePublished":"2021-12-02T11:57:51+00:00","dateModified":"2024-01-29T11:17:52+00:00","breadcrumb":{"@id":"https:\/\/teoresi.sixeleven.it\/it\/about\/our-certifications\/#breadcrumb"},"inLanguage":"it-IT","potentialAction":[{"@type":"ReadAction","target":["https:\/\/teoresi.sixeleven.it\/it\/about\/our-certifications\/"]}]},{"@type":"BreadcrumbList","@id":"https:\/\/teoresi.sixeleven.it\/it\/about\/our-certifications\/#breadcrumb","itemListElement":[{"@type":"ListItem","position":1,"name":"","item":"https:\/\/teoresi.sixeleven.it\/it\/"},{"@type":"ListItem","position":2,"name":"About us","item":"https:\/\/teoresi.sixeleven.it\/it\/about\/"},{"@type":"ListItem","position":3,"name":"Our Certifications"}]},{"@type":"WebSite","@id":"https:\/\/teoresi.sixeleven.it\/de\/#website","url":"https:\/\/teoresi.sixeleven.it\/de\/","name":"Teoresi Group","description":"Engineering for Human life.","publisher":{"@id":"https:\/\/teoresi.sixeleven.it\/de\/#organization"},"potentialAction":[{"@type":"SearchAction","target":{"@type":"EntryPoint","urlTemplate":"https:\/\/teoresi.sixeleven.it\/de\/?s={search_term_string}"},"query-input":{"@type":"PropertyValueSpecification","valueRequired":true,"valueName":"search_term_string"}}],"inLanguage":"it-IT"},{"@type":"Organization","@id":"https:\/\/teoresi.sixeleven.it\/de\/#organization","name":"Teoresi Group","url":"https:\/\/teoresi.sixeleven.it\/de\/","logo":{"@type":"ImageObject","inLanguage":"it-IT","@id":"https:\/\/teoresi.sixeleven.it\/de\/#\/schema\/logo\/image\/","url":"https:\/\/www.teoresigroup.com\/wp-content\/uploads\/2020\/12\/teoresi-logo-color.svg","contentUrl":"https:\/\/www.teoresigroup.com\/wp-content\/uploads\/2020\/12\/teoresi-logo-color.svg","width":1,"height":1,"caption":"Teoresi Group"},"image":{"@id":"https:\/\/teoresi.sixeleven.it\/de\/#\/schema\/logo\/image\/"},"sameAs":["https:\/\/www.facebook.com\/pages\/Gruppo-Teoresi\/118393464917205","https:\/\/www.instagram.com\/teoresigroup\/","https:\/\/www.linkedin.com\/company\/teoresigroup\/","https:\/\/www.youtube.com\/channel\/UCNdBBSSax2EWPmFk5QzYP8Q"]}]}},"acf":[],"_links":{"self":[{"href":"https:\/\/teoresi.sixeleven.it\/it\/wp-json\/wp\/v2\/pages\/12576","targetHints":{"allow":["GET"]}}],"collection":[{"href":"https:\/\/teoresi.sixeleven.it\/it\/wp-json\/wp\/v2\/pages"}],"about":[{"href":"https:\/\/teoresi.sixeleven.it\/it\/wp-json\/wp\/v2\/types\/page"}],"author":[{"embeddable":true,"href":"https:\/\/teoresi.sixeleven.it\/it\/wp-json\/wp\/v2\/users\/1"}],"replies":[{"embeddable":true,"href":"https:\/\/teoresi.sixeleven.it\/it\/wp-json\/wp\/v2\/comments?post=12576"}],"version-history":[{"count":17,"href":"https:\/\/teoresi.sixeleven.it\/it\/wp-json\/wp\/v2\/pages\/12576\/revisions"}],"predecessor-version":[{"id":31488,"href":"https:\/\/teoresi.sixeleven.it\/it\/wp-json\/wp\/v2\/pages\/12576\/revisions\/31488"}],"up":[{"embeddable":true,"href":"https:\/\/teoresi.sixeleven.it\/it\/wp-json\/wp\/v2\/pages\/1790"}],"wp:attachment":[{"href":"https:\/\/teoresi.sixeleven.it\/it\/wp-json\/wp\/v2\/media?parent=12576"}],"curies":[{"name":"wp","href":"https:\/\/api.w.org\/{rel}","templated":true}]}}