{"id":9100,"date":"2021-02-22T09:55:31","date_gmt":"2021-02-22T08:55:31","guid":{"rendered":"https:\/\/www.teoresigroup.com\/?page_id=9100"},"modified":"2022-09-16T12:36:12","modified_gmt":"2022-09-16T10:36:12","slug":"code-of-ethics","status":"publish","type":"page","link":"https:\/\/teoresi.sixeleven.it\/de\/code-of-ethics\/","title":{"rendered":"Code of Ethics"},"content":{"rendered":"\n    <div id=\"block_5fbb813fa93ea\" class=\"_block-titoli-sezione-h1 row sezione expanded bg-linear-01 isdark \">\n        <div class=\"row unexpanded\">\n            <div class=\"column small-12 medium-6\">\n\n                                                    <h1 class=\"title mb-0 dot-after\">\n                        Code of Ethics                    <\/h1>\n                                    \n            <\/div>\n        <\/div>\n    <\/div>\n\n\n\n\r\n    <span class=\"block p-8\">&nbsp;<\/span>\r\n\r\n\n\n\n<div class=\"wp-block-columns align-center row sezione\">\n<div class=\"wp-block-column\">\n<p class=\"wp-block-studio42-paragraph-lead lead text-none\">Ethik und die Verbundenheit mit einem\u00a0<strong>System gemeinsamer Prinzipien und Werte<\/strong>\u00a0pr\u00e4gt seit jeher die Arbeit der Teoresi Gruppe.<\/p>\n\n\n\n<p class=\"wp-block-studio42-paragraph text-none\">Angesichts der komplexen Umgebung, in der wir t\u00e4tig sind, m\u00f6chten wir diese Werte mit diesem Dokument in folgender Weise darlegen:\u00a0<strong>Der Ethikkodex umfasst die Gesamtheit der Grunds\u00e4tze, deren Einhaltung von fundamentaler Bedeutung f\u00fcr den ordnungsgem\u00e4\u00dfen Betrieb, die Zuverl\u00e4ssigkeit der F\u00fchrung und die Reputation der Teoresi Gruppe ist.<\/strong><\/p>\n<\/div>\n<\/div>\n\n\n\r\n    <span class=\"block p-8\">&nbsp;<\/span>\r\n\r\n\n\n\n<div class=\"wp-block-columns align-center row sezione\">\n<div class=\"wp-block-column column small-12 medium-5 large-4\">\n<p class=\"wp-block-studio42-paragraph text-center\"><\/p>\n\n\n        \r\n        <div id=\"block_5fbb7fc8a93e3\" class=\"attachments row sezione align-center\">\r\n\r\n            <div class=\"column small-12 medium-10 large-8\">\r\n\r\n                \r\n                     <a class=\"attachment flex align-middle p-3 mb-3 fs-p color-body\" href=\"https:\/\/teoresi.sixeleven.it\/wp-content\/uploads\/2022\/09\/teogr-cde-en-20220913.pdf\" target=\"_blank\" rel=\"nofollow noopener\" onclick=\"ga('send', 'event', 'Action-Link', 'Click', 'Englische Version herunterladen');\"><svg class=\"icon tg-download-outline width-8 mr-3 color-orange\" xmlns=\"http:\/\/www.w3.org\/2000\/svg\" viewBox=\"0 0 512 512\">\n        <path d=\"M336,176h40a40,40,0,0,1,40,40V424a40,40,0,0,1-40,40H136a40,40,0,0,1-40-40V216a40,40,0,0,1,40-40h40\" style=\"fill:none;stroke:#ea6a11;stroke-linecap:round;stroke-linejoin:round;stroke-width:32px\"\/>\n        <polyline points=\"176 272 256 352 336 272\" style=\"fill:none;stroke:#ea6a11;stroke-linecap:round;stroke-linejoin:round;stroke-width:32px\"\/>\n        <line x1=\"256\" y1=\"48\" x2=\"256\" y2=\"336\" style=\"fill:none;stroke:#ea6a11;stroke-linecap:round;stroke-linejoin:round;stroke-width:32px\"\/>\n        <\/svg>Englische Version herunterladen<\/a>\r\n                \r\n            <\/div>\r\n\r\n        <\/div>\r\n\r\n    \r\n<\/div>\n\n\n\n<div class=\"wp-block-column column small-12 medium-5 large-4\">\n<p class=\"wp-block-studio42-paragraph text-center\"><\/p>\n\n\n        \r\n        <div id=\"block_5fbb8060a93e6\" class=\"attachments row sezione align-center\">\r\n\r\n            <div class=\"column small-12 medium-10 large-8\">\r\n\r\n                \r\n                     <a class=\"attachment flex align-middle p-3 mb-3 fs-p color-body\" href=\"https:\/\/teoresi.sixeleven.it\/wp-content\/uploads\/2022\/09\/teogr-cde-it-20220913.pdf\" target=\"_blank\" rel=\"nofollow noopener\" onclick=\"ga('send', 'event', 'Action-Link', 'Click', 'Italienische Version herunterladen');\"><svg class=\"icon tg-download-outline width-8 mr-3 color-orange\" xmlns=\"http:\/\/www.w3.org\/2000\/svg\" viewBox=\"0 0 512 512\">\n        <path d=\"M336,176h40a40,40,0,0,1,40,40V424a40,40,0,0,1-40,40H136a40,40,0,0,1-40-40V216a40,40,0,0,1,40-40h40\" style=\"fill:none;stroke:#ea6a11;stroke-linecap:round;stroke-linejoin:round;stroke-width:32px\"\/>\n        <polyline points=\"176 272 256 352 336 272\" style=\"fill:none;stroke:#ea6a11;stroke-linecap:round;stroke-linejoin:round;stroke-width:32px\"\/>\n        <line x1=\"256\" y1=\"48\" x2=\"256\" y2=\"336\" style=\"fill:none;stroke:#ea6a11;stroke-linecap:round;stroke-linejoin:round;stroke-width:32px\"\/>\n        <\/svg>Italienische Version herunterladen<\/a>\r\n                \r\n            <\/div>\r\n\r\n        <\/div>\r\n\r\n    \r\n<\/div>\n<\/div>\n\n\n\r\n    <span class=\"block p-8\">&nbsp;<\/span>\r\n\r\n","protected":false},"excerpt":{"rendered":"","protected":false},"author":7,"featured_media":0,"parent":0,"menu_order":18,"comment_status":"closed","ping_status":"closed","template":"","meta":{"_acf_changed":false,"footnotes":""},"class_list":["post-9100","page","type-page","status-publish","hentry"],"yoast_head":"<!-- This site is optimized with the Yoast SEO plugin v26.8 - https:\/\/yoast.com\/product\/yoast-seo-wordpress\/ -->\n<title>Code of Ethics - Teoresi Group<\/title>\n<meta name=\"robots\" content=\"noindex, follow, max-snippet:-1, max-image-preview:large, max-video-preview:-1\" \/>\n<meta property=\"og:locale\" content=\"de_DE\" \/>\n<meta property=\"og:type\" content=\"article\" \/>\n<meta property=\"og:title\" content=\"Code of Ethics - Teoresi Group\" \/>\n<meta property=\"og:url\" content=\"https:\/\/teoresi.sixeleven.it\/code-of-ethics\/\" \/>\n<meta property=\"og:site_name\" content=\"Teoresi Group\" \/>\n<meta property=\"article:publisher\" content=\"https:\/\/www.facebook.com\/pages\/Gruppo-Teoresi\/118393464917205\" \/>\n<meta property=\"article:modified_time\" content=\"2022-09-16T10:36:12+00:00\" \/>\n<meta property=\"og:image\" content=\"https:\/\/teoresi.sixeleven.it\/wp-content\/uploads\/2021\/02\/og-image.jpg\" \/>\n\t<meta property=\"og:image:width\" content=\"1200\" \/>\n\t<meta property=\"og:image:height\" content=\"630\" \/>\n\t<meta property=\"og:image:type\" content=\"image\/jpeg\" \/>\n<meta name=\"twitter:card\" content=\"summary_large_image\" \/>\n<script type=\"application\/ld+json\" class=\"yoast-schema-graph\">{\"@context\":\"https:\/\/schema.org\",\"@graph\":[{\"@type\":\"WebPage\",\"@id\":\"https:\/\/teoresi.sixeleven.it\/code-of-ethics\/\",\"url\":\"https:\/\/teoresi.sixeleven.it\/code-of-ethics\/\",\"name\":\"Code of Ethics - Teoresi Group\",\"isPartOf\":{\"@id\":\"https:\/\/teoresi.sixeleven.it\/de\/#website\"},\"datePublished\":\"2021-02-22T08:55:31+00:00\",\"dateModified\":\"2022-09-16T10:36:12+00:00\",\"breadcrumb\":{\"@id\":\"https:\/\/teoresi.sixeleven.it\/code-of-ethics\/#breadcrumb\"},\"inLanguage\":\"de\",\"potentialAction\":[{\"@type\":\"ReadAction\",\"target\":[\"https:\/\/teoresi.sixeleven.it\/code-of-ethics\/\"]}]},{\"@type\":\"BreadcrumbList\",\"@id\":\"https:\/\/teoresi.sixeleven.it\/code-of-ethics\/#breadcrumb\",\"itemListElement\":[{\"@type\":\"ListItem\",\"position\":1,\"name\":\"\",\"item\":\"https:\/\/teoresi.sixeleven.it\/de\/\"},{\"@type\":\"ListItem\",\"position\":2,\"name\":\"Code of Ethics\"}]},{\"@type\":\"WebSite\",\"@id\":\"https:\/\/teoresi.sixeleven.it\/de\/#website\",\"url\":\"https:\/\/teoresi.sixeleven.it\/de\/\",\"name\":\"Teoresi Group\",\"description\":\"Engineering for Human life.\",\"publisher\":{\"@id\":\"https:\/\/teoresi.sixeleven.it\/de\/#organization\"},\"potentialAction\":[{\"@type\":\"SearchAction\",\"target\":{\"@type\":\"EntryPoint\",\"urlTemplate\":\"https:\/\/teoresi.sixeleven.it\/de\/?s={search_term_string}\"},\"query-input\":{\"@type\":\"PropertyValueSpecification\",\"valueRequired\":true,\"valueName\":\"search_term_string\"}}],\"inLanguage\":\"de\"},{\"@type\":\"Organization\",\"@id\":\"https:\/\/teoresi.sixeleven.it\/de\/#organization\",\"name\":\"Teoresi Group\",\"url\":\"https:\/\/teoresi.sixeleven.it\/de\/\",\"logo\":{\"@type\":\"ImageObject\",\"inLanguage\":\"de\",\"@id\":\"https:\/\/teoresi.sixeleven.it\/de\/#\/schema\/logo\/image\/\",\"url\":\"https:\/\/www.teoresigroup.com\/wp-content\/uploads\/2020\/12\/teoresi-logo-color.svg\",\"contentUrl\":\"https:\/\/www.teoresigroup.com\/wp-content\/uploads\/2020\/12\/teoresi-logo-color.svg\",\"width\":1,\"height\":1,\"caption\":\"Teoresi Group\"},\"image\":{\"@id\":\"https:\/\/teoresi.sixeleven.it\/de\/#\/schema\/logo\/image\/\"},\"sameAs\":[\"https:\/\/www.facebook.com\/pages\/Gruppo-Teoresi\/118393464917205\",\"https:\/\/www.instagram.com\/teoresigroup\/\",\"https:\/\/www.linkedin.com\/company\/teoresigroup\/\",\"https:\/\/www.youtube.com\/channel\/UCNdBBSSax2EWPmFk5QzYP8Q\"]}]}<\/script>\n<!-- \/ Yoast SEO plugin. -->","yoast_head_json":{"title":"Code of Ethics - Teoresi Group","robots":{"index":"noindex","follow":"follow","max-snippet":"max-snippet:-1","max-image-preview":"max-image-preview:large","max-video-preview":"max-video-preview:-1"},"og_locale":"de_DE","og_type":"article","og_title":"Code of Ethics - Teoresi Group","og_url":"https:\/\/teoresi.sixeleven.it\/code-of-ethics\/","og_site_name":"Teoresi Group","article_publisher":"https:\/\/www.facebook.com\/pages\/Gruppo-Teoresi\/118393464917205","article_modified_time":"2022-09-16T10:36:12+00:00","og_image":[{"width":1200,"height":630,"url":"https:\/\/teoresi.sixeleven.it\/wp-content\/uploads\/2021\/02\/og-image.jpg","type":"image\/jpeg"}],"twitter_card":"summary_large_image","schema":{"@context":"https:\/\/schema.org","@graph":[{"@type":"WebPage","@id":"https:\/\/teoresi.sixeleven.it\/code-of-ethics\/","url":"https:\/\/teoresi.sixeleven.it\/code-of-ethics\/","name":"Code of Ethics - Teoresi Group","isPartOf":{"@id":"https:\/\/teoresi.sixeleven.it\/de\/#website"},"datePublished":"2021-02-22T08:55:31+00:00","dateModified":"2022-09-16T10:36:12+00:00","breadcrumb":{"@id":"https:\/\/teoresi.sixeleven.it\/code-of-ethics\/#breadcrumb"},"inLanguage":"de","potentialAction":[{"@type":"ReadAction","target":["https:\/\/teoresi.sixeleven.it\/code-of-ethics\/"]}]},{"@type":"BreadcrumbList","@id":"https:\/\/teoresi.sixeleven.it\/code-of-ethics\/#breadcrumb","itemListElement":[{"@type":"ListItem","position":1,"name":"","item":"https:\/\/teoresi.sixeleven.it\/de\/"},{"@type":"ListItem","position":2,"name":"Code of Ethics"}]},{"@type":"WebSite","@id":"https:\/\/teoresi.sixeleven.it\/de\/#website","url":"https:\/\/teoresi.sixeleven.it\/de\/","name":"Teoresi Group","description":"Engineering for Human life.","publisher":{"@id":"https:\/\/teoresi.sixeleven.it\/de\/#organization"},"potentialAction":[{"@type":"SearchAction","target":{"@type":"EntryPoint","urlTemplate":"https:\/\/teoresi.sixeleven.it\/de\/?s={search_term_string}"},"query-input":{"@type":"PropertyValueSpecification","valueRequired":true,"valueName":"search_term_string"}}],"inLanguage":"de"},{"@type":"Organization","@id":"https:\/\/teoresi.sixeleven.it\/de\/#organization","name":"Teoresi Group","url":"https:\/\/teoresi.sixeleven.it\/de\/","logo":{"@type":"ImageObject","inLanguage":"de","@id":"https:\/\/teoresi.sixeleven.it\/de\/#\/schema\/logo\/image\/","url":"https:\/\/www.teoresigroup.com\/wp-content\/uploads\/2020\/12\/teoresi-logo-color.svg","contentUrl":"https:\/\/www.teoresigroup.com\/wp-content\/uploads\/2020\/12\/teoresi-logo-color.svg","width":1,"height":1,"caption":"Teoresi Group"},"image":{"@id":"https:\/\/teoresi.sixeleven.it\/de\/#\/schema\/logo\/image\/"},"sameAs":["https:\/\/www.facebook.com\/pages\/Gruppo-Teoresi\/118393464917205","https:\/\/www.instagram.com\/teoresigroup\/","https:\/\/www.linkedin.com\/company\/teoresigroup\/","https:\/\/www.youtube.com\/channel\/UCNdBBSSax2EWPmFk5QzYP8Q"]}]}},"acf":[],"_links":{"self":[{"href":"https:\/\/teoresi.sixeleven.it\/de\/wp-json\/wp\/v2\/pages\/9100","targetHints":{"allow":["GET"]}}],"collection":[{"href":"https:\/\/teoresi.sixeleven.it\/de\/wp-json\/wp\/v2\/pages"}],"about":[{"href":"https:\/\/teoresi.sixeleven.it\/de\/wp-json\/wp\/v2\/types\/page"}],"author":[{"embeddable":true,"href":"https:\/\/teoresi.sixeleven.it\/de\/wp-json\/wp\/v2\/users\/7"}],"replies":[{"embeddable":true,"href":"https:\/\/teoresi.sixeleven.it\/de\/wp-json\/wp\/v2\/comments?post=9100"}],"version-history":[{"count":4,"href":"https:\/\/teoresi.sixeleven.it\/de\/wp-json\/wp\/v2\/pages\/9100\/revisions"}],"predecessor-version":[{"id":19810,"href":"https:\/\/teoresi.sixeleven.it\/de\/wp-json\/wp\/v2\/pages\/9100\/revisions\/19810"}],"wp:attachment":[{"href":"https:\/\/teoresi.sixeleven.it\/de\/wp-json\/wp\/v2\/media?parent=9100"}],"curies":[{"name":"wp","href":"https:\/\/api.w.org\/{rel}","templated":true}]}}