{"id":7657,"date":"2020-10-09T11:46:29","date_gmt":"2020-10-09T09:46:29","guid":{"rendered":"https:\/\/www.teoresigroup.com\/about\/governance\/"},"modified":"2024-05-14T08:22:14","modified_gmt":"2024-05-14T06:22:14","slug":"governance","status":"publish","type":"page","link":"https:\/\/teoresi.sixeleven.it\/de\/about\/governance\/","title":{"rendered":"Governance"},"content":{"rendered":"\n\t\n\t\n\t\t<div id=\"block_57a538c368d9a2963bbe79ac3cc10477\" class=\"hero-image\">\n\t\t\t<div class=\"image-hero-container row expanded isdark\">\n\n\t\t\t\t\t\t\t\t\t<div class=\"top absolute z-10 pin-t pin-l xsmall-pt-4 xsmall-pl-4 small-pt-6 small-pl-6 pt-12 pl-12\">\n\t\t\t\t\t\t<span class=\"toptitle color-white title-line orange\">page<\/span>\n\t\t\t\t\t<\/div>\n\t\t\t\t\n\t\t\t\t<!-- Icona centrale per small -->\n\t\t\t\t<div class=\"hero-icon middle hide-for-medium absolute z-10 pin-l xsmall-pl-4 small-pl-6 pl-12\">\n\t\t\t\t\t\n\t\t\t\t<\/div>\n\n\t\t\t\t<!-- Blocco Icona + Titolo per medium-up -->\n\t\t\t\t<div class=\"bottom show-for-medium z-10 absolute pin-b pin-l xsmall-pb-4 xsmall-pl-4 pb-12 pl-12\">\n\n\t\t\t\t\t\n\t\t\t\t\t\t\t\t\t\t\t<h1 class=\"hero-title title mb-0 dot-after\">Corporate governance<\/h1>\n\t\t\t\t\t\t\t\t\t\t\n\t\t\t\t<\/div>\n\n\t\t\t\t\n\t\t\t\t\t\n\t\t\t\t\t<!-- Versione senza parallasse -->\n\t\t\t\t\t<div class=\"hero-bg bg-img b-lazy\" data-src = \"https:\/\/teoresi.sixeleven.it\/wp-content\/uploads\/2020\/10\/hero-governance-1.jpg\" ><\/div>\n\n\t\t\t\t\n\t\t\t\t<div class=\"hero-filter\"><\/div>\n\n\t\t\t<\/div>\n\t\t<\/div>\n\n\t\t<!-- Titolo fuori Hero per small -->\n\t\t<div class=\"row sezione hide-for-medium\">\n\n\t\t\t<div class=\"column\">\n\t\t\t\t\t\t\t\t\t<h1 class=\"hero-title title mb-0 dot-after\">Corporate governance<\/h1>\n\t\t\t\t\t\t\t\t\t\t\t<\/div>\n\n\t\t<\/div>\n\n\t\n\n\n\r\n    \r\n    <div id=\"block_9a9aafc61788bf4fb778e8e21d985a41\" class=\"breadcrumbs row sezione\">\r\n        <div class=\"column small-12 fs-xsmall\">\r\n            <span><span><a href=\"https:\/\/teoresi.sixeleven.it\/de\/\"><span class=\"tg-homepage-icon\"><\/span><\/a><\/span><\/span>        <\/div>\r\n    <\/div>\r\n\r\n\n\n\r\n    <span class=\"block p-8\">&nbsp;<\/span>\r\n\r\n\n\n\n<div class=\"wp-block-columns align-center row sezione\">\n<div class=\"wp-block-column column small-12 medium-10 large-8\">\n<p class=\"wp-block-studio42-paragraph text-none\">Absicht von Teoresi war es, ein <em>Corporate-Governance\u00a0<\/em>-System zu errichten, das im Einklang mit den nationalen und internationalen <em>Best Practices\u00a0<\/em> steht, sich an den Ma\u00dfst\u00e4ben f\u00fcr hervorragende Qualit\u00e4t, Transparenz und Gesetzm\u00e4\u00dfigkeit orientiert und auf die Durchf\u00fchrung komplexer Projekte und die Wertsch\u00f6pfung im Dienste aller seiner <em>Stakeholder<\/em> ausgerichtet ist.<\/p>\n\n\n<figure class=\"wp-block-figure \" style=\"\" data-url=\"https:\/\/teoresi.sixeleven.it\/wp-content\/uploads\/2023\/06\/diagram-2023.svg\" data-size=\"0x0\" ><img decoding=\"async\" class=\"b-lazy wp-block-image \" style=\"\" src=\"https:\/\/teoresi.sixeleven.it\/wp-content\/themes\/FoundationPress\/studio42\/img\/loader-full.svg\" itemprop=\"thumbnail\" data-src=\"https:\/\/teoresi.sixeleven.it\/wp-content\/uploads\/2023\/06\/diagram-2023.svg\" alt=\"diagram-2023\" width=\"100%\" height=\"100%\" \/><figcaption class=\"image-caption block\"><\/figcaption><\/figure>\n\n\n<p class=\"wp-block-studio42-paragraph text-none\"><\/p>\n<\/div>\n<\/div>\n\n\n\r\n    <span class=\"block p-8\">&nbsp;<\/span>\r\n\r\n\n\n\r\n    <div id=\"block_a204dbad657e000e163410da7c3aae2d\" class=\"row sezione mt-8 align-center\">\r\n        <div class=\"column small-12 medium-10 large-8 text-center\">\r\n                                        <span class=\"title h2 fw-700 mb-2\">Group structure<\/span>\r\n                                        <span class=\"subtitle h5 fw-400\">f\u00fcnf<\/span>\r\n                    <\/div>\r\n    <\/div>\r\n\r\n\n\n\n<div class=\"wp-block-columns align-center row sezione\">\n<div class=\"wp-block-column column small-12 medium-10 large-8\">\n<p>Teoresi S.p.A. ist eine unabh\u00e4ngige private Kapitalgesellschaft italienischen Rechts und kontrolliert eine Gruppe von f\u00fcnf weiteren Unternehmen, die unter Anwendung desselben Gesch\u00e4ftsmodells auf internationaler Ebene t\u00e4tig sind.<\/p>\n<\/div>\n<\/div>\n\n\n\n<div class=\"wp-block-columns row sezione\">\n<div class=\"wp-block-column column small-12\"><figure class=\"wp-block-figure full \" style=\"\" data-url=\"https:\/\/teoresi.sixeleven.it\/wp-content\/uploads\/2024\/05\/groupstructure-simple-2024-maggio.svg\" data-size=\"0x0\" ><img decoding=\"async\" class=\"b-lazy wp-block-image \" style=\"\" src=\"https:\/\/teoresi.sixeleven.it\/wp-content\/themes\/FoundationPress\/studio42\/img\/loader-full.svg\" itemprop=\"thumbnail\" data-src=\"https:\/\/teoresi.sixeleven.it\/wp-content\/uploads\/2024\/05\/groupstructure-simple-2024-maggio.svg\" alt=\"Teoresi Group Structure May 2024\" width=\"100%\" height=\"100%\" \/><figcaption class=\"image-caption block\"><\/figcaption><\/figure><\/div>\n<\/div>\n\n\n\r\n    <span class=\"block p-8\">&nbsp;<\/span>\r\n\r\n","protected":false},"excerpt":{"rendered":"<p class=\"excerpt\">Teoresi S.p.A. ist eine unabh\u00e4ngige private Kapitalgesellschaft italienischen Rechts und kontrolliert eine Gruppe von f\u00fcnf weiteren Unternehmen, die unter Anwendung desselben Gesch\u00e4ftsmodells auf internationaler Ebene t\u00e4tig sind.<\/p>\n","protected":false},"author":4,"featured_media":0,"parent":1789,"menu_order":21,"comment_status":"closed","ping_status":"closed","template":"","meta":{"_acf_changed":false,"footnotes":""},"class_list":["post-7657","page","type-page","status-publish","hentry"],"yoast_head":"<!-- This site is optimized with the Yoast SEO plugin v26.8 - https:\/\/yoast.com\/product\/yoast-seo-wordpress\/ -->\n<title>Governance - Teoresi Group<\/title>\n<meta name=\"robots\" content=\"noindex, follow, max-snippet:-1, max-image-preview:large, max-video-preview:-1\" \/>\n<meta property=\"og:locale\" content=\"de_DE\" \/>\n<meta property=\"og:type\" content=\"article\" \/>\n<meta property=\"og:title\" content=\"Governance - Teoresi Group\" \/>\n<meta property=\"og:description\" content=\"Teoresi S.p.A. ist eine unabh\u00e4ngige private Kapitalgesellschaft italienischen Rechts und kontrolliert eine Gruppe von f\u00fcnf weiteren Unternehmen, die unter Anwendung desselben Gesch\u00e4ftsmodells auf internationaler Ebene t\u00e4tig sind.\" \/>\n<meta property=\"og:url\" content=\"https:\/\/teoresi.sixeleven.it\/de\/about\/governance\/\" \/>\n<meta property=\"og:site_name\" content=\"Teoresi Group\" \/>\n<meta property=\"article:publisher\" content=\"https:\/\/www.facebook.com\/pages\/Gruppo-Teoresi\/118393464917205\" \/>\n<meta property=\"article:modified_time\" content=\"2024-05-14T06:22:14+00:00\" \/>\n<meta property=\"og:image\" content=\"https:\/\/www.teoresigroup.com\/wp-content\/uploads\/2023\/06\/diagram-2023.svg\" \/>\n<meta name=\"twitter:card\" content=\"summary_large_image\" \/>\n<script type=\"application\/ld+json\" class=\"yoast-schema-graph\">{\"@context\":\"https:\/\/schema.org\",\"@graph\":[{\"@type\":\"WebPage\",\"@id\":\"https:\/\/teoresi.sixeleven.it\/de\/about\/governance\/\",\"url\":\"https:\/\/teoresi.sixeleven.it\/de\/about\/governance\/\",\"name\":\"Governance - Teoresi Group\",\"isPartOf\":{\"@id\":\"https:\/\/teoresi.sixeleven.it\/de\/#website\"},\"primaryImageOfPage\":{\"@id\":\"https:\/\/teoresi.sixeleven.it\/de\/about\/governance\/#primaryimage\"},\"image\":{\"@id\":\"https:\/\/teoresi.sixeleven.it\/de\/about\/governance\/#primaryimage\"},\"thumbnailUrl\":\"https:\/\/www.teoresigroup.com\/wp-content\/uploads\/2023\/06\/diagram-2023.svg\",\"datePublished\":\"2020-10-09T09:46:29+00:00\",\"dateModified\":\"2024-05-14T06:22:14+00:00\",\"breadcrumb\":{\"@id\":\"https:\/\/teoresi.sixeleven.it\/de\/about\/governance\/#breadcrumb\"},\"inLanguage\":\"de\",\"potentialAction\":[{\"@type\":\"ReadAction\",\"target\":[\"https:\/\/teoresi.sixeleven.it\/de\/about\/governance\/\"]}]},{\"@type\":\"ImageObject\",\"inLanguage\":\"de\",\"@id\":\"https:\/\/teoresi.sixeleven.it\/de\/about\/governance\/#primaryimage\",\"url\":\"https:\/\/www.teoresigroup.com\/wp-content\/uploads\/2023\/06\/diagram-2023.svg\",\"contentUrl\":\"https:\/\/www.teoresigroup.com\/wp-content\/uploads\/2023\/06\/diagram-2023.svg\"},{\"@type\":\"BreadcrumbList\",\"@id\":\"https:\/\/teoresi.sixeleven.it\/de\/about\/governance\/#breadcrumb\",\"itemListElement\":[{\"@type\":\"ListItem\",\"position\":1,\"name\":\"\",\"item\":\"https:\/\/teoresi.sixeleven.it\/de\/\"},{\"@type\":\"ListItem\",\"position\":2,\"name\":\"About us\",\"item\":\"https:\/\/teoresi.sixeleven.it\/de\/about\/\"},{\"@type\":\"ListItem\",\"position\":3,\"name\":\"Governance\"}]},{\"@type\":\"WebSite\",\"@id\":\"https:\/\/teoresi.sixeleven.it\/de\/#website\",\"url\":\"https:\/\/teoresi.sixeleven.it\/de\/\",\"name\":\"Teoresi Group\",\"description\":\"Engineering for Human life.\",\"publisher\":{\"@id\":\"https:\/\/teoresi.sixeleven.it\/de\/#organization\"},\"potentialAction\":[{\"@type\":\"SearchAction\",\"target\":{\"@type\":\"EntryPoint\",\"urlTemplate\":\"https:\/\/teoresi.sixeleven.it\/de\/?s={search_term_string}\"},\"query-input\":{\"@type\":\"PropertyValueSpecification\",\"valueRequired\":true,\"valueName\":\"search_term_string\"}}],\"inLanguage\":\"de\"},{\"@type\":\"Organization\",\"@id\":\"https:\/\/teoresi.sixeleven.it\/de\/#organization\",\"name\":\"Teoresi Group\",\"url\":\"https:\/\/teoresi.sixeleven.it\/de\/\",\"logo\":{\"@type\":\"ImageObject\",\"inLanguage\":\"de\",\"@id\":\"https:\/\/teoresi.sixeleven.it\/de\/#\/schema\/logo\/image\/\",\"url\":\"https:\/\/www.teoresigroup.com\/wp-content\/uploads\/2020\/12\/teoresi-logo-color.svg\",\"contentUrl\":\"https:\/\/www.teoresigroup.com\/wp-content\/uploads\/2020\/12\/teoresi-logo-color.svg\",\"width\":1,\"height\":1,\"caption\":\"Teoresi Group\"},\"image\":{\"@id\":\"https:\/\/teoresi.sixeleven.it\/de\/#\/schema\/logo\/image\/\"},\"sameAs\":[\"https:\/\/www.facebook.com\/pages\/Gruppo-Teoresi\/118393464917205\",\"https:\/\/www.instagram.com\/teoresigroup\/\",\"https:\/\/www.linkedin.com\/company\/teoresigroup\/\",\"https:\/\/www.youtube.com\/channel\/UCNdBBSSax2EWPmFk5QzYP8Q\"]}]}<\/script>\n<!-- \/ Yoast SEO plugin. -->","yoast_head_json":{"title":"Governance - Teoresi Group","robots":{"index":"noindex","follow":"follow","max-snippet":"max-snippet:-1","max-image-preview":"max-image-preview:large","max-video-preview":"max-video-preview:-1"},"og_locale":"de_DE","og_type":"article","og_title":"Governance - Teoresi Group","og_description":"Teoresi S.p.A. ist eine unabh\u00e4ngige private Kapitalgesellschaft italienischen Rechts und kontrolliert eine Gruppe von f\u00fcnf weiteren Unternehmen, die unter Anwendung desselben Gesch\u00e4ftsmodells auf internationaler Ebene t\u00e4tig sind.","og_url":"https:\/\/teoresi.sixeleven.it\/de\/about\/governance\/","og_site_name":"Teoresi Group","article_publisher":"https:\/\/www.facebook.com\/pages\/Gruppo-Teoresi\/118393464917205","article_modified_time":"2024-05-14T06:22:14+00:00","og_image":[{"url":"https:\/\/www.teoresigroup.com\/wp-content\/uploads\/2023\/06\/diagram-2023.svg","type":"","width":"","height":""}],"twitter_card":"summary_large_image","schema":{"@context":"https:\/\/schema.org","@graph":[{"@type":"WebPage","@id":"https:\/\/teoresi.sixeleven.it\/de\/about\/governance\/","url":"https:\/\/teoresi.sixeleven.it\/de\/about\/governance\/","name":"Governance - Teoresi Group","isPartOf":{"@id":"https:\/\/teoresi.sixeleven.it\/de\/#website"},"primaryImageOfPage":{"@id":"https:\/\/teoresi.sixeleven.it\/de\/about\/governance\/#primaryimage"},"image":{"@id":"https:\/\/teoresi.sixeleven.it\/de\/about\/governance\/#primaryimage"},"thumbnailUrl":"https:\/\/www.teoresigroup.com\/wp-content\/uploads\/2023\/06\/diagram-2023.svg","datePublished":"2020-10-09T09:46:29+00:00","dateModified":"2024-05-14T06:22:14+00:00","breadcrumb":{"@id":"https:\/\/teoresi.sixeleven.it\/de\/about\/governance\/#breadcrumb"},"inLanguage":"de","potentialAction":[{"@type":"ReadAction","target":["https:\/\/teoresi.sixeleven.it\/de\/about\/governance\/"]}]},{"@type":"ImageObject","inLanguage":"de","@id":"https:\/\/teoresi.sixeleven.it\/de\/about\/governance\/#primaryimage","url":"https:\/\/www.teoresigroup.com\/wp-content\/uploads\/2023\/06\/diagram-2023.svg","contentUrl":"https:\/\/www.teoresigroup.com\/wp-content\/uploads\/2023\/06\/diagram-2023.svg"},{"@type":"BreadcrumbList","@id":"https:\/\/teoresi.sixeleven.it\/de\/about\/governance\/#breadcrumb","itemListElement":[{"@type":"ListItem","position":1,"name":"","item":"https:\/\/teoresi.sixeleven.it\/de\/"},{"@type":"ListItem","position":2,"name":"About us","item":"https:\/\/teoresi.sixeleven.it\/de\/about\/"},{"@type":"ListItem","position":3,"name":"Governance"}]},{"@type":"WebSite","@id":"https:\/\/teoresi.sixeleven.it\/de\/#website","url":"https:\/\/teoresi.sixeleven.it\/de\/","name":"Teoresi Group","description":"Engineering for Human life.","publisher":{"@id":"https:\/\/teoresi.sixeleven.it\/de\/#organization"},"potentialAction":[{"@type":"SearchAction","target":{"@type":"EntryPoint","urlTemplate":"https:\/\/teoresi.sixeleven.it\/de\/?s={search_term_string}"},"query-input":{"@type":"PropertyValueSpecification","valueRequired":true,"valueName":"search_term_string"}}],"inLanguage":"de"},{"@type":"Organization","@id":"https:\/\/teoresi.sixeleven.it\/de\/#organization","name":"Teoresi Group","url":"https:\/\/teoresi.sixeleven.it\/de\/","logo":{"@type":"ImageObject","inLanguage":"de","@id":"https:\/\/teoresi.sixeleven.it\/de\/#\/schema\/logo\/image\/","url":"https:\/\/www.teoresigroup.com\/wp-content\/uploads\/2020\/12\/teoresi-logo-color.svg","contentUrl":"https:\/\/www.teoresigroup.com\/wp-content\/uploads\/2020\/12\/teoresi-logo-color.svg","width":1,"height":1,"caption":"Teoresi Group"},"image":{"@id":"https:\/\/teoresi.sixeleven.it\/de\/#\/schema\/logo\/image\/"},"sameAs":["https:\/\/www.facebook.com\/pages\/Gruppo-Teoresi\/118393464917205","https:\/\/www.instagram.com\/teoresigroup\/","https:\/\/www.linkedin.com\/company\/teoresigroup\/","https:\/\/www.youtube.com\/channel\/UCNdBBSSax2EWPmFk5QzYP8Q"]}]}},"acf":[],"_links":{"self":[{"href":"https:\/\/teoresi.sixeleven.it\/de\/wp-json\/wp\/v2\/pages\/7657","targetHints":{"allow":["GET"]}}],"collection":[{"href":"https:\/\/teoresi.sixeleven.it\/de\/wp-json\/wp\/v2\/pages"}],"about":[{"href":"https:\/\/teoresi.sixeleven.it\/de\/wp-json\/wp\/v2\/types\/page"}],"author":[{"embeddable":true,"href":"https:\/\/teoresi.sixeleven.it\/de\/wp-json\/wp\/v2\/users\/4"}],"replies":[{"embeddable":true,"href":"https:\/\/teoresi.sixeleven.it\/de\/wp-json\/wp\/v2\/comments?post=7657"}],"version-history":[{"count":7,"href":"https:\/\/teoresi.sixeleven.it\/de\/wp-json\/wp\/v2\/pages\/7657\/revisions"}],"predecessor-version":[{"id":36057,"href":"https:\/\/teoresi.sixeleven.it\/de\/wp-json\/wp\/v2\/pages\/7657\/revisions\/36057"}],"up":[{"embeddable":true,"href":"https:\/\/teoresi.sixeleven.it\/de\/wp-json\/wp\/v2\/pages\/1789"}],"wp:attachment":[{"href":"https:\/\/teoresi.sixeleven.it\/de\/wp-json\/wp\/v2\/media?parent=7657"}],"curies":[{"name":"wp","href":"https:\/\/api.w.org\/{rel}","templated":true}]}}