{"id":6910,"date":"2020-10-12T15:21:05","date_gmt":"2020-10-12T13:21:05","guid":{"rendered":"https:\/\/www.teoresigroup.com\/thesis-and-internship\/"},"modified":"2022-05-02T14:33:03","modified_gmt":"2022-05-02T12:33:03","slug":"thesis-and-internship","status":"publish","type":"page","link":"https:\/\/teoresi.sixeleven.it\/de\/career\/thesis-and-internship\/","title":{"rendered":"Thesis and internship"},"content":{"rendered":"\n\t\n\t\n\t\t<div id=\"block_5f8456cb88c50\" class=\"hero-image\">\n\t\t\t<div class=\"image-hero-container row expanded isdark\">\n\n\t\t\t\t\t\t\t\t\t<div class=\"top absolute z-10 pin-t pin-l xsmall-pt-4 xsmall-pl-4 small-pt-6 small-pl-6 pt-12 pl-12\">\n\t\t\t\t\t\t<span class=\"toptitle color-white title-line orange\">page<\/span>\n\t\t\t\t\t<\/div>\n\t\t\t\t\n\t\t\t\t<!-- Icona centrale per small -->\n\t\t\t\t<div class=\"hero-icon middle hide-for-medium absolute z-10 pin-l xsmall-pl-4 small-pl-6 pl-12\">\n\t\t\t\t\t\n\t\t\t\t<\/div>\n\n\t\t\t\t<!-- Blocco Icona + Titolo per medium-up -->\n\t\t\t\t<div class=\"bottom show-for-medium z-10 absolute pin-b pin-l xsmall-pb-4 xsmall-pl-4 pb-12 pl-12\">\n\n\t\t\t\t\t\n\t\t\t\t\t\t\t\t\t\t\t<h1 class=\"hero-title title mb-0 dot-after\">All talents start somewhere<\/h1>\n\t\t\t\t\t\t\t\t\t\t\n\t\t\t\t<\/div>\n\n\t\t\t\t\n\t\t\t\t\t\n\t\t\t\t\t<!-- Versione senza parallasse -->\n\t\t\t\t\t<div class=\"hero-bg bg-img b-lazy\" data-src = \"https:\/\/teoresi.sixeleven.it\/wp-content\/uploads\/2020\/10\/hero-thesis.jpg\" ><\/div>\n\n\t\t\t\t\n\t\t\t\t<div class=\"hero-filter\"><\/div>\n\n\t\t\t<\/div>\n\t\t<\/div>\n\n\t\t<!-- Titolo fuori Hero per small -->\n\t\t<div class=\"row sezione hide-for-medium\">\n\n\t\t\t<div class=\"column\">\n\t\t\t\t\t\t\t\t\t<h1 class=\"hero-title title mb-0 dot-after\">All talents start somewhere<\/h1>\n\t\t\t\t\t\t\t\t\t\t\t<\/div>\n\n\t\t<\/div>\n\n\t\n\n\n\r\n    \r\n    <div id=\"block_5f96ea7ef83c3\" class=\"breadcrumbs row sezione\">\r\n        <div class=\"column small-12 fs-xsmall\">\r\n            <span><span><a href=\"https:\/\/teoresi.sixeleven.it\/de\/\"><span class=\"tg-homepage-icon\"><\/span><\/a><\/span><\/span>        <\/div>\r\n    <\/div>\r\n\r\n\n\n\r\n    <span class=\"block p-4\">&nbsp;<\/span>\r\n\r\n\n\n\n<div class=\"wp-block-columns align-center row sezione\">\n<div class=\"wp-block-column column small-12 medium-10 large-8\"><figure class=\"wp-block-figure center \" style=\"\" data-url=\"https:\/\/teoresi.sixeleven.it\/wp-content\/uploads\/2022\/03\/thesis-steps-horiz-mar2022-de.svg\" data-size=\"0x0\" ><img decoding=\"async\" class=\"b-lazy wp-block-image \" style=\"\" src=\"https:\/\/teoresi.sixeleven.it\/wp-content\/themes\/FoundationPress\/studio42\/img\/loader-full.svg\" itemprop=\"thumbnail\" data-src=\"https:\/\/teoresi.sixeleven.it\/wp-content\/uploads\/2022\/03\/thesis-steps-horiz-mar2022-de.svg\" alt=\"thesis-steps-horiz-mar2022-de\" width=\"802\" height=\"230\" \/><figcaption class=\"image-caption block\"><\/figcaption><\/figure>\n\n\r\n    <span class=\"block p-2\">&nbsp;<\/span>\r\n\r\n\n\n\n<p>Die Teilnahme am Programm <strong>ABSCHLUSSARBEIT&amp;PRAKTIKUM von TEORESI <\/strong>bietet Ihnen die Gelegenheit, mit innovativen Themen und Projekten mit hochtechnologischem Inhalt in Kontakt zu treten. Ihr Weg bei Teoresi f\u00fchrt Sie zu realen Projekten. Sie erhalten die Chance, sich an den konkreten T\u00e4tigkeiten zu erproben, die wir in unseren unserer Arbeitsgruppen ausf\u00fchren. So k\u00f6nnen Sie Ihre Kompetenzen auf dem Weg von der Hochschule in die Arbeitswelt erweitern.<\/p>\n\n\n\n<p><\/p>\n\n\n\n<p>Sie werden mit allen Beteiligten in Kontakt treten, die Sie unterst\u00fctzen und schulen: die Talent-Specialist, die Sie mit dem Unternehmen vertraut machen, die Branchenexperten, mit denen Sie Ihr Projekt definieren, die wissenschaftlichen Aspekte Ihrer Erfahrung erweitern, und die gesch\u00e4ftliche Seite lernen Sie durch unsere Manager kennen.<\/p>\n\n\n\n<p><\/p>\n\n\n\n<p>Unser Abschlussarbeit-und-Praktikum-Programm erm\u00f6glicht Ihnen:<\/p>\n\n\n\n<ul class=\"wp-block-list\"><li><strong>in engem Kontakt mit Expertenteams zu arbeiten<\/strong>, die sich hochkomplexen technologischen Herausforderungen widmen,<\/li><li><strong>gemeinsam mit uns zu entdecken, in welchem Bereich Sie Ihre Karriere entwickeln,<\/strong><\/li><li>die <strong>organisatorische Dynamik<\/strong>&nbsp;eines Unternehmens kennenzulernen, das in technologisch f\u00fchrenden Bereichen t\u00e4tig ist,<\/li><li>zu lernen, was es bedeutet, ein <strong>Projekt innerhalb eines Teams zu umzusetzen,<\/strong><\/li><li>vor Ort die M\u00f6glichkeit eines <strong>anschlie\u00dfenden Anstellungsvertrags zu erhalten.<\/strong><\/li><\/ul>\n\n\n\n<p><\/p>\n\n\n\n<h6 class=\"wp-block-studio42-h6 text-none\"><br\/>An wen richtet sich das Programm?<\/h6>\n\n\n\n<p>Die Teoresi Internships richten sich an junge Absolventen der Fakult\u00e4ten Ingenieurwissenschaften und Informatik.<br>Schlie\u00dfen Sie Ihren Studienplan mit einer Forschungsarbeit im Bereich der innovativen Technologien ab, in denen die Projekte von Teoresi angesiedelt sind. Ihnen stehen die besten Tutoren zur Verf\u00fcgung, mit denen Sie das Forschungsthema und die Merkmale Ihres Projekts festlegen k\u00f6nnen. Dar\u00fcber hinaus haben Sie die M\u00f6glichkeit, nach Ihrem Hochschulabschluss in das Unternehmen einzutreten.<\/p>\n\n\n\n<h6 class=\"wp-block-studio42-h6 text-none\">Wo findet das Programm statt?<\/h6>\n\n\n\n<p>Das Programm wird in den Niederlassungen der Teoresi Gruppe durchgef\u00fchrt.<\/p>\n\n\n\n<h6 class=\"wp-block-studio42-h6 text-none\">Wie nehme ich an dem Programm teil?<\/h6>\n\n\n\n<p>Schreiben Sie an <a href=\"mailto:job@teoresigroup.com?Subject=Thesis\/Internship%20request\"><strong><a href=\"mailto:thesisandinternships@teoresigroup.com\">thesisandinternships@teoresigroup.com<\/a><\/strong><\/a>, um Ihre Abschlussarbeit vorzuschlagen und n\u00e4her zu beschreiben, und pr\u00fcfen Sie mit uns, welches der beste Weg ist, um gemeinsam ans Ziel zu kommen.<\/p>\n<\/div>\n<\/div>\n\n\n\r\n\t\r\n\t\t<div class=\" text-center\">\r\n\r\n\t\t\t<a id=\"block_626fce36d3b94\" class=\"inline-flex button inline-block   \" href=\"https:\/\/job.teoresigroup.com\/?_sfm_job_type=Internship%20%2F%20Stage\" target=\"_blank\" rel=\"noopener nofollower\" onclick=\"gtag('event', 'click', {'event_category': 'Action-Link', 'event_label': '?_sfm_job_type=Internship%20%2F%20Stage'});\">\r\n\r\n\t\t\t\t\r\n\t\t\t\t<div class=\"text-wrapper \">\r\n\t\t\t\t\t\r\n\t\t\t\t\t\t\t\t\t\t\t<span class=\"title\">\r\n\t\t\t\t\t\t\t Entdecken Sie die verf\u00fcgbaren Abschussarbeits oder Praktikumsangebote\t\t\t\t\t\t<\/span>\r\n\t\t\t\t\t\r\n\t\t\t\t\t\t\t\t\t<\/div>\r\n\r\n\t\t\t<\/a>\r\n\r\n\t\t<\/div>\r\n\r\n\t\t<!-- <div class=\"text-center\">\r\n\t\t\t<a id=\"block_626fce36d3b94\" class=\" button inline-block  \" href=\"https:\/\/job.teoresigroup.com\/?_sfm_job_type=Internship%20%2F%20Stage\" target=\"_blank\" rel=\"noopener nofollower\" onclick=\"gtag('event', 'click', {'event_category': 'Action-Link', 'event_label': '?_sfm_job_type=Internship%20%2F%20Stage'});\" >\r\n\t\t\t\t Entdecken Sie die verf\u00fcgbaren Abschussarbeits oder Praktikumsangebote\t\t\t<\/a>\r\n\t\t<\/div> -->\r\n\r\n\t\t\r\n\n\n\r\n    <span class=\"block p-8\">&nbsp;<\/span>\r\n\r\n","protected":false},"excerpt":{"rendered":"<p class=\"excerpt\">Die Teilnahme am Programm ABSCHLUSSARBEIT&amp;PRAKTIKUM von TEORESI bietet Ihnen die Gelegenheit, mit innovativen Themen und Projekten mit hochtechnologischem Inhalt in Kontakt zu treten. Ihr Weg bei Teoresi f\u00fchrt Sie zu realen Projekten. Sie erhalten die Chance, sich an den konkreten T\u00e4tigkeiten zu erproben, die wir in unseren unserer Arbeitsgruppen ausf\u00fchren. So k\u00f6nnen Sie Ihre Kompetenzen auf dem Weg von der&#8230;<\/p>\n","protected":false},"author":4,"featured_media":0,"parent":7780,"menu_order":53,"comment_status":"closed","ping_status":"closed","template":"","meta":{"_acf_changed":false,"footnotes":""},"class_list":["post-6910","page","type-page","status-publish","hentry"],"yoast_head":"<!-- This site is optimized with the Yoast SEO plugin v26.8 - https:\/\/yoast.com\/product\/yoast-seo-wordpress\/ -->\n<title>Thesis and internship - Teoresi Group<\/title>\n<meta name=\"robots\" content=\"noindex, follow, max-snippet:-1, max-image-preview:large, max-video-preview:-1\" \/>\n<meta property=\"og:locale\" content=\"de_DE\" \/>\n<meta property=\"og:type\" content=\"article\" \/>\n<meta property=\"og:title\" content=\"Thesis and internship - Teoresi Group\" \/>\n<meta property=\"og:description\" content=\"Die Teilnahme am Programm ABSCHLUSSARBEIT&amp;PRAKTIKUM von TEORESI bietet Ihnen die Gelegenheit, mit innovativen Themen und Projekten mit hochtechnologischem Inhalt in Kontakt zu treten. Ihr Weg bei Teoresi f\u00fchrt Sie zu realen Projekten. Sie erhalten die Chance, sich an den konkreten T\u00e4tigkeiten zu erproben, die wir in unseren unserer Arbeitsgruppen ausf\u00fchren. So k\u00f6nnen Sie Ihre Kompetenzen auf dem Weg von der...\" \/>\n<meta property=\"og:url\" content=\"https:\/\/teoresi.sixeleven.it\/career\/thesis-and-internship\/\" \/>\n<meta property=\"og:site_name\" content=\"Teoresi Group\" \/>\n<meta property=\"article:publisher\" content=\"https:\/\/www.facebook.com\/pages\/Gruppo-Teoresi\/118393464917205\" \/>\n<meta property=\"article:modified_time\" content=\"2022-05-02T12:33:03+00:00\" \/>\n<meta property=\"og:image\" content=\"https:\/\/www.teoresigroup.com\/wp-content\/uploads\/2022\/03\/thesis-steps-horiz-mar2022-de.svg\" \/>\n<meta name=\"twitter:card\" content=\"summary_large_image\" \/>\n<script type=\"application\/ld+json\" class=\"yoast-schema-graph\">{\"@context\":\"https:\/\/schema.org\",\"@graph\":[{\"@type\":\"WebPage\",\"@id\":\"https:\/\/teoresi.sixeleven.it\/career\/thesis-and-internship\/\",\"url\":\"https:\/\/teoresi.sixeleven.it\/career\/thesis-and-internship\/\",\"name\":\"Thesis and internship - Teoresi Group\",\"isPartOf\":{\"@id\":\"https:\/\/teoresi.sixeleven.it\/de\/#website\"},\"primaryImageOfPage\":{\"@id\":\"https:\/\/teoresi.sixeleven.it\/career\/thesis-and-internship\/#primaryimage\"},\"image\":{\"@id\":\"https:\/\/teoresi.sixeleven.it\/career\/thesis-and-internship\/#primaryimage\"},\"thumbnailUrl\":\"https:\/\/www.teoresigroup.com\/wp-content\/uploads\/2022\/03\/thesis-steps-horiz-mar2022-de.svg\",\"datePublished\":\"2020-10-12T13:21:05+00:00\",\"dateModified\":\"2022-05-02T12:33:03+00:00\",\"breadcrumb\":{\"@id\":\"https:\/\/teoresi.sixeleven.it\/career\/thesis-and-internship\/#breadcrumb\"},\"inLanguage\":\"de\",\"potentialAction\":[{\"@type\":\"ReadAction\",\"target\":[\"https:\/\/teoresi.sixeleven.it\/career\/thesis-and-internship\/\"]}]},{\"@type\":\"ImageObject\",\"inLanguage\":\"de\",\"@id\":\"https:\/\/teoresi.sixeleven.it\/career\/thesis-and-internship\/#primaryimage\",\"url\":\"https:\/\/www.teoresigroup.com\/wp-content\/uploads\/2022\/03\/thesis-steps-horiz-mar2022-de.svg\",\"contentUrl\":\"https:\/\/www.teoresigroup.com\/wp-content\/uploads\/2022\/03\/thesis-steps-horiz-mar2022-de.svg\"},{\"@type\":\"BreadcrumbList\",\"@id\":\"https:\/\/teoresi.sixeleven.it\/career\/thesis-and-internship\/#breadcrumb\",\"itemListElement\":[{\"@type\":\"ListItem\",\"position\":1,\"name\":\"\",\"item\":\"https:\/\/teoresi.sixeleven.it\/de\/\"},{\"@type\":\"ListItem\",\"position\":2,\"name\":\"Career\",\"item\":\"https:\/\/teoresi.sixeleven.it\/career\/\"},{\"@type\":\"ListItem\",\"position\":3,\"name\":\"Thesis and internship\"}]},{\"@type\":\"WebSite\",\"@id\":\"https:\/\/teoresi.sixeleven.it\/de\/#website\",\"url\":\"https:\/\/teoresi.sixeleven.it\/de\/\",\"name\":\"Teoresi Group\",\"description\":\"Engineering for Human life.\",\"publisher\":{\"@id\":\"https:\/\/teoresi.sixeleven.it\/de\/#organization\"},\"potentialAction\":[{\"@type\":\"SearchAction\",\"target\":{\"@type\":\"EntryPoint\",\"urlTemplate\":\"https:\/\/teoresi.sixeleven.it\/de\/?s={search_term_string}\"},\"query-input\":{\"@type\":\"PropertyValueSpecification\",\"valueRequired\":true,\"valueName\":\"search_term_string\"}}],\"inLanguage\":\"de\"},{\"@type\":\"Organization\",\"@id\":\"https:\/\/teoresi.sixeleven.it\/de\/#organization\",\"name\":\"Teoresi Group\",\"url\":\"https:\/\/teoresi.sixeleven.it\/de\/\",\"logo\":{\"@type\":\"ImageObject\",\"inLanguage\":\"de\",\"@id\":\"https:\/\/teoresi.sixeleven.it\/de\/#\/schema\/logo\/image\/\",\"url\":\"https:\/\/www.teoresigroup.com\/wp-content\/uploads\/2020\/12\/teoresi-logo-color.svg\",\"contentUrl\":\"https:\/\/www.teoresigroup.com\/wp-content\/uploads\/2020\/12\/teoresi-logo-color.svg\",\"width\":1,\"height\":1,\"caption\":\"Teoresi Group\"},\"image\":{\"@id\":\"https:\/\/teoresi.sixeleven.it\/de\/#\/schema\/logo\/image\/\"},\"sameAs\":[\"https:\/\/www.facebook.com\/pages\/Gruppo-Teoresi\/118393464917205\",\"https:\/\/www.instagram.com\/teoresigroup\/\",\"https:\/\/www.linkedin.com\/company\/teoresigroup\/\",\"https:\/\/www.youtube.com\/channel\/UCNdBBSSax2EWPmFk5QzYP8Q\"]}]}<\/script>\n<!-- \/ Yoast SEO plugin. -->","yoast_head_json":{"title":"Thesis and internship - Teoresi Group","robots":{"index":"noindex","follow":"follow","max-snippet":"max-snippet:-1","max-image-preview":"max-image-preview:large","max-video-preview":"max-video-preview:-1"},"og_locale":"de_DE","og_type":"article","og_title":"Thesis and internship - Teoresi Group","og_description":"Die Teilnahme am Programm ABSCHLUSSARBEIT&amp;PRAKTIKUM von TEORESI bietet Ihnen die Gelegenheit, mit innovativen Themen und Projekten mit hochtechnologischem Inhalt in Kontakt zu treten. Ihr Weg bei Teoresi f\u00fchrt Sie zu realen Projekten. Sie erhalten die Chance, sich an den konkreten T\u00e4tigkeiten zu erproben, die wir in unseren unserer Arbeitsgruppen ausf\u00fchren. So k\u00f6nnen Sie Ihre Kompetenzen auf dem Weg von der...","og_url":"https:\/\/teoresi.sixeleven.it\/career\/thesis-and-internship\/","og_site_name":"Teoresi Group","article_publisher":"https:\/\/www.facebook.com\/pages\/Gruppo-Teoresi\/118393464917205","article_modified_time":"2022-05-02T12:33:03+00:00","og_image":[{"url":"https:\/\/www.teoresigroup.com\/wp-content\/uploads\/2022\/03\/thesis-steps-horiz-mar2022-de.svg","type":"","width":"","height":""}],"twitter_card":"summary_large_image","schema":{"@context":"https:\/\/schema.org","@graph":[{"@type":"WebPage","@id":"https:\/\/teoresi.sixeleven.it\/career\/thesis-and-internship\/","url":"https:\/\/teoresi.sixeleven.it\/career\/thesis-and-internship\/","name":"Thesis and internship - Teoresi Group","isPartOf":{"@id":"https:\/\/teoresi.sixeleven.it\/de\/#website"},"primaryImageOfPage":{"@id":"https:\/\/teoresi.sixeleven.it\/career\/thesis-and-internship\/#primaryimage"},"image":{"@id":"https:\/\/teoresi.sixeleven.it\/career\/thesis-and-internship\/#primaryimage"},"thumbnailUrl":"https:\/\/www.teoresigroup.com\/wp-content\/uploads\/2022\/03\/thesis-steps-horiz-mar2022-de.svg","datePublished":"2020-10-12T13:21:05+00:00","dateModified":"2022-05-02T12:33:03+00:00","breadcrumb":{"@id":"https:\/\/teoresi.sixeleven.it\/career\/thesis-and-internship\/#breadcrumb"},"inLanguage":"de","potentialAction":[{"@type":"ReadAction","target":["https:\/\/teoresi.sixeleven.it\/career\/thesis-and-internship\/"]}]},{"@type":"ImageObject","inLanguage":"de","@id":"https:\/\/teoresi.sixeleven.it\/career\/thesis-and-internship\/#primaryimage","url":"https:\/\/www.teoresigroup.com\/wp-content\/uploads\/2022\/03\/thesis-steps-horiz-mar2022-de.svg","contentUrl":"https:\/\/www.teoresigroup.com\/wp-content\/uploads\/2022\/03\/thesis-steps-horiz-mar2022-de.svg"},{"@type":"BreadcrumbList","@id":"https:\/\/teoresi.sixeleven.it\/career\/thesis-and-internship\/#breadcrumb","itemListElement":[{"@type":"ListItem","position":1,"name":"","item":"https:\/\/teoresi.sixeleven.it\/de\/"},{"@type":"ListItem","position":2,"name":"Career","item":"https:\/\/teoresi.sixeleven.it\/career\/"},{"@type":"ListItem","position":3,"name":"Thesis and internship"}]},{"@type":"WebSite","@id":"https:\/\/teoresi.sixeleven.it\/de\/#website","url":"https:\/\/teoresi.sixeleven.it\/de\/","name":"Teoresi Group","description":"Engineering for Human life.","publisher":{"@id":"https:\/\/teoresi.sixeleven.it\/de\/#organization"},"potentialAction":[{"@type":"SearchAction","target":{"@type":"EntryPoint","urlTemplate":"https:\/\/teoresi.sixeleven.it\/de\/?s={search_term_string}"},"query-input":{"@type":"PropertyValueSpecification","valueRequired":true,"valueName":"search_term_string"}}],"inLanguage":"de"},{"@type":"Organization","@id":"https:\/\/teoresi.sixeleven.it\/de\/#organization","name":"Teoresi Group","url":"https:\/\/teoresi.sixeleven.it\/de\/","logo":{"@type":"ImageObject","inLanguage":"de","@id":"https:\/\/teoresi.sixeleven.it\/de\/#\/schema\/logo\/image\/","url":"https:\/\/www.teoresigroup.com\/wp-content\/uploads\/2020\/12\/teoresi-logo-color.svg","contentUrl":"https:\/\/www.teoresigroup.com\/wp-content\/uploads\/2020\/12\/teoresi-logo-color.svg","width":1,"height":1,"caption":"Teoresi Group"},"image":{"@id":"https:\/\/teoresi.sixeleven.it\/de\/#\/schema\/logo\/image\/"},"sameAs":["https:\/\/www.facebook.com\/pages\/Gruppo-Teoresi\/118393464917205","https:\/\/www.instagram.com\/teoresigroup\/","https:\/\/www.linkedin.com\/company\/teoresigroup\/","https:\/\/www.youtube.com\/channel\/UCNdBBSSax2EWPmFk5QzYP8Q"]}]}},"acf":[],"_links":{"self":[{"href":"https:\/\/teoresi.sixeleven.it\/de\/wp-json\/wp\/v2\/pages\/6910","targetHints":{"allow":["GET"]}}],"collection":[{"href":"https:\/\/teoresi.sixeleven.it\/de\/wp-json\/wp\/v2\/pages"}],"about":[{"href":"https:\/\/teoresi.sixeleven.it\/de\/wp-json\/wp\/v2\/types\/page"}],"author":[{"embeddable":true,"href":"https:\/\/teoresi.sixeleven.it\/de\/wp-json\/wp\/v2\/users\/4"}],"replies":[{"embeddable":true,"href":"https:\/\/teoresi.sixeleven.it\/de\/wp-json\/wp\/v2\/comments?post=6910"}],"version-history":[{"count":9,"href":"https:\/\/teoresi.sixeleven.it\/de\/wp-json\/wp\/v2\/pages\/6910\/revisions"}],"predecessor-version":[{"id":14974,"href":"https:\/\/teoresi.sixeleven.it\/de\/wp-json\/wp\/v2\/pages\/6910\/revisions\/14974"}],"up":[{"embeddable":true,"href":"https:\/\/teoresi.sixeleven.it\/de\/wp-json\/wp\/v2\/pages\/7780"}],"wp:attachment":[{"href":"https:\/\/teoresi.sixeleven.it\/de\/wp-json\/wp\/v2\/media?parent=6910"}],"curies":[{"name":"wp","href":"https:\/\/api.w.org\/{rel}","templated":true}]}}