{"id":1789,"date":"2020-10-01T11:02:47","date_gmt":"2020-10-01T09:02:47","guid":{"rendered":"https:\/\/www.teoresigroup.com\/about\/"},"modified":"2025-06-03T18:02:16","modified_gmt":"2025-06-03T16:02:16","slug":"about","status":"publish","type":"page","link":"https:\/\/teoresi.sixeleven.it\/de\/about\/","title":{"rendered":"About us"},"content":{"rendered":"\n\t\n\t\n\t\t<div id=\"block_4e5e521723615e400796aa5f468c66c5\" class=\"hero-image\">\n\t\t\t<div class=\"image-hero-container row expanded isdark\">\n\n\t\t\t\t\t\t\t\t\t<div class=\"top absolute z-10 pin-t pin-l xsmall-pt-4 xsmall-pl-4 small-pt-6 small-pl-6 pt-12 pl-12\">\n\t\t\t\t\t\t<span class=\"toptitle color-white title-line orange\">page<\/span>\n\t\t\t\t\t<\/div>\n\t\t\t\t\n\t\t\t\t<!-- Icona centrale per small -->\n\t\t\t\t<div class=\"hero-icon middle hide-for-medium absolute z-10 pin-l xsmall-pl-4 small-pl-6 pl-12\">\n\t\t\t\t\t\n\t\t\t\t<\/div>\n\n\t\t\t\t<!-- Blocco Icona + Titolo per medium-up -->\n\t\t\t\t<div class=\"bottom show-for-medium z-10 absolute pin-b pin-l xsmall-pb-4 xsmall-pl-4 pb-12 pl-12\">\n\n\t\t\t\t\t\n\t\t\t\t\t\t\t\t\t\t\t<h1 class=\"hero-title title mb-0 dot-after\">About us<\/h1>\n\t\t\t\t\t\t\t\t\t\t\n\t\t\t\t<\/div>\n\n\t\t\t\t\n\t\t\t\t\t\n\t\t\t\t\t<!-- Versione senza parallasse -->\n\t\t\t\t\t<div class=\"hero-bg bg-img b-lazy\" data-src = \"https:\/\/teoresi.sixeleven.it\/wp-content\/uploads\/2025\/06\/hero-new-aboutus.jpg\" ><\/div>\n\n\t\t\t\t\n\t\t\t\t<div class=\"hero-filter\"><\/div>\n\n\t\t\t<\/div>\n\t\t<\/div>\n\n\t\t<!-- Titolo fuori Hero per small -->\n\t\t<div class=\"row sezione hide-for-medium\">\n\n\t\t\t<div class=\"column\">\n\t\t\t\t\t\t\t\t\t<h1 class=\"hero-title title mb-0 dot-after\">About us<\/h1>\n\t\t\t\t\t\t\t\t\t\t\t<\/div>\n\n\t\t<\/div>\n\n\t\n\n\n\r\n    \r\n    <div id=\"block_b8192b82b95ddcf44923e1d27942ca35\" class=\"breadcrumbs row sezione\">\r\n        <div class=\"column small-12 fs-xsmall\">\r\n            <span><span><a href=\"https:\/\/teoresi.sixeleven.it\/de\/\"><span class=\"tg-homepage-icon\"><\/span><\/a><\/span><\/span>        <\/div>\r\n    <\/div>\r\n\r\n\n\n\r\n    <span class=\"block p-8\">&nbsp;<\/span>\r\n\r\n\n\n\r\n    \r\n    <div id=\"block_2cd43041578fadfb957819915621d19f\" class=\"featured-content row sezione align-center mt-16 mb-16 bg-featured-content\">\r\n        <div class=\"column small-12 medium-8\">\r\n\r\n                            <span class=\"h3 text-center mb-8\">Teoresi, engineering for human life.<\/span>\r\n            \r\n                            <p class=\"\">Teoresi ist Ingenieurstechnik auf h\u00f6chstem Niveau. Wir bieten eine innovative Herangehensweise in enger Zusammenarbeit mit den Forschungs- und Entwicklungs-Abteilungen der gro\u00dfen Industrie-Unternehmen. Teoresi \u00fcbergibt &#8222;schl\u00fcsselfertige&#8220; L\u00f6sungen und beschleunigt so die Time-to-Market-Kapazit\u00e4t des Kunden.<\/p>\n<p class=\"\">Wir k\u00f6nnen in s\u00e4mtliche Projektphasen eingreifen, in die einzelnen Arbeitspakete oder in den &#8222;End to End&#8220;-Modus, von der Erhebung der Anforderungen bis zur Validierung.<\/p>\n<p class=\"\">Teoresi steht \u00fcberall da bereit, wo Innovation z\u00e4hlt. Das Unternehmen verfolgt die st\u00e4ndige Aktualisierung der technologischen Entwicklung und stellt Menschen und \u00f6kologische Nachhaltigkeit in den Mittelpunkt.<\/p>\n<div class=\"flex-video widescreen\"><iframe title=\"Valter Brasso - Be ready to change\" src=\"https:\/\/player.vimeo.com\/video\/393634043?dnt=1&amp;app_id=122963\" width=\"500\" height=\"281\" frameborder=\"0\" allow=\"autoplay; fullscreen; picture-in-picture; clipboard-write; encrypted-media\"><\/iframe><\/div>\n            \r\n        <\/div>\r\n    <\/div>\r\n\r\n\n\n<div id=\"block_b0382e1fe8668faedece16d7d38593ed\" class=\"motion-text mt-8 mb-8 pt-32 pb-32 overflow-hidden \">\r\n        <div class=\"motion-ltr\" data-paroller-factor=\"0.1\" data-paroller-type=\"foreground\"\r\n        data-paroller-direction=\"horizontal\" data-paroller-transition=\"transform .1s linear\">\r\n        <span class=\"block text-center fs-huge fw-300 color-primary lh-10 tracking-tight pl-8 pr-8 pb-4\">We are focused on <strong>generating opportunities<\/strong><\/span>\r\n    <\/div>\r\n    \r\n        <div class=\"motion-rtl\" data-paroller-factor=\"-0.1\" data-paroller-type=\"foreground\"\r\n        data-paroller-direction=\"horizontal\" data-paroller-transition=\"transform .1s linear\">\r\n        <span\r\n            class=\"block text-center fs-huge fw-300 color-grey lh-10 tracking-tight dot-after pl-8 pr-8\">for everyone\u2019s life<\/span>\r\n    <\/div>\r\n    <\/div>\r\n\r\n\n\n\t\t\r\n\t\t<div id=\"block_cc1132f8ee40ea3756b3bd7c9a13d668\" class=\"key-numbers row sezione collapse-16 expanded bg-grey-lightest text-center\">\r\n\r\n\t\t\t<div class=\"row unexpanded align-center small-up-2 medium-up-3 xlarge-up-5\">\r\n\r\n\t\t\t\t\r\n\t\t\t\t\t<div class=\"column\">\r\n\r\n\t\t\t\t\t\t\r\n\t\t\t\t\t\t\t<!-- Key Number corto -->\r\n\t\t\t\t\t\t\t<span class=\"key-number block fs-h1 fw-700 lh-10 color-orange opacity-0\">1 <\/span>\r\n\r\n\t\t\t\t\t\t\r\n\t\t\t\t\t\t<!-- Label numero -->\r\n\t\t\t\t\t\t\t\t\t\t\t\t\t<span class=\"title mt-2 fs-h5 fw-700 lh-10 color-primary\">Gruppe<\/span>\r\n\t\t\t\t\t\t\r\n\t\t\t\t\t\t<!-- Testo -->\r\n\t\t\t\t\t\t\t\t\t\t\t\t\t<p class=\"mt-4 lh-12\">Ein Partner, eine komplette L\u00f6sung<\/p>\r\n\t\t\t\t\t\t\r\n\t\t\t\t\t<\/div>\r\n\r\n\t\t\t\t\r\n\t\t\t\t\t<div class=\"column\">\r\n\r\n\t\t\t\t\t\t\r\n\t\t\t\t\t\t\t<!-- Key Number corto -->\r\n\t\t\t\t\t\t\t<span class=\"key-number block fs-h1 fw-700 lh-10 color-orange opacity-0\">6<\/span>\r\n\r\n\t\t\t\t\t\t\r\n\t\t\t\t\t\t<!-- Label numero -->\r\n\t\t\t\t\t\t\t\t\t\t\t\t\t<span class=\"title mt-2 fs-h5 fw-700 lh-10 color-primary\">Gesellschaften<\/span>\r\n\t\t\t\t\t\t\r\n\t\t\t\t\t\t<!-- Testo -->\r\n\t\t\t\t\t\t\t\t\t\t\t\t\t<p class=\"mt-4 lh-12\">in Italien, den Vereinigten Staaten, in Deutschland und der Schweiz<\/p>\r\n\t\t\t\t\t\t\r\n\t\t\t\t\t<\/div>\r\n\r\n\t\t\t\t\r\n\t\t\t\t\t<div class=\"column\">\r\n\r\n\t\t\t\t\t\t\r\n\t\t\t\t\t\t\t<!-- Key Number lungo -->\r\n\t\t\t\t\t\t\t<span class=\"key-number block fs-h2 fw-700 lh-10 color-orange opacity-0\">\u00fcber 35 <\/span>\r\n\r\n\t\t\t\t\t\t\r\n\t\t\t\t\t\t<!-- Label numero -->\r\n\t\t\t\t\t\t\t\t\t\t\t\t\t<span class=\"title mt-2 fs-h5 fw-700 lh-10 color-primary\">Jahre an Erfahrung<\/span>\r\n\t\t\t\t\t\t\r\n\t\t\t\t\t\t<!-- Testo -->\r\n\t\t\t\t\t\t\t\t\t\t\t\t\t<p class=\"mt-4 lh-12\">in unterschiedlichen Branchen<\/p>\r\n\t\t\t\t\t\t\r\n\t\t\t\t\t<\/div>\r\n\r\n\t\t\t\t\r\n\t\t\t<\/div>\r\n\r\n\t\t<\/div>\r\n\r\n\t\r\n\n\n\t\t<div id=\"block_b6e9e0d4c9af9c745e5cc4a898fa0d5c\" class=\"hero-image\">\r\n\t\t<div class=\"image-hero-container intermezzo row expanded isdark align-middle align-center \">\r\n\r\n\t\t\t<div class=\"hero-content column small-12 medium-9 large-7 text-center\">\r\n\r\n\t\t\t\t\r\n\t\t\t\t\r\n\t\t\t\t\t\t\t\t\t<span class=\"title h1 dot-after\">Unsere Vision<\/span>\r\n\t\t\t\t\t<span class=\"block\"><\/span>\r\n\t\t\t\t\r\n\t\t\t\t\r\n\t\t\t\t\t\t\t\t\t <a class=\"button white mt-8 mb-0\" href=\"https:\/\/www.teoresigroup.com\/de\/about\/our-vision\/\"  onclick=\"ga('send', 'event', 'Action-Link', 'hero tipo b', ' Weiterlesen');\">Weiterlesen<\/a><\/h3>\r\n\t\t\t\t\r\n\t\t\t<\/div>\r\n\r\n\t\t\t\r\n\t\t\t<div class=\"hero-bg bg-img b-lazy\" data-src = \"https:\/\/teoresi.sixeleven.it\/wp-content\/uploads\/2022\/09\/header-100.jpeg\"  data-paroller-factor=\"0.3\" data-paroller-type=\"background\" data-paroller-direction=\"vertical\" data-paroller-transition=\"transform .1s linear\"><\/div>\r\n\r\n\t\t\t<div class=\"hero-filter\"><\/div>\r\n\r\n\t\t<\/div>\r\n\t<\/div>\r\n\r\n\n\n\r\n    <span class=\"block p-8\">&nbsp;<\/span>\r\n\r\n\n\n\r\n    <div id=\"block_646237c893603308aba921114595b7e9\" class=\"row sezione mt-4 align-center\">\r\n        <div class=\"column small-12 medium-10 large-8 text-center\">\r\n                            <span class=\"toptitle fs-xsmall title-line right\">ZEITACHSE<\/span>\r\n                                        <span class=\"title h3 fw-700 mb-2 dot-after\">Wir haben von Beginn an Technologie erdacht<\/span>\r\n                                <\/div>\r\n    <\/div>\r\n\r\n\n\n\r\n\r\n\t<div id=\"block_a9710b68704ee84e950e60d0560ccbee\" class=\"row sezione align-center\">\r\n\t\t<div class=\"column small-12\">\r\n\t\t\t\t\t<!-- \/\/\/\/\/\/\/\/\/ Slider Posts \/\/\/\/\/\/\/\/\/ -->\r\n\t\t<div id=\"block_a9710b68704ee84e950e60d0560ccbee\" class=\"hero-slider  milestones-slider\">\r\n\r\n\t\t\t<div class=\"swiper-container block_a9710b68704ee84e950e60d0560ccbee swiper-controls-outside\">\r\n\r\n\t\t\t\t<div class=\"swiper-wrapper\">\r\n\r\n\t\t\t\t\t<div class=\"swiper-slide\">\r\n    <div id=\"block_5f2ac7e396d1d\" class=\"milestone column pr-16 pb-12 \">\r\n\r\n                    <span class=\"year title fs-huge fw-700 color-grey-lighter lh-10\">\r\n                1987            <\/span>\r\n                            <span class=\"what title fs-h3 fw-700 color-black lh-10\">Gr\u00fcndung<\/span>\r\n                            <p class=\"description mt-8\">In Turin entsteht Teoresi, eine Informatikberatungsgesellschaft, die sich in den ersten f\u00fcnfzehn Jahren ihrer Gesch\u00e4ftst\u00e4tigkeit auf den Verkauf von Software f\u00fcr wissenschaftliche Berechnung, modellbasierte Planung und virtuelle Prototypanfertigung von Grafikschnittstellen fokussiert. Dank der Zusammenarbeit mit den besten Unternehmen aus den USA f\u00fchrt Teoresi in Italien innovative Technologien ein und entwickelt starke Anwendungskompetenzen.<\/p>\r\n        \r\n    <\/div>\r\n\r\n<\/div><div class=\"swiper-slide\">\r\n    <div id=\"block_5f2ac84d1dce6\" class=\"milestone column pr-16 pb-12 \">\r\n\r\n                    <span class=\"year title fs-huge fw-700 color-grey-lighter lh-10\">\r\n                2002            <\/span>\r\n                            <span class=\"what title fs-h3 fw-700 color-black lh-10\">Beratung<\/span>\r\n                            <p class=\"description mt-8\">Teoresi ist Pionier des &#8222;modellbasierten Designs&#8220; f\u00fcr Planung, Simulation und Validierung von Systemen und betritt den Markt der ingenieurtechnischen Beratung mit Fokus auf die Automobilbranche und die Telekommunikation.<\/p>\r\n        \r\n    <\/div>\r\n\r\n<\/div><div class=\"swiper-slide\">\r\n    <div id=\"block_5f2ac87bbfbfa\" class=\"milestone column pr-16 pb-12 \">\r\n\r\n                    <span class=\"year title fs-huge fw-700 color-grey-lighter lh-10\">\r\n                2008            <\/span>\r\n                            <span class=\"what title fs-h3 fw-700 color-black lh-10\">Globalisierung<\/span>\r\n                            <p class=\"description mt-8\">Teoresi akkreditiert sich im Bereich der Ingenieurdienstleistungen und entwickelt mit der \u00d6ffnung neuer Niederlassungen in Italien und im Ausland ein internationales, stark branchen\u00fcbergreifendes Angebot. Die Teoresi Group entsteht.<\/p>\r\n        \r\n    <\/div>\r\n\r\n<\/div><div class=\"swiper-slide\">\r\n    <div id=\"block_5f8038cf03a5e\" class=\"milestone column pr-16 pb-12 \">\r\n\r\n                    <span class=\"year title fs-huge fw-700 color-grey-lighter lh-10\">\r\n                2017            <\/span>\r\n                            <span class=\"what title fs-h3 fw-700 color-black lh-10\">Bewusstheit<\/span>\r\n                            <p class=\"description mt-8\">Teoresi besch\u00e4ftigt \u00fcber 500 Mitarbeiter und feiert ihren drei\u00dfigsten Geburtstag. Mit Kunden in den wichtigsten Industriebranchen \u00f6ffnet Teoresi neue Niederlassungen in Deutschland und investiert in innovative Sektoren, wie dem der Elektrofahrzeuge und der IoT-Technologien.<\/p>\r\n        \r\n    <\/div>\r\n\r\n<\/div><div class=\"swiper-slide\">\r\n    <div id=\"block_5f80395d0d214\" class=\"milestone column pr-16 pb-12 \">\r\n\r\n                    <span class=\"year title fs-huge fw-700 color-grey-lighter lh-10\">\r\n                2020            <\/span>\r\n                            <span class=\"what title fs-h3 fw-700 color-black lh-10\">Neue Wege gehen<\/span>\r\n                            <p class=\"description mt-8\">Ein Entwicklungsplan, der auf internationales Wachstum und das Angebot von End-to-End-Dienstleistungen setzt. Teoresi st\u00e4rkt sein Gesch\u00e4ftsmodell mit einem Projekt-Ansatz, der Arbeitspakete und innovative L\u00f6sungen mit Mehrwert in den Vordergrund stellt. Dank neuer Methoden beim Projektmanagement wird das Wissensmanagement erweitert und neue Berufsbilder f\u00fcr jeden technologischen Bereich definiert.<\/p>\r\n        \r\n    <\/div>\r\n\r\n<\/div><div class=\"swiper-slide\">\r\n    <div id=\"block_d9d2de73ffd62011a2af557b0e7c0099\" class=\"milestone column pr-16 pb-12 \">\r\n\r\n                    <span class=\"year title fs-huge fw-700 color-grey-lighter lh-10\">\r\n                2023            <\/span>\r\n                            <span class=\"what title fs-h3 fw-700 color-black lh-10\">Synergy Unleashed<\/span>\r\n                            <p class=\"description mt-8\">Dank eines robusten organischen Wachstums hat Teoresi ein neues Kapitel aufgeschlagen: das Engagement f\u00fcr Innovation veranlasste die Gruppe, externe Wachstumsstrategien durch \u00dcbernahmen zu erkunden. Die Unternehmen, die jetzt zu unserer Gruppe geh\u00f6ren, teilen die Werte von Teoresi und intensivieren ihre St\u00e4rken, indem sie Synergie und Innovation f\u00f6rdern: HiFuture, BindingFuture, MediCon Ingegneria und IoT Solutions.<\/p>\r\n        \r\n    <\/div>\r\n\r\n<\/div>\t\t\t\t<\/div>\r\n\r\n\t\t\t\t\t\t\t\t\t<div class=\"swiper-pagination\"><\/div>\r\n\t\t\t\t\r\n\t\t\t\t\t\t\t\t\t<div class=\"swiper-button-next\"><\/div>\r\n\t\t\t\t\t<div class=\"swiper-button-prev\"><\/div>\r\n\t\t\t\t\r\n\t\t\t<\/div>\r\n\r\n\t\t<\/div>\r\n\r\n\t\t<script>\r\n\t\t\t\/* swiper slider post *\/\r\n\t\t\tvar block_a9710b68704ee84e950e60d0560ccbee = new Swiper('.block_a9710b68704ee84e950e60d0560ccbee', {\r\n\t\t\t\tpreloadImages: false,\r\n\t\t\t\tlazy: false,\r\n\t\t\t\tgrabCursor: true,\r\n\t\t\t\tautoplay: false,\r\n\t\t\t\tloop: false,\r\n\t\t\t\tcenteredSlidesBounds: false,\r\n\t\t\t\tcenteredSlides: false,\r\n\t\t\t\tcenterInsufficientSlides: false,\r\n\t\t\t\tslidesOffsetBefore: 0,\r\n\t\t\t\tslidesOffsetAfter: 0,\r\n\t\t\t\tfreeMode: false,\r\n\t\t\t\tspeed: 300,\r\n\t\t\t\t\/* watchOverflow: true, *\/\r\n\t\t\t\t\/* freeMode: true, *\/\r\n\t\t\t\tslidesPerView: 1,\r\n\t\t\t\tspaceBetween: 0,\r\n\t\t\t\tpagination: {\r\n\t\t\t\t\tel: '.swiper-pagination',\r\n\t\t\t\t\tclickable: 'true',\r\n\t\t\t\t\tdynamicBullets: false,\r\n\t\t\t\t\tdynamicMainBullets: 5,\r\n\t\t\t\t},\r\n\t\t\t\tnavigation: {\r\n\t\t\t\t\tnextEl: '.swiper-button-next',\r\n\t\t\t\t\tprevEl: '.swiper-button-prev',\r\n\t\t\t\t},\r\n\t\t\t\tbreakpoints: {\r\n\t\t\t\t\t\t\t\t\t\t\t300: {\r\n\t\t\t\t\t\t\tslidesPerView: 1,\r\n\t\t\t\t\t\t\t\/\/ slidesPerGroup: 1,\r\n\t\t\t\t\t\t},\r\n\t\t\t\t\t\t\t\t\t\t\t320: {\r\n\t\t\t\t\t\t\tslidesPerView: 1,\r\n\t\t\t\t\t\t\t\/\/ slidesPerGroup: 1,\r\n\t\t\t\t\t\t},\r\n\t\t\t\t\t\t\t\t\t\t\t640: {\r\n\t\t\t\t\t\t\tslidesPerView: 2,\r\n\t\t\t\t\t\t\t\/\/ slidesPerGroup: 2,\r\n\t\t\t\t\t\t},\r\n\t\t\t\t\t\t\t\t\t\t\t960: {\r\n\t\t\t\t\t\t\tslidesPerView: 3,\r\n\t\t\t\t\t\t\t\/\/ slidesPerGroup: 3,\r\n\t\t\t\t\t\t},\r\n\t\t\t\t\t\t\t\t\t\t\t1200: {\r\n\t\t\t\t\t\t\tslidesPerView: 3,\r\n\t\t\t\t\t\t\t\/\/ slidesPerGroup: 3,\r\n\t\t\t\t\t\t},\r\n\t\t\t\t\t\t\t\t\t}\r\n\r\n\t\t\t});\r\n\r\n\t\t\tblock_a9710b68704ee84e950e60d0560ccbee.on('slideChange', function() {\r\n\t\t\t\t\/\/ console.log('slide changed');\r\n\t\t\t\tvar bLazy = new Blazy();\r\n\t\t\t\tbLazy.functionName(); \/\/ eg bLazy.revalidate()\r\n\t\t\t});\r\n\t\t<\/script>\r\n\t\t<\/div>\r\n\t<\/div>\r\n\r\n\n\n\r\n    <span class=\"block p-4\">&nbsp;<\/span>\r\n\r\n\n\n\r\n    <span class=\"block p-2\">&nbsp;<\/span>\r\n\r\n\n\n\r\n    <span class=\"block p-2\">&nbsp;<\/span>\r\n\r\n\n\n\t\t<div id=\"block_3ec8c4cca5ddd79a5e12cfc47a42033a\" class=\"hero-image\">\r\n\t\t<div class=\"image-hero-container intermezzo row expanded isdark align-middle align-center \">\r\n\r\n\t\t\t<div class=\"hero-content column small-12 medium-9 large-7 text-center\">\r\n\r\n\t\t\t\t\r\n\t\t\t\t\r\n\t\t\t\t\t\t\t\t\t<span class=\"title h1 dot-after\">Innovation is about doing more good<\/span>\r\n\t\t\t\t\t<span class=\"block\"><\/span>\r\n\t\t\t\t\r\n\t\t\t\t\r\n\t\t\t\t\t\t\t\t\t <a class=\"button white mt-8 mb-0\" href=\"\/de\/about\/sustainability\/\"  onclick=\"ga('send', 'event', 'Action-Link', 'hero tipo b', 'Entdecken Sie unsere Nachhaltigkeitsprojekte');\">Entdecken Sie unsere Nachhaltigkeitsprojekte<\/a><\/h3>\r\n\t\t\t\t\r\n\t\t\t<\/div>\r\n\r\n\t\t\t\r\n\t\t\t<div class=\"hero-bg bg-img b-lazy\" data-src = \"https:\/\/teoresi.sixeleven.it\/wp-content\/uploads\/2020\/11\/hero-sustainability-banner-1.jpg\"  data-paroller-factor=\"0.3\" data-paroller-type=\"background\" data-paroller-direction=\"vertical\" data-paroller-transition=\"transform .1s linear\"><\/div>\r\n\r\n\t\t\t<div class=\"hero-filter\"><\/div>\r\n\r\n\t\t<\/div>\r\n\t<\/div>\r\n\r\n\n\n\r\n    <span class=\"block p-8\">&nbsp;<\/span>\r\n\r\n","protected":false},"excerpt":{"rendered":"","protected":false},"author":4,"featured_media":0,"parent":0,"menu_order":1,"comment_status":"closed","ping_status":"closed","template":"","meta":{"_acf_changed":false,"footnotes":""},"class_list":["post-1789","page","type-page","status-publish","hentry"],"yoast_head":"<!-- This site is optimized with the Yoast SEO plugin v26.8 - https:\/\/yoast.com\/product\/yoast-seo-wordpress\/ -->\n<title>About us - Teoresi Group<\/title>\n<meta name=\"robots\" content=\"noindex, follow, max-snippet:-1, max-image-preview:large, max-video-preview:-1\" \/>\n<meta property=\"og:locale\" content=\"de_DE\" \/>\n<meta property=\"og:type\" content=\"article\" \/>\n<meta property=\"og:title\" content=\"About us - Teoresi Group\" \/>\n<meta property=\"og:url\" content=\"https:\/\/teoresi.sixeleven.it\/de\/about\/\" \/>\n<meta property=\"og:site_name\" content=\"Teoresi Group\" \/>\n<meta property=\"article:publisher\" content=\"https:\/\/www.facebook.com\/pages\/Gruppo-Teoresi\/118393464917205\" \/>\n<meta property=\"article:modified_time\" content=\"2025-06-03T16:02:16+00:00\" \/>\n<meta property=\"og:image\" content=\"https:\/\/teoresi.sixeleven.it\/wp-content\/uploads\/2021\/02\/og-image.jpg\" \/>\n\t<meta property=\"og:image:width\" content=\"1200\" \/>\n\t<meta property=\"og:image:height\" content=\"630\" \/>\n\t<meta property=\"og:image:type\" content=\"image\/jpeg\" \/>\n<meta name=\"twitter:card\" content=\"summary_large_image\" \/>\n<script type=\"application\/ld+json\" class=\"yoast-schema-graph\">{\"@context\":\"https:\/\/schema.org\",\"@graph\":[{\"@type\":\"WebPage\",\"@id\":\"https:\/\/teoresi.sixeleven.it\/de\/about\/\",\"url\":\"https:\/\/teoresi.sixeleven.it\/de\/about\/\",\"name\":\"About us - Teoresi Group\",\"isPartOf\":{\"@id\":\"https:\/\/teoresi.sixeleven.it\/de\/#website\"},\"datePublished\":\"2020-10-01T09:02:47+00:00\",\"dateModified\":\"2025-06-03T16:02:16+00:00\",\"breadcrumb\":{\"@id\":\"https:\/\/teoresi.sixeleven.it\/de\/about\/#breadcrumb\"},\"inLanguage\":\"de\",\"potentialAction\":[{\"@type\":\"ReadAction\",\"target\":[\"https:\/\/teoresi.sixeleven.it\/de\/about\/\"]}]},{\"@type\":\"BreadcrumbList\",\"@id\":\"https:\/\/teoresi.sixeleven.it\/de\/about\/#breadcrumb\",\"itemListElement\":[{\"@type\":\"ListItem\",\"position\":1,\"name\":\"\",\"item\":\"https:\/\/teoresi.sixeleven.it\/de\/\"},{\"@type\":\"ListItem\",\"position\":2,\"name\":\"About us\"}]},{\"@type\":\"WebSite\",\"@id\":\"https:\/\/teoresi.sixeleven.it\/de\/#website\",\"url\":\"https:\/\/teoresi.sixeleven.it\/de\/\",\"name\":\"Teoresi Group\",\"description\":\"Engineering for Human life.\",\"publisher\":{\"@id\":\"https:\/\/teoresi.sixeleven.it\/de\/#organization\"},\"potentialAction\":[{\"@type\":\"SearchAction\",\"target\":{\"@type\":\"EntryPoint\",\"urlTemplate\":\"https:\/\/teoresi.sixeleven.it\/de\/?s={search_term_string}\"},\"query-input\":{\"@type\":\"PropertyValueSpecification\",\"valueRequired\":true,\"valueName\":\"search_term_string\"}}],\"inLanguage\":\"de\"},{\"@type\":\"Organization\",\"@id\":\"https:\/\/teoresi.sixeleven.it\/de\/#organization\",\"name\":\"Teoresi Group\",\"url\":\"https:\/\/teoresi.sixeleven.it\/de\/\",\"logo\":{\"@type\":\"ImageObject\",\"inLanguage\":\"de\",\"@id\":\"https:\/\/teoresi.sixeleven.it\/de\/#\/schema\/logo\/image\/\",\"url\":\"https:\/\/www.teoresigroup.com\/wp-content\/uploads\/2020\/12\/teoresi-logo-color.svg\",\"contentUrl\":\"https:\/\/www.teoresigroup.com\/wp-content\/uploads\/2020\/12\/teoresi-logo-color.svg\",\"width\":1,\"height\":1,\"caption\":\"Teoresi Group\"},\"image\":{\"@id\":\"https:\/\/teoresi.sixeleven.it\/de\/#\/schema\/logo\/image\/\"},\"sameAs\":[\"https:\/\/www.facebook.com\/pages\/Gruppo-Teoresi\/118393464917205\",\"https:\/\/www.instagram.com\/teoresigroup\/\",\"https:\/\/www.linkedin.com\/company\/teoresigroup\/\",\"https:\/\/www.youtube.com\/channel\/UCNdBBSSax2EWPmFk5QzYP8Q\"]}]}<\/script>\n<!-- \/ Yoast SEO plugin. -->","yoast_head_json":{"title":"About us - Teoresi Group","robots":{"index":"noindex","follow":"follow","max-snippet":"max-snippet:-1","max-image-preview":"max-image-preview:large","max-video-preview":"max-video-preview:-1"},"og_locale":"de_DE","og_type":"article","og_title":"About us - Teoresi Group","og_url":"https:\/\/teoresi.sixeleven.it\/de\/about\/","og_site_name":"Teoresi Group","article_publisher":"https:\/\/www.facebook.com\/pages\/Gruppo-Teoresi\/118393464917205","article_modified_time":"2025-06-03T16:02:16+00:00","og_image":[{"width":1200,"height":630,"url":"https:\/\/teoresi.sixeleven.it\/wp-content\/uploads\/2021\/02\/og-image.jpg","type":"image\/jpeg"}],"twitter_card":"summary_large_image","schema":{"@context":"https:\/\/schema.org","@graph":[{"@type":"WebPage","@id":"https:\/\/teoresi.sixeleven.it\/de\/about\/","url":"https:\/\/teoresi.sixeleven.it\/de\/about\/","name":"About us - Teoresi Group","isPartOf":{"@id":"https:\/\/teoresi.sixeleven.it\/de\/#website"},"datePublished":"2020-10-01T09:02:47+00:00","dateModified":"2025-06-03T16:02:16+00:00","breadcrumb":{"@id":"https:\/\/teoresi.sixeleven.it\/de\/about\/#breadcrumb"},"inLanguage":"de","potentialAction":[{"@type":"ReadAction","target":["https:\/\/teoresi.sixeleven.it\/de\/about\/"]}]},{"@type":"BreadcrumbList","@id":"https:\/\/teoresi.sixeleven.it\/de\/about\/#breadcrumb","itemListElement":[{"@type":"ListItem","position":1,"name":"","item":"https:\/\/teoresi.sixeleven.it\/de\/"},{"@type":"ListItem","position":2,"name":"About us"}]},{"@type":"WebSite","@id":"https:\/\/teoresi.sixeleven.it\/de\/#website","url":"https:\/\/teoresi.sixeleven.it\/de\/","name":"Teoresi Group","description":"Engineering for Human life.","publisher":{"@id":"https:\/\/teoresi.sixeleven.it\/de\/#organization"},"potentialAction":[{"@type":"SearchAction","target":{"@type":"EntryPoint","urlTemplate":"https:\/\/teoresi.sixeleven.it\/de\/?s={search_term_string}"},"query-input":{"@type":"PropertyValueSpecification","valueRequired":true,"valueName":"search_term_string"}}],"inLanguage":"de"},{"@type":"Organization","@id":"https:\/\/teoresi.sixeleven.it\/de\/#organization","name":"Teoresi Group","url":"https:\/\/teoresi.sixeleven.it\/de\/","logo":{"@type":"ImageObject","inLanguage":"de","@id":"https:\/\/teoresi.sixeleven.it\/de\/#\/schema\/logo\/image\/","url":"https:\/\/www.teoresigroup.com\/wp-content\/uploads\/2020\/12\/teoresi-logo-color.svg","contentUrl":"https:\/\/www.teoresigroup.com\/wp-content\/uploads\/2020\/12\/teoresi-logo-color.svg","width":1,"height":1,"caption":"Teoresi Group"},"image":{"@id":"https:\/\/teoresi.sixeleven.it\/de\/#\/schema\/logo\/image\/"},"sameAs":["https:\/\/www.facebook.com\/pages\/Gruppo-Teoresi\/118393464917205","https:\/\/www.instagram.com\/teoresigroup\/","https:\/\/www.linkedin.com\/company\/teoresigroup\/","https:\/\/www.youtube.com\/channel\/UCNdBBSSax2EWPmFk5QzYP8Q"]}]}},"acf":[],"_links":{"self":[{"href":"https:\/\/teoresi.sixeleven.it\/de\/wp-json\/wp\/v2\/pages\/1789","targetHints":{"allow":["GET"]}}],"collection":[{"href":"https:\/\/teoresi.sixeleven.it\/de\/wp-json\/wp\/v2\/pages"}],"about":[{"href":"https:\/\/teoresi.sixeleven.it\/de\/wp-json\/wp\/v2\/types\/page"}],"author":[{"embeddable":true,"href":"https:\/\/teoresi.sixeleven.it\/de\/wp-json\/wp\/v2\/users\/4"}],"replies":[{"embeddable":true,"href":"https:\/\/teoresi.sixeleven.it\/de\/wp-json\/wp\/v2\/comments?post=1789"}],"version-history":[{"count":29,"href":"https:\/\/teoresi.sixeleven.it\/de\/wp-json\/wp\/v2\/pages\/1789\/revisions"}],"predecessor-version":[{"id":44515,"href":"https:\/\/teoresi.sixeleven.it\/de\/wp-json\/wp\/v2\/pages\/1789\/revisions\/44515"}],"wp:attachment":[{"href":"https:\/\/teoresi.sixeleven.it\/de\/wp-json\/wp\/v2\/media?parent=1789"}],"curies":[{"name":"wp","href":"https:\/\/api.w.org\/{rel}","templated":true}]}}