{"id":17440,"date":"2022-07-22T16:34:18","date_gmt":"2022-07-22T14:34:18","guid":{"rendered":"https:\/\/www.teoresigroup.com\/our-vision\/"},"modified":"2022-09-19T13:59:17","modified_gmt":"2022-09-19T11:59:17","slug":"our-vision","status":"publish","type":"page","link":"https:\/\/teoresi.sixeleven.it\/de\/about\/our-vision\/","title":{"rendered":"Our Vision"},"content":{"rendered":"\n\t\n\t\n\t\t<div id=\"block_62c4664edfcd9\" class=\"hero-image\">\n\t\t\t<div class=\"image-hero-container row expanded isdark\">\n\n\t\t\t\t\t\t\t\t\t<div class=\"top absolute z-10 pin-t pin-l xsmall-pt-4 xsmall-pl-4 small-pt-6 small-pl-6 pt-12 pl-12\">\n\t\t\t\t\t\t<span class=\"toptitle color-white title-line orange\">page<\/span>\n\t\t\t\t\t<\/div>\n\t\t\t\t\n\t\t\t\t<!-- Icona centrale per small -->\n\t\t\t\t<div class=\"hero-icon middle hide-for-medium absolute z-10 pin-l xsmall-pl-4 small-pl-6 pl-12\">\n\t\t\t\t\t\n\t\t\t\t<\/div>\n\n\t\t\t\t<!-- Blocco Icona + Titolo per medium-up -->\n\t\t\t\t<div class=\"bottom show-for-medium z-10 absolute pin-b pin-l xsmall-pb-4 xsmall-pl-4 pb-12 pl-12\">\n\n\t\t\t\t\t\n\t\t\t\t\t\t\t\t\t\t\t<h1 class=\"hero-title title mb-0 dot-after\">Our Vision<\/h1>\n\t\t\t\t\t\t\t\t\t\t\n\t\t\t\t<\/div>\n\n\t\t\t\t\n\t\t\t\t\t\n\t\t\t\t\t<!-- Versione senza parallasse -->\n\t\t\t\t\t<div class=\"hero-bg bg-img b-lazy\" data-src = \"https:\/\/teoresi.sixeleven.it\/wp-content\/uploads\/2022\/08\/header-100.jpg\" ><\/div>\n\n\t\t\t\t\n\t\t\t\t<div class=\"hero-filter\"><\/div>\n\n\t\t\t<\/div>\n\t\t<\/div>\n\n\t\t<!-- Titolo fuori Hero per small -->\n\t\t<div class=\"row sezione hide-for-medium\">\n\n\t\t\t<div class=\"column\">\n\t\t\t\t\t\t\t\t\t<h1 class=\"hero-title title mb-0 dot-after\">Our Vision<\/h1>\n\t\t\t\t\t\t\t\t\t\t\t<\/div>\n\n\t\t<\/div>\n\n\t\n\n\n\r\n    \r\n    <div id=\"block_62cda14bc110b\" class=\"breadcrumbs row sezione\">\r\n        <div class=\"column small-12 fs-xsmall\">\r\n            <span><span><a href=\"https:\/\/teoresi.sixeleven.it\/de\/\"><span class=\"tg-homepage-icon\"><\/span><\/a><\/span><\/span>        <\/div>\r\n    <\/div>\r\n\r\n\n\n\r\n\t\r\n\t\r\n\t\t<div id=\"block_62cda167c110c\" class=\"storytelling-img  mt-16 pt-8 bg-grey-lightest expanded\">\r\n\r\n\t\t\t<div class=\"row unexpanded\">\r\n\r\n\t\t\t\t<div class=\"column small-12\">\r\n\r\n\t\t\t\t\t\t\t\t\t\t\t<div class=\"row row-storytelling-img sezione collapse-16 align-center align-middle\">\r\n\r\n\t\t\t\t\t\t\t<div class=\"image column small-12 medium-10 large-7 large-order-2\">\r\n\t\t\t\t\t\t\t\t<div class=\"bg-img b-lazy bg-cover small-ratio-32\" style=\"\" data-src=\"https:\/\/teoresi.sixeleven.it\/wp-content\/uploads\/2022\/08\/vision-02-640x480.jpg\" style=\"\" data-paroller-factor=\"0.1\" data-paroller-type=\"background\" data-paroller-direction=\"vertical\" data-paroller-transition=\"transform .1s linear\"><\/div>\t\t\t\t\t\t\t<\/div>\r\n\r\n\r\n\t\t\t\t\t\t\t<div class=\"content column small-12 medium-10 large-5 large-order-1\">\r\n\t\t\t\t\t\t\t\t<div class=\"mb-8\">\r\n\t\t\t\t\t\t\t\t\t\t\t\t\t\t\t\t\t\t\t<span class=\"toptitle fs-xsmall title-line right mb-2\">Vision<\/span>\r\n\t\t\t\t\t\t\t\t\t\t\t\t\t\t\t\t\t\t\t\t\t\t\t\t\t\t\t\t<span class=\"title h4 fw-700 color-orange mb-2\">We inspire innovative solutions for a brighter future through creativity and knowledge<\/span>\r\n\t\t\t\t\t\t\t\t\t\t\t\t\t\t\t\t\t\t\t\t\t\t\t\t\t\t<\/div>\r\n\r\n\t\t\t\t\t\t\t\t<p class=\"\">We believe in the result of the <strong>union of creative talent and the sound preparation<\/strong> of our collaborators: these are the winning instruments that make technology the bridge to the change and allow us to propose solutions that are a \u201cstep forward\u201d, anticipating future needs and trends for the <strong>benefit of human life<\/strong>.<\/p>\n\t\t\t\t\t\t\t<\/div>\r\n\r\n\t\t\t\t\t\t\t<div class=\"line column small-12 large-order-3 mb-0\">\r\n\t\t\t\t\t\t\t<\/div>\r\n\r\n\t\t\t\t\t\t<\/div>\r\n\r\n\t\t\t\t\t\t\t\t\t\t\t<div class=\"row row-storytelling-img sezione collapse-16 align-center align-middle\">\r\n\r\n\t\t\t\t\t\t\t<div class=\"image column small-12 medium-10 large-7 \">\r\n\t\t\t\t\t\t\t\t<div class=\"bg-img b-lazy bg-cover small-ratio-32\" style=\"\" data-src=\"https:\/\/teoresi.sixeleven.it\/wp-content\/uploads\/2022\/08\/mission-02-640x480.jpg\" style=\"\" data-paroller-factor=\"0.1\" data-paroller-type=\"background\" data-paroller-direction=\"vertical\" data-paroller-transition=\"transform .1s linear\"><\/div>\t\t\t\t\t\t\t<\/div>\r\n\r\n\r\n\t\t\t\t\t\t\t<div class=\"content column small-12 medium-10 large-5 \">\r\n\t\t\t\t\t\t\t\t<div class=\"mb-8\">\r\n\t\t\t\t\t\t\t\t\t\t\t\t\t\t\t\t\t\t\t<span class=\"toptitle fs-xsmall title-line right mb-2\">Mission<\/span>\r\n\t\t\t\t\t\t\t\t\t\t\t\t\t\t\t\t\t\t\t\t\t\t\t\t\t\t\t\t<span class=\"title h4 fw-700 color-orange mb-2\">We are your trusted partner in the development of cutting-edge technologies, wherever you are<\/span>\r\n\t\t\t\t\t\t\t\t\t\t\t\t\t\t\t\t\t\t\t\t\t\t\t\t\t\t<\/div>\r\n\r\n\t\t\t\t\t\t\t\t<p class=\"\">Over time, we have gained the trust of our clients and partners, <strong>proving reliable allies and partners able to build relationships<\/strong>, as proactive players in the realization of excellent and futurist solutions.<\/p>\n<p class=\"\">We have <strong>collaborators and offices all over the world<\/strong>, which allow us to be operative everywhere and enrich the company\u2019s know-how.<br \/>\nThe continuous exchange of cultures and knowledge allows a greater evolution from a technological point of view and in terms of approach.<\/p>\n\t\t\t\t\t\t\t<\/div>\r\n\r\n\t\t\t\t\t\t\t<div class=\"line column small-12 large-order-3 mb-0\">\r\n\t\t\t\t\t\t\t<\/div>\r\n\r\n\t\t\t\t\t\t<\/div>\r\n\r\n\t\t\t\t\t\r\n\t\t\t\t<\/div>\r\n\r\n\t\t\t<\/div>\r\n\r\n\t\t<\/div>\r\n\r\n\t\r\n\n\n\t\t<div id=\"block_62cdeeaac1110\" class=\"hero-image\">\r\n\t\t<div class=\"image-hero-container intermezzo row expanded isdark align-middle align-center \">\r\n\r\n\t\t\t<div class=\"hero-content column small-12 medium-9 large-7 text-center\">\r\n\r\n\t\t\t\t\r\n\t\t\t\t\t\t\t\t\t<span class=\"title h2 fw-300 lh-10 mb-0\">Purpose<\/span>\r\n\t\t\t\t\r\n\t\t\t\t\t\t\t\t\t<span class=\"title h1 dot-after\">We are focused on generating opportunities for everyone\u2019s life<\/span>\r\n\t\t\t\t\t<span class=\"block\"><\/span>\r\n\t\t\t\t\r\n\t\t\t\t\r\n\t\t\t\t\r\n\t\t\t<\/div>\r\n\r\n\t\t\t\r\n\t\t\t<div class=\"hero-bg bg-img b-lazy\" data-src = \"https:\/\/teoresi.sixeleven.it\/wp-content\/uploads\/2022\/08\/purpose-100.jpg\"  data-paroller-factor=\"0.3\" data-paroller-type=\"background\" data-paroller-direction=\"vertical\" data-paroller-transition=\"transform .1s linear\"><\/div>\r\n\r\n\t\t\t<div class=\"hero-filter\"><\/div>\r\n\r\n\t\t<\/div>\r\n\t<\/div>\r\n\r\n\n\n\r\n<div class=\"our-vision-top\"><\/div>\n\n<div id=\"block_62cdef1dc1111\" class=\"motion-text mt-8 mb-8 pt-32 pb-32 overflow-hidden \">\r\n        <div class=\"motion-ltr\" data-paroller-factor=\"0.1\" data-paroller-type=\"foreground\"\r\n        data-paroller-direction=\"horizontal\" data-paroller-transition=\"transform .1s linear\">\r\n        <span class=\"block text-center fs-huge fw-300 color-primary lh-10 tracking-tight pl-8 pr-8 pb-4\">Discover<\/span>\r\n    <\/div>\r\n    \r\n        <div class=\"motion-rtl\" data-paroller-factor=\"-0.1\" data-paroller-type=\"foreground\"\r\n        data-paroller-direction=\"horizontal\" data-paroller-transition=\"transform .1s linear\">\r\n        <span\r\n            class=\"block text-center fs-huge fw-300 color-grey lh-10 tracking-tight dot-after pl-8 pr-8\">our <strong>values<\/strong><\/span>\r\n    <\/div>\r\n    <\/div>\r\n\r\n\n\n\r\n\t\t<div id=\"block_62d5534796bed\" class=\"title_text_repeater \">\r\n\r\n\t\t\t\t\t\t\t<div class=\"row sezione pl-16 pr-16\">\r\n\t\t\t\t\t<div class=\"column small-12 medium-4 flex align-middle\">\r\n\t\t\t\t\t\t<span class=\"title h4 fw-700 mb-0 color-primary title-line orange\"><\/span>\r\n\t\t\t\t\t\t<span class=\"title h4 fw-700 color-primary\">Teamwork is <br>the only way<\/span>\r\n\t\t\t\t\t<\/div>\r\n\t\t\t\t\t<div class=\"column small-12 medium-8\">\r\n\t\t\t\t\t\t<p>We create teams of <strong>talented people<\/strong>, from different experiences and backgrounds. In order to achieve the desired results, we build an <strong>inspiring environment<\/strong>, which allows everyone to give the best of themselves thanks to the interaction with the other team members.<\/p>\n\t\t\t\t\t<\/div>\r\n\t\t\t\t<\/div>\r\n\t\t\t\t\t\t\t<div class=\"row sezione pl-16 pr-16\">\r\n\t\t\t\t\t<div class=\"column small-12 medium-4 flex align-middle\">\r\n\t\t\t\t\t\t<span class=\"title h4 fw-700 mb-0 color-primary title-line orange\"><\/span>\r\n\t\t\t\t\t\t<span class=\"title h4 fw-700 color-primary\">Cross-fertilization <br>is our attitude<\/span>\r\n\t\t\t\t\t<\/div>\r\n\t\t\t\t\t<div class=\"column small-12 medium-8\">\r\n\t\t\t\t\t\t<p>We <strong>share knowledge<\/strong> because technology creates a greater value when it <strong>connects different people, knowledge, and cultures<\/strong>; returning a result that is higher than the parts acting separately. Focusing on a shared know-how and an inclusive design process allows us to see, in the exchange and relationship, the primary objectives of our work.<\/p>\n\t\t\t\t\t<\/div>\r\n\t\t\t\t<\/div>\r\n\t\t\t\t\t\t\t<div class=\"row sezione pl-16 pr-16\">\r\n\t\t\t\t\t<div class=\"column small-12 medium-4 flex align-middle\">\r\n\t\t\t\t\t\t<span class=\"title h4 fw-700 mb-0 color-primary title-line orange\"><\/span>\r\n\t\t\t\t\t\t<span class=\"title h4 fw-700 color-primary\">Reliable. <br>For real<\/span>\r\n\t\t\t\t\t<\/div>\r\n\t\t\t\t\t<div class=\"column small-12 medium-8\">\r\n\t\t\t\t\t\t<p>We <strong>stand by our partners<\/strong> from many points of view.<br \/>\nWe are <strong>inside the challenges we face together<\/strong>, with skills and involvement, and we invest everyday in the professional relationship.<br \/>\nWe believe in the added value that emerges and we are confident of the progress that those who trust us are able to make with our support.<\/p>\n\t\t\t\t\t<\/div>\r\n\t\t\t\t<\/div>\r\n\t\t\t\t\t\t\t<div class=\"row sezione pl-16 pr-16\">\r\n\t\t\t\t\t<div class=\"column small-12 medium-4 flex align-middle\">\r\n\t\t\t\t\t\t<span class=\"title h4 fw-700 mb-0 color-primary title-line orange\"><\/span>\r\n\t\t\t\t\t\t<span class=\"title h4 fw-700 color-primary\">Engineering through <br>creativity<\/span>\r\n\t\t\t\t\t<\/div>\r\n\t\t\t\t\t<div class=\"column small-12 medium-8\">\r\n\t\t\t\t\t\t<p><strong>Mastering technologies <\/strong>is our essential starting point. To this huge heritage, we add the ability to interpret every project and not be satisfied with simple execution. Approaching our work creatively means finding solutions that go beyond expectations and anticipate future developments.<\/p>\n\t\t\t\t\t<\/div>\r\n\t\t\t\t<\/div>\r\n\t\t\t\r\n\t\t<\/div>\r\n\r\n\n\n\r\n        <div class=\"common-block \">\r\n\r\n            \r\n    \r\n    <div id=\"block_632858dd4b293\" class=\"featured-content row sezione align-center mt-16 mb-16 bg-featured-content\">\r\n        <div class=\"column small-12 medium-8\">\r\n\r\n                            <span class=\"h3 text-center mb-8\">Code of Ethics<\/span>\r\n            \r\n                            <h5 class=\"wp-block-studio42-paragraph-lead lead text-none\">Ethik und die Verbundenheit mit einem\u00a0<strong>System gemeinsamer Prinzipien und Werte<\/strong>\u00a0pr\u00e4gt seit jeher die Arbeit der Teoresi Gruppe.<\/h5>\n<p class=\"wp-block-studio42-paragraph text-none\">Angesichts der komplexen Umgebung, in der wir t\u00e4tig sind, m\u00f6chten wir diese Werte mit diesem Dokument in folgender Weise darlegen:\u00a0<strong>Der Ethikkodex umfasst die Gesamtheit der Grunds\u00e4tze, deren Einhaltung von fundamentaler Bedeutung f\u00fcr den ordnungsgem\u00e4\u00dfen Betrieb, die Zuverl\u00e4ssigkeit der F\u00fchrung und die Reputation der Teoresi Gruppe ist.<\/strong><\/p>\n<div> <a class=\"button hollow\" href=\"https:\/\/www.teoresigroup.com\/de\/code-of-ethics\/\"  onclick=\"ga('send', 'event', 'Action-Link', 'Click', 'Lesen Sie unseren Ethikkodex');\">Lesen Sie unseren Ethikkodex<\/a><\/div>\n            \r\n        <\/div>\r\n    <\/div>\r\n\r\n        <\/div>\r\n\n\n\r\n<div class=\"our-vision-bottom\"> <\/div>","protected":false},"excerpt":{"rendered":"","protected":false},"author":1,"featured_media":0,"parent":1789,"menu_order":0,"comment_status":"closed","ping_status":"closed","template":"","meta":{"_acf_changed":false,"footnotes":""},"class_list":["post-17440","page","type-page","status-publish","hentry"],"yoast_head":"<!-- This site is optimized with the Yoast SEO plugin v26.8 - https:\/\/yoast.com\/product\/yoast-seo-wordpress\/ -->\n<title>Our Vision - Teoresi Group<\/title>\n<meta name=\"robots\" content=\"noindex, follow\" \/>\n<meta property=\"og:locale\" content=\"de_DE\" \/>\n<meta property=\"og:type\" content=\"article\" \/>\n<meta property=\"og:title\" content=\"Our Vision - Teoresi Group\" \/>\n<meta property=\"og:url\" content=\"https:\/\/teoresi.sixeleven.it\/de\/about\/our-vision\/\" \/>\n<meta property=\"og:site_name\" content=\"Teoresi Group\" \/>\n<meta property=\"article:publisher\" content=\"https:\/\/www.facebook.com\/pages\/Gruppo-Teoresi\/118393464917205\" \/>\n<meta property=\"article:modified_time\" content=\"2022-09-19T11:59:17+00:00\" \/>\n<meta property=\"og:image\" content=\"https:\/\/teoresi.sixeleven.it\/wp-content\/uploads\/2021\/02\/og-image.jpg\" \/>\n\t<meta property=\"og:image:width\" content=\"1200\" \/>\n\t<meta property=\"og:image:height\" content=\"630\" \/>\n\t<meta property=\"og:image:type\" content=\"image\/jpeg\" \/>\n<meta name=\"twitter:card\" content=\"summary_large_image\" \/>\n<script type=\"application\/ld+json\" class=\"yoast-schema-graph\">{\"@context\":\"https:\/\/schema.org\",\"@graph\":[{\"@type\":\"WebPage\",\"@id\":\"https:\/\/teoresi.sixeleven.it\/de\/about\/our-vision\/\",\"url\":\"https:\/\/teoresi.sixeleven.it\/de\/about\/our-vision\/\",\"name\":\"Our Vision - Teoresi Group\",\"isPartOf\":{\"@id\":\"https:\/\/teoresi.sixeleven.it\/de\/#website\"},\"datePublished\":\"2022-07-22T14:34:18+00:00\",\"dateModified\":\"2022-09-19T11:59:17+00:00\",\"breadcrumb\":{\"@id\":\"https:\/\/teoresi.sixeleven.it\/de\/about\/our-vision\/#breadcrumb\"},\"inLanguage\":\"de\",\"potentialAction\":[{\"@type\":\"ReadAction\",\"target\":[\"https:\/\/teoresi.sixeleven.it\/de\/about\/our-vision\/\"]}]},{\"@type\":\"BreadcrumbList\",\"@id\":\"https:\/\/teoresi.sixeleven.it\/de\/about\/our-vision\/#breadcrumb\",\"itemListElement\":[{\"@type\":\"ListItem\",\"position\":1,\"name\":\"\",\"item\":\"https:\/\/teoresi.sixeleven.it\/de\/\"},{\"@type\":\"ListItem\",\"position\":2,\"name\":\"About us\",\"item\":\"https:\/\/teoresi.sixeleven.it\/de\/about\/\"},{\"@type\":\"ListItem\",\"position\":3,\"name\":\"Our Vision\"}]},{\"@type\":\"WebSite\",\"@id\":\"https:\/\/teoresi.sixeleven.it\/de\/#website\",\"url\":\"https:\/\/teoresi.sixeleven.it\/de\/\",\"name\":\"Teoresi Group\",\"description\":\"Engineering for Human life.\",\"publisher\":{\"@id\":\"https:\/\/teoresi.sixeleven.it\/de\/#organization\"},\"potentialAction\":[{\"@type\":\"SearchAction\",\"target\":{\"@type\":\"EntryPoint\",\"urlTemplate\":\"https:\/\/teoresi.sixeleven.it\/de\/?s={search_term_string}\"},\"query-input\":{\"@type\":\"PropertyValueSpecification\",\"valueRequired\":true,\"valueName\":\"search_term_string\"}}],\"inLanguage\":\"de\"},{\"@type\":\"Organization\",\"@id\":\"https:\/\/teoresi.sixeleven.it\/de\/#organization\",\"name\":\"Teoresi Group\",\"url\":\"https:\/\/teoresi.sixeleven.it\/de\/\",\"logo\":{\"@type\":\"ImageObject\",\"inLanguage\":\"de\",\"@id\":\"https:\/\/teoresi.sixeleven.it\/de\/#\/schema\/logo\/image\/\",\"url\":\"https:\/\/www.teoresigroup.com\/wp-content\/uploads\/2020\/12\/teoresi-logo-color.svg\",\"contentUrl\":\"https:\/\/www.teoresigroup.com\/wp-content\/uploads\/2020\/12\/teoresi-logo-color.svg\",\"width\":1,\"height\":1,\"caption\":\"Teoresi Group\"},\"image\":{\"@id\":\"https:\/\/teoresi.sixeleven.it\/de\/#\/schema\/logo\/image\/\"},\"sameAs\":[\"https:\/\/www.facebook.com\/pages\/Gruppo-Teoresi\/118393464917205\",\"https:\/\/www.instagram.com\/teoresigroup\/\",\"https:\/\/www.linkedin.com\/company\/teoresigroup\/\",\"https:\/\/www.youtube.com\/channel\/UCNdBBSSax2EWPmFk5QzYP8Q\"]}]}<\/script>\n<!-- \/ Yoast SEO plugin. -->","yoast_head_json":{"title":"Our Vision - Teoresi Group","robots":{"index":"noindex","follow":"follow"},"og_locale":"de_DE","og_type":"article","og_title":"Our Vision - Teoresi Group","og_url":"https:\/\/teoresi.sixeleven.it\/de\/about\/our-vision\/","og_site_name":"Teoresi Group","article_publisher":"https:\/\/www.facebook.com\/pages\/Gruppo-Teoresi\/118393464917205","article_modified_time":"2022-09-19T11:59:17+00:00","og_image":[{"width":1200,"height":630,"url":"https:\/\/teoresi.sixeleven.it\/wp-content\/uploads\/2021\/02\/og-image.jpg","type":"image\/jpeg"}],"twitter_card":"summary_large_image","schema":{"@context":"https:\/\/schema.org","@graph":[{"@type":"WebPage","@id":"https:\/\/teoresi.sixeleven.it\/de\/about\/our-vision\/","url":"https:\/\/teoresi.sixeleven.it\/de\/about\/our-vision\/","name":"Our Vision - Teoresi Group","isPartOf":{"@id":"https:\/\/teoresi.sixeleven.it\/de\/#website"},"datePublished":"2022-07-22T14:34:18+00:00","dateModified":"2022-09-19T11:59:17+00:00","breadcrumb":{"@id":"https:\/\/teoresi.sixeleven.it\/de\/about\/our-vision\/#breadcrumb"},"inLanguage":"de","potentialAction":[{"@type":"ReadAction","target":["https:\/\/teoresi.sixeleven.it\/de\/about\/our-vision\/"]}]},{"@type":"BreadcrumbList","@id":"https:\/\/teoresi.sixeleven.it\/de\/about\/our-vision\/#breadcrumb","itemListElement":[{"@type":"ListItem","position":1,"name":"","item":"https:\/\/teoresi.sixeleven.it\/de\/"},{"@type":"ListItem","position":2,"name":"About us","item":"https:\/\/teoresi.sixeleven.it\/de\/about\/"},{"@type":"ListItem","position":3,"name":"Our Vision"}]},{"@type":"WebSite","@id":"https:\/\/teoresi.sixeleven.it\/de\/#website","url":"https:\/\/teoresi.sixeleven.it\/de\/","name":"Teoresi Group","description":"Engineering for Human life.","publisher":{"@id":"https:\/\/teoresi.sixeleven.it\/de\/#organization"},"potentialAction":[{"@type":"SearchAction","target":{"@type":"EntryPoint","urlTemplate":"https:\/\/teoresi.sixeleven.it\/de\/?s={search_term_string}"},"query-input":{"@type":"PropertyValueSpecification","valueRequired":true,"valueName":"search_term_string"}}],"inLanguage":"de"},{"@type":"Organization","@id":"https:\/\/teoresi.sixeleven.it\/de\/#organization","name":"Teoresi Group","url":"https:\/\/teoresi.sixeleven.it\/de\/","logo":{"@type":"ImageObject","inLanguage":"de","@id":"https:\/\/teoresi.sixeleven.it\/de\/#\/schema\/logo\/image\/","url":"https:\/\/www.teoresigroup.com\/wp-content\/uploads\/2020\/12\/teoresi-logo-color.svg","contentUrl":"https:\/\/www.teoresigroup.com\/wp-content\/uploads\/2020\/12\/teoresi-logo-color.svg","width":1,"height":1,"caption":"Teoresi Group"},"image":{"@id":"https:\/\/teoresi.sixeleven.it\/de\/#\/schema\/logo\/image\/"},"sameAs":["https:\/\/www.facebook.com\/pages\/Gruppo-Teoresi\/118393464917205","https:\/\/www.instagram.com\/teoresigroup\/","https:\/\/www.linkedin.com\/company\/teoresigroup\/","https:\/\/www.youtube.com\/channel\/UCNdBBSSax2EWPmFk5QzYP8Q"]}]}},"acf":[],"_links":{"self":[{"href":"https:\/\/teoresi.sixeleven.it\/de\/wp-json\/wp\/v2\/pages\/17440","targetHints":{"allow":["GET"]}}],"collection":[{"href":"https:\/\/teoresi.sixeleven.it\/de\/wp-json\/wp\/v2\/pages"}],"about":[{"href":"https:\/\/teoresi.sixeleven.it\/de\/wp-json\/wp\/v2\/types\/page"}],"author":[{"embeddable":true,"href":"https:\/\/teoresi.sixeleven.it\/de\/wp-json\/wp\/v2\/users\/1"}],"replies":[{"embeddable":true,"href":"https:\/\/teoresi.sixeleven.it\/de\/wp-json\/wp\/v2\/comments?post=17440"}],"version-history":[{"count":21,"href":"https:\/\/teoresi.sixeleven.it\/de\/wp-json\/wp\/v2\/pages\/17440\/revisions"}],"predecessor-version":[{"id":20026,"href":"https:\/\/teoresi.sixeleven.it\/de\/wp-json\/wp\/v2\/pages\/17440\/revisions\/20026"}],"up":[{"embeddable":true,"href":"https:\/\/teoresi.sixeleven.it\/de\/wp-json\/wp\/v2\/pages\/1789"}],"wp:attachment":[{"href":"https:\/\/teoresi.sixeleven.it\/de\/wp-json\/wp\/v2\/media?parent=17440"}],"curies":[{"name":"wp","href":"https:\/\/api.w.org\/{rel}","templated":true}]}}