{"id":12575,"date":"2021-12-02T12:57:51","date_gmt":"2021-12-02T11:57:51","guid":{"rendered":"https:\/\/www.teoresigroup.com\/about\/our-certifications\/"},"modified":"2024-01-29T12:18:11","modified_gmt":"2024-01-29T11:18:11","slug":"our-certifications","status":"publish","type":"page","link":"https:\/\/teoresi.sixeleven.it\/de\/about\/our-certifications\/","title":{"rendered":"Our Certifications"},"content":{"rendered":"\n\t\n\t\n\t\t<div id=\"block_65f0284c6d6c9abc48e7bd73f5d1ea21\" class=\"hero-image\">\n\t\t\t<div class=\"image-hero-container row expanded isdark\">\n\n\t\t\t\t\t\t\t\t\t<div class=\"top absolute z-10 pin-t pin-l xsmall-pt-4 xsmall-pl-4 small-pt-6 small-pl-6 pt-12 pl-12\">\n\t\t\t\t\t\t<span class=\"toptitle color-white title-line orange\">page<\/span>\n\t\t\t\t\t<\/div>\n\t\t\t\t\n\t\t\t\t<!-- Icona centrale per small -->\n\t\t\t\t<div class=\"hero-icon middle hide-for-medium absolute z-10 pin-l xsmall-pl-4 small-pl-6 pl-12\">\n\t\t\t\t\t\n\t\t\t\t<\/div>\n\n\t\t\t\t<!-- Blocco Icona + Titolo per medium-up -->\n\t\t\t\t<div class=\"bottom show-for-medium z-10 absolute pin-b pin-l xsmall-pb-4 xsmall-pl-4 pb-12 pl-12\">\n\n\t\t\t\t\t\n\t\t\t\t\t\t\t\t\t\t\t<h1 class=\"hero-title title mb-0 dot-after\">unsere Zertifizierungen<\/h1>\n\t\t\t\t\t\t\t\t\t\t\n\t\t\t\t<\/div>\n\n\t\t\t\t\n\t\t\t\t\t\n\t\t\t\t\t<!-- Versione senza parallasse -->\n\t\t\t\t\t<div class=\"hero-bg bg-img b-lazy\" data-src = \"https:\/\/teoresi.sixeleven.it\/wp-content\/uploads\/2021\/12\/certificazione-hero.jpg\" ><\/div>\n\n\t\t\t\t\n\t\t\t\t<div class=\"hero-filter\"><\/div>\n\n\t\t\t<\/div>\n\t\t<\/div>\n\n\t\t<!-- Titolo fuori Hero per small -->\n\t\t<div class=\"row sezione hide-for-medium\">\n\n\t\t\t<div class=\"column\">\n\t\t\t\t\t\t\t\t\t<h1 class=\"hero-title title mb-0 dot-after\">unsere Zertifizierungen<\/h1>\n\t\t\t\t\t\t\t\t\t\t\t<\/div>\n\n\t\t<\/div>\n\n\t\n\n\n\r\n    \r\n    <div id=\"block_5c49adfa9579885bcf2d33a7b9532690\" class=\"breadcrumbs row sezione\">\r\n        <div class=\"column small-12 fs-xsmall\">\r\n            <span><span><a href=\"https:\/\/teoresi.sixeleven.it\/de\/\"><span class=\"tg-homepage-icon\"><\/span><\/a><\/span><\/span>        <\/div>\r\n    <\/div>\r\n\r\n\n\n\n<div class=\"wp-block-columns align-center row sezione\">\n<div class=\"wp-block-column column small-12 medium-10\">\n<p>Bei Teoresi sind wir verpflichtet, die fortschrittlichsten internationalen Standards in unserer Arbeit und im Projektmanagement anzuwenden: Es ist unsere Einstellung, es ist unsere Praxis. Dies f\u00fchrt dazu, dass wir von den gr\u00f6\u00dften Unternehmen ausgew\u00e4hlt und weltweit als vertrauensw\u00fcrdige Partner anerkannt werden.<\/p>\n\n\n\n<p>Zus\u00e4tzlich zu den erhaltenen Zertifizierungen im Zusammenhang mit dem Qualit\u00e4tsmanagementsystem und dem Informationssicherheitsmanagementsystem sind wir stets proaktiv in der Anpassung unserer Prozesse an die spezifischen Standards. Oftmals wurde unsere Einstellung durch das positive Ergebnis der von Kunden und Dritten durchgef\u00fchrten Bewertungen belohnt.<\/p>\n\n\n\n<p>Wir glauben, dass sowohl die im Laufe der Zeit erworbenen und aufrechterhaltenen Zertifizierungen als auch unsere F\u00e4higkeiten und Kompetenzen einen Mehrwert f\u00fcr unsere Kunden darstellen. Wir sind der Ansicht, dass sie noch wertvoller sind, wenn sie mit unseren ethischen Entscheidungen sowie mit der Professionalit\u00e4t und Zuverl\u00e4ssigkeit jedes Teoresi-Mitarbeiters kombiniert werden.<\/p>\n<\/div>\n<\/div>\n\n\n\r\n\t<div class=\"row sezione align-center\">\r\n\t\t<div class=\"column small-12\">\r\n\t\t\t\t\t<!-- \/\/\/\/\/\/\/\/\/ Slider Posts \/\/\/\/\/\/\/\/\/ -->\r\n\t\t<div id=\"block_89110f007d4d914e62c7971e669f976d\" class=\"hero-slider  certifications-slider pt-2\">\r\n\r\n\t\t\t<div class=\"swiper-container block_89110f007d4d914e62c7971e669f976d swiper-controls-outside pr-16\">\r\n\r\n\t\t\t\t<div class=\"swiper-wrapper\">\r\n\r\n\t\t\t\t\t<div class=\"swiper-slide\">\n<a class=\"modal-post-open\" data-post-id=\"25964\" data-action-name=\"modal_post_opener\" data-template-name=\"modal-certification\" data-animation-in=\"slide-on-from-right\" data-animation-out=\"slide-off-from-right\" data-modal-container-class=\"\" href=\"https:\/\/teoresi.sixeleven.it\/de\/certification\/en-9100\/\">\n\t<div class=\"certification flex flex-wrap flex-direction-column align-middle align-center small-ratio-32 text-center bg-grey-lightest mt-4 ml-4 mb-4 mr-4\" style=\"border:none;\">\n\t\t<div class=\"absolute align-self-xy w-75 lh-11\">\n\t\t\t<span class=\"title block mb-1 color-grey-dark fs-xsmall fw-400\">Certification<\/span>\n\t\t\t<span class=\"title block fs-h5 color-grey-darkest mb-0\">EN 9100<\/span>\n\t\t<\/div>\n\t<\/div>\n<\/a>\n<\/div><div class=\"swiper-slide\">\n<a class=\"modal-post-open\" data-post-id=\"12580\" data-action-name=\"modal_post_opener\" data-template-name=\"modal-certification\" data-animation-in=\"slide-on-from-right\" data-animation-out=\"slide-off-from-right\" data-modal-container-class=\"\" href=\"https:\/\/teoresi.sixeleven.it\/de\/certification\/iso-90012015\/\">\n\t<div class=\"certification flex flex-wrap flex-direction-column align-middle align-center small-ratio-32 text-center bg-grey-lightest mt-4 ml-4 mb-4 mr-4\" style=\"border:none;\">\n\t\t<div class=\"absolute align-self-xy w-75 lh-11\">\n\t\t\t<span class=\"title block mb-1 color-grey-dark fs-xsmall fw-400\">Certification<\/span>\n\t\t\t<span class=\"title block fs-h5 color-grey-darkest mb-0\">ISO 9001<\/span>\n\t\t<\/div>\n\t<\/div>\n<\/a>\n<\/div><div class=\"swiper-slide\">\n<a class=\"modal-post-open\" data-post-id=\"12582\" data-action-name=\"modal_post_opener\" data-template-name=\"modal-certification\" data-animation-in=\"slide-on-from-right\" data-animation-out=\"slide-off-from-right\" data-modal-container-class=\"\" href=\"https:\/\/teoresi.sixeleven.it\/de\/certification\/iso-iec-270012017\/\">\n\t<div class=\"certification flex flex-wrap flex-direction-column align-middle align-center small-ratio-32 text-center bg-grey-lightest mt-4 ml-4 mb-4 mr-4\" style=\"border:none;\">\n\t\t<div class=\"absolute align-self-xy w-75 lh-11\">\n\t\t\t<span class=\"title block mb-1 color-grey-dark fs-xsmall fw-400\">Certification<\/span>\n\t\t\t<span class=\"title block fs-h5 color-grey-darkest mb-0\">ISO\/IEC 27001<\/span>\n\t\t<\/div>\n\t<\/div>\n<\/a>\n<\/div><div class=\"swiper-slide\">\n<a class=\"modal-post-open\" data-post-id=\"31481\" data-action-name=\"modal_post_opener\" data-template-name=\"modal-certification\" data-animation-in=\"slide-on-from-right\" data-animation-out=\"slide-off-from-right\" data-modal-container-class=\"\" href=\"https:\/\/teoresi.sixeleven.it\/de\/certification\/iso-13485\/\">\n\t<div class=\"certification flex flex-wrap flex-direction-column align-middle align-center small-ratio-32 text-center bg-grey-lightest mt-4 ml-4 mb-4 mr-4\" style=\"border:none;\">\n\t\t<div class=\"absolute align-self-xy w-75 lh-11\">\n\t\t\t<span class=\"title block mb-1 color-grey-dark fs-xsmall fw-400\">Certification<\/span>\n\t\t\t<span class=\"title block fs-h5 color-grey-darkest mb-0\">ISO 13485<\/span>\n\t\t<\/div>\n\t<\/div>\n<\/a>\n<\/div><div class=\"swiper-slide\">\n<a class=\"modal-post-open\" data-post-id=\"12587\" data-action-name=\"modal_post_opener\" data-template-name=\"modal-certification\" data-animation-in=\"slide-on-from-right\" data-animation-out=\"slide-off-from-right\" data-modal-container-class=\"\" href=\"https:\/\/teoresi.sixeleven.it\/de\/certification\/tisax\/\">\n\t<div class=\"certification flex flex-wrap flex-direction-column align-middle align-center small-ratio-32 text-center bg-grey-lightest mt-4 ml-4 mb-4 mr-4\" style=\"border:none;\">\n\t\t<div class=\"absolute align-self-xy w-75 lh-11\">\n\t\t\t<span class=\"title block mb-1 color-grey-dark fs-xsmall fw-400\">Certification<\/span>\n\t\t\t<span class=\"title block fs-h5 color-grey-darkest mb-0\">TISAX<\/span>\n\t\t<\/div>\n\t<\/div>\n<\/a>\n<\/div><div class=\"swiper-slide\">\n<a class=\"modal-post-open\" data-post-id=\"12589\" data-action-name=\"modal_post_opener\" data-template-name=\"modal-certification\" data-animation-in=\"slide-on-from-right\" data-animation-out=\"slide-off-from-right\" data-modal-container-class=\"\" href=\"https:\/\/teoresi.sixeleven.it\/de\/certification\/automotive-spice\/\">\n\t<div class=\"certification flex flex-wrap flex-direction-column align-middle align-center small-ratio-32 text-center bg-grey-lightest mt-4 ml-4 mb-4 mr-4\" style=\"border:none;\">\n\t\t<div class=\"absolute align-self-xy w-75 lh-11\">\n\t\t\t<span class=\"title block mb-1 color-grey-dark fs-xsmall fw-400\">Certification<\/span>\n\t\t\t<span class=\"title block fs-h5 color-grey-darkest mb-0\">Automotive SPICE<\/span>\n\t\t<\/div>\n\t<\/div>\n<\/a>\n<\/div>\t\t\t\t<\/div>\r\n\r\n\t\t\t\t\t\t\t\t\t<div class=\"swiper-pagination\"><\/div>\r\n\t\t\t\t\r\n\t\t\t\t\t\t\t\t\t<div class=\"swiper-button-next\"><\/div>\r\n\t\t\t\t\t<div class=\"swiper-button-prev\"><\/div>\r\n\t\t\t\t\r\n\t\t\t<\/div>\r\n\r\n\t\t<\/div>\r\n\r\n\t\t<script>\r\n\t\t\t\/* swiper slider post *\/\r\n\t\t\tvar block_89110f007d4d914e62c7971e669f976d = new Swiper('.block_89110f007d4d914e62c7971e669f976d', {\r\n\t\t\t\tpreloadImages: false,\r\n\t\t\t\tlazy: false,\r\n\t\t\t\tgrabCursor: true,\r\n\t\t\t\tautoplay: false,\r\n\t\t\t\tloop: false,\r\n\t\t\t\tcenteredSlidesBounds: false,\r\n\t\t\t\tcenteredSlides: false,\r\n\t\t\t\tcenterInsufficientSlides: false,\r\n\t\t\t\tslidesOffsetBefore: 0,\r\n\t\t\t\tslidesOffsetAfter: 0,\r\n\t\t\t\tfreeMode: false,\r\n\t\t\t\tspeed: 300,\r\n\t\t\t\t\/* watchOverflow: true, *\/\r\n\t\t\t\t\/* freeMode: true, *\/\r\n\t\t\t\tslidesPerView: 1,\r\n\t\t\t\tspaceBetween: 0,\r\n\t\t\t\tpagination: {\r\n\t\t\t\t\tel: '.swiper-pagination',\r\n\t\t\t\t\tclickable: 'true',\r\n\t\t\t\t\tdynamicBullets: false,\r\n\t\t\t\t\tdynamicMainBullets: 5,\r\n\t\t\t\t},\r\n\t\t\t\tnavigation: {\r\n\t\t\t\t\tnextEl: '.swiper-button-next',\r\n\t\t\t\t\tprevEl: '.swiper-button-prev',\r\n\t\t\t\t},\r\n\t\t\t\tbreakpoints: {\r\n\t\t\t\t\t\t\t\t\t\t\t300: {\r\n\t\t\t\t\t\t\tslidesPerView: 1,\r\n\t\t\t\t\t\t\t\/\/ slidesPerGroup: 1,\r\n\t\t\t\t\t\t},\r\n\t\t\t\t\t\t\t\t\t\t\t320: {\r\n\t\t\t\t\t\t\tslidesPerView: 1,\r\n\t\t\t\t\t\t\t\/\/ slidesPerGroup: 1,\r\n\t\t\t\t\t\t},\r\n\t\t\t\t\t\t\t\t\t\t\t640: {\r\n\t\t\t\t\t\t\tslidesPerView: 2,\r\n\t\t\t\t\t\t\t\/\/ slidesPerGroup: 2,\r\n\t\t\t\t\t\t},\r\n\t\t\t\t\t\t\t\t\t\t\t960: {\r\n\t\t\t\t\t\t\tslidesPerView: 3,\r\n\t\t\t\t\t\t\t\/\/ slidesPerGroup: 3,\r\n\t\t\t\t\t\t},\r\n\t\t\t\t\t\t\t\t\t\t\t1200: {\r\n\t\t\t\t\t\t\tslidesPerView: 3,\r\n\t\t\t\t\t\t\t\/\/ slidesPerGroup: 3,\r\n\t\t\t\t\t\t},\r\n\t\t\t\t\t\t\t\t\t}\r\n\r\n\t\t\t});\r\n\r\n\t\t\tblock_89110f007d4d914e62c7971e669f976d.on('slideChange', function() {\r\n\t\t\t\t\/\/ console.log('slide changed');\r\n\t\t\t\tvar bLazy = new Blazy();\r\n\t\t\t\tbLazy.functionName(); \/\/ eg bLazy.revalidate()\r\n\t\t\t});\r\n\t\t<\/script>\r\n\t\t<\/div>\r\n\t<\/div>\r\n","protected":false},"excerpt":{"rendered":"<p class=\"excerpt\">Bei Teoresi sind wir verpflichtet, die fortschrittlichsten internationalen Standards in unserer Arbeit und im Projektmanagement anzuwenden: Es ist unsere Einstellung, es ist unsere Praxis. Dies f\u00fchrt dazu, dass wir von den gr\u00f6\u00dften Unternehmen ausgew\u00e4hlt und weltweit als vertrauensw\u00fcrdige Partner anerkannt werden. Zus\u00e4tzlich zu den erhaltenen Zertifizierungen im Zusammenhang mit dem Qualit\u00e4tsmanagementsystem und dem Informationssicherheitsmanagementsystem sind wir stets proaktiv in der&#8230;<\/p>\n","protected":false},"author":1,"featured_media":0,"parent":1789,"menu_order":0,"comment_status":"closed","ping_status":"closed","template":"","meta":{"_acf_changed":false,"footnotes":""},"class_list":["post-12575","page","type-page","status-publish","hentry"],"yoast_head":"<!-- This site is optimized with the Yoast SEO plugin v26.8 - https:\/\/yoast.com\/product\/yoast-seo-wordpress\/ -->\n<title>Our Certifications - Teoresi Group<\/title>\n<meta name=\"robots\" content=\"noindex, follow, max-snippet:-1, max-image-preview:large, max-video-preview:-1\" \/>\n<meta property=\"og:locale\" content=\"de_DE\" \/>\n<meta property=\"og:type\" content=\"article\" \/>\n<meta property=\"og:title\" content=\"Our Certifications - Teoresi Group\" \/>\n<meta property=\"og:description\" content=\"Bei Teoresi sind wir verpflichtet, die fortschrittlichsten internationalen Standards in unserer Arbeit und im Projektmanagement anzuwenden: Es ist unsere Einstellung, es ist unsere Praxis. Dies f\u00fchrt dazu, dass wir von den gr\u00f6\u00dften Unternehmen ausgew\u00e4hlt und weltweit als vertrauensw\u00fcrdige Partner anerkannt werden. Zus\u00e4tzlich zu den erhaltenen Zertifizierungen im Zusammenhang mit dem Qualit\u00e4tsmanagementsystem und dem Informationssicherheitsmanagementsystem sind wir stets proaktiv in der...\" \/>\n<meta property=\"og:url\" content=\"https:\/\/teoresi.sixeleven.it\/de\/about\/our-certifications\/\" \/>\n<meta property=\"og:site_name\" content=\"Teoresi Group\" \/>\n<meta property=\"article:publisher\" content=\"https:\/\/www.facebook.com\/pages\/Gruppo-Teoresi\/118393464917205\" \/>\n<meta property=\"article:modified_time\" content=\"2024-01-29T11:18:11+00:00\" \/>\n<meta property=\"og:image\" content=\"https:\/\/teoresi.sixeleven.it\/wp-content\/uploads\/2021\/02\/og-image.jpg\" \/>\n\t<meta property=\"og:image:width\" content=\"1200\" \/>\n\t<meta property=\"og:image:height\" content=\"630\" \/>\n\t<meta property=\"og:image:type\" content=\"image\/jpeg\" \/>\n<meta name=\"twitter:card\" content=\"summary_large_image\" \/>\n<script type=\"application\/ld+json\" class=\"yoast-schema-graph\">{\"@context\":\"https:\/\/schema.org\",\"@graph\":[{\"@type\":\"WebPage\",\"@id\":\"https:\/\/teoresi.sixeleven.it\/de\/about\/our-certifications\/\",\"url\":\"https:\/\/teoresi.sixeleven.it\/de\/about\/our-certifications\/\",\"name\":\"Our Certifications - Teoresi Group\",\"isPartOf\":{\"@id\":\"https:\/\/teoresi.sixeleven.it\/de\/#website\"},\"datePublished\":\"2021-12-02T11:57:51+00:00\",\"dateModified\":\"2024-01-29T11:18:11+00:00\",\"breadcrumb\":{\"@id\":\"https:\/\/teoresi.sixeleven.it\/de\/about\/our-certifications\/#breadcrumb\"},\"inLanguage\":\"de\",\"potentialAction\":[{\"@type\":\"ReadAction\",\"target\":[\"https:\/\/teoresi.sixeleven.it\/de\/about\/our-certifications\/\"]}]},{\"@type\":\"BreadcrumbList\",\"@id\":\"https:\/\/teoresi.sixeleven.it\/de\/about\/our-certifications\/#breadcrumb\",\"itemListElement\":[{\"@type\":\"ListItem\",\"position\":1,\"name\":\"\",\"item\":\"https:\/\/teoresi.sixeleven.it\/de\/\"},{\"@type\":\"ListItem\",\"position\":2,\"name\":\"About us\",\"item\":\"https:\/\/teoresi.sixeleven.it\/de\/about\/\"},{\"@type\":\"ListItem\",\"position\":3,\"name\":\"Our Certifications\"}]},{\"@type\":\"WebSite\",\"@id\":\"https:\/\/teoresi.sixeleven.it\/de\/#website\",\"url\":\"https:\/\/teoresi.sixeleven.it\/de\/\",\"name\":\"Teoresi Group\",\"description\":\"Engineering for Human life.\",\"publisher\":{\"@id\":\"https:\/\/teoresi.sixeleven.it\/de\/#organization\"},\"potentialAction\":[{\"@type\":\"SearchAction\",\"target\":{\"@type\":\"EntryPoint\",\"urlTemplate\":\"https:\/\/teoresi.sixeleven.it\/de\/?s={search_term_string}\"},\"query-input\":{\"@type\":\"PropertyValueSpecification\",\"valueRequired\":true,\"valueName\":\"search_term_string\"}}],\"inLanguage\":\"de\"},{\"@type\":\"Organization\",\"@id\":\"https:\/\/teoresi.sixeleven.it\/de\/#organization\",\"name\":\"Teoresi Group\",\"url\":\"https:\/\/teoresi.sixeleven.it\/de\/\",\"logo\":{\"@type\":\"ImageObject\",\"inLanguage\":\"de\",\"@id\":\"https:\/\/teoresi.sixeleven.it\/de\/#\/schema\/logo\/image\/\",\"url\":\"https:\/\/www.teoresigroup.com\/wp-content\/uploads\/2020\/12\/teoresi-logo-color.svg\",\"contentUrl\":\"https:\/\/www.teoresigroup.com\/wp-content\/uploads\/2020\/12\/teoresi-logo-color.svg\",\"width\":1,\"height\":1,\"caption\":\"Teoresi Group\"},\"image\":{\"@id\":\"https:\/\/teoresi.sixeleven.it\/de\/#\/schema\/logo\/image\/\"},\"sameAs\":[\"https:\/\/www.facebook.com\/pages\/Gruppo-Teoresi\/118393464917205\",\"https:\/\/www.instagram.com\/teoresigroup\/\",\"https:\/\/www.linkedin.com\/company\/teoresigroup\/\",\"https:\/\/www.youtube.com\/channel\/UCNdBBSSax2EWPmFk5QzYP8Q\"]}]}<\/script>\n<!-- \/ Yoast SEO plugin. -->","yoast_head_json":{"title":"Our Certifications - Teoresi Group","robots":{"index":"noindex","follow":"follow","max-snippet":"max-snippet:-1","max-image-preview":"max-image-preview:large","max-video-preview":"max-video-preview:-1"},"og_locale":"de_DE","og_type":"article","og_title":"Our Certifications - Teoresi Group","og_description":"Bei Teoresi sind wir verpflichtet, die fortschrittlichsten internationalen Standards in unserer Arbeit und im Projektmanagement anzuwenden: Es ist unsere Einstellung, es ist unsere Praxis. Dies f\u00fchrt dazu, dass wir von den gr\u00f6\u00dften Unternehmen ausgew\u00e4hlt und weltweit als vertrauensw\u00fcrdige Partner anerkannt werden. Zus\u00e4tzlich zu den erhaltenen Zertifizierungen im Zusammenhang mit dem Qualit\u00e4tsmanagementsystem und dem Informationssicherheitsmanagementsystem sind wir stets proaktiv in der...","og_url":"https:\/\/teoresi.sixeleven.it\/de\/about\/our-certifications\/","og_site_name":"Teoresi Group","article_publisher":"https:\/\/www.facebook.com\/pages\/Gruppo-Teoresi\/118393464917205","article_modified_time":"2024-01-29T11:18:11+00:00","og_image":[{"width":1200,"height":630,"url":"https:\/\/teoresi.sixeleven.it\/wp-content\/uploads\/2021\/02\/og-image.jpg","type":"image\/jpeg"}],"twitter_card":"summary_large_image","schema":{"@context":"https:\/\/schema.org","@graph":[{"@type":"WebPage","@id":"https:\/\/teoresi.sixeleven.it\/de\/about\/our-certifications\/","url":"https:\/\/teoresi.sixeleven.it\/de\/about\/our-certifications\/","name":"Our Certifications - Teoresi Group","isPartOf":{"@id":"https:\/\/teoresi.sixeleven.it\/de\/#website"},"datePublished":"2021-12-02T11:57:51+00:00","dateModified":"2024-01-29T11:18:11+00:00","breadcrumb":{"@id":"https:\/\/teoresi.sixeleven.it\/de\/about\/our-certifications\/#breadcrumb"},"inLanguage":"de","potentialAction":[{"@type":"ReadAction","target":["https:\/\/teoresi.sixeleven.it\/de\/about\/our-certifications\/"]}]},{"@type":"BreadcrumbList","@id":"https:\/\/teoresi.sixeleven.it\/de\/about\/our-certifications\/#breadcrumb","itemListElement":[{"@type":"ListItem","position":1,"name":"","item":"https:\/\/teoresi.sixeleven.it\/de\/"},{"@type":"ListItem","position":2,"name":"About us","item":"https:\/\/teoresi.sixeleven.it\/de\/about\/"},{"@type":"ListItem","position":3,"name":"Our Certifications"}]},{"@type":"WebSite","@id":"https:\/\/teoresi.sixeleven.it\/de\/#website","url":"https:\/\/teoresi.sixeleven.it\/de\/","name":"Teoresi Group","description":"Engineering for Human life.","publisher":{"@id":"https:\/\/teoresi.sixeleven.it\/de\/#organization"},"potentialAction":[{"@type":"SearchAction","target":{"@type":"EntryPoint","urlTemplate":"https:\/\/teoresi.sixeleven.it\/de\/?s={search_term_string}"},"query-input":{"@type":"PropertyValueSpecification","valueRequired":true,"valueName":"search_term_string"}}],"inLanguage":"de"},{"@type":"Organization","@id":"https:\/\/teoresi.sixeleven.it\/de\/#organization","name":"Teoresi Group","url":"https:\/\/teoresi.sixeleven.it\/de\/","logo":{"@type":"ImageObject","inLanguage":"de","@id":"https:\/\/teoresi.sixeleven.it\/de\/#\/schema\/logo\/image\/","url":"https:\/\/www.teoresigroup.com\/wp-content\/uploads\/2020\/12\/teoresi-logo-color.svg","contentUrl":"https:\/\/www.teoresigroup.com\/wp-content\/uploads\/2020\/12\/teoresi-logo-color.svg","width":1,"height":1,"caption":"Teoresi Group"},"image":{"@id":"https:\/\/teoresi.sixeleven.it\/de\/#\/schema\/logo\/image\/"},"sameAs":["https:\/\/www.facebook.com\/pages\/Gruppo-Teoresi\/118393464917205","https:\/\/www.instagram.com\/teoresigroup\/","https:\/\/www.linkedin.com\/company\/teoresigroup\/","https:\/\/www.youtube.com\/channel\/UCNdBBSSax2EWPmFk5QzYP8Q"]}]}},"acf":[],"_links":{"self":[{"href":"https:\/\/teoresi.sixeleven.it\/de\/wp-json\/wp\/v2\/pages\/12575","targetHints":{"allow":["GET"]}}],"collection":[{"href":"https:\/\/teoresi.sixeleven.it\/de\/wp-json\/wp\/v2\/pages"}],"about":[{"href":"https:\/\/teoresi.sixeleven.it\/de\/wp-json\/wp\/v2\/types\/page"}],"author":[{"embeddable":true,"href":"https:\/\/teoresi.sixeleven.it\/de\/wp-json\/wp\/v2\/users\/1"}],"replies":[{"embeddable":true,"href":"https:\/\/teoresi.sixeleven.it\/de\/wp-json\/wp\/v2\/comments?post=12575"}],"version-history":[{"count":22,"href":"https:\/\/teoresi.sixeleven.it\/de\/wp-json\/wp\/v2\/pages\/12575\/revisions"}],"predecessor-version":[{"id":31490,"href":"https:\/\/teoresi.sixeleven.it\/de\/wp-json\/wp\/v2\/pages\/12575\/revisions\/31490"}],"up":[{"embeddable":true,"href":"https:\/\/teoresi.sixeleven.it\/de\/wp-json\/wp\/v2\/pages\/1789"}],"wp:attachment":[{"href":"https:\/\/teoresi.sixeleven.it\/de\/wp-json\/wp\/v2\/media?parent=12575"}],"curies":[{"name":"wp","href":"https:\/\/api.w.org\/{rel}","templated":true}]}}