{"id":12307,"date":"2021-12-15T07:44:42","date_gmt":"2021-12-15T06:44:42","guid":{"rendered":"https:\/\/www.teoresigroup.com\/?page_id=12307"},"modified":"2023-06-08T13:56:27","modified_gmt":"2023-06-08T11:56:27","slug":"press-area","status":"publish","type":"page","link":"https:\/\/teoresi.sixeleven.it\/de\/about\/press-area\/","title":{"rendered":"Press Area"},"content":{"rendered":"\n    <div id=\"block_15ebc39710fd665dc4f4aa4e15df9a94\" class=\"_block-titoli-sezione-h1 row sezione expanded bg-linear-01 isdark \">\n        <div class=\"row unexpanded\">\n            <div class=\"column small-12 medium-6\">\n\n                                                    <h1 class=\"title mb-0 dot-after\">\n                        Press Area                    <\/h1>\n                                    \n            <\/div>\n        <\/div>\n    <\/div>\n\n\n\n\r\n    \r\n    <div id=\"block_16366847c5808eb90c4a2d2af601dfbd\" class=\"breadcrumbs row sezione\">\r\n        <div class=\"column small-12 fs-xsmall\">\r\n            <span><span><a href=\"https:\/\/teoresi.sixeleven.it\/de\/\"><span class=\"tg-homepage-icon\"><\/span><\/a><\/span><\/span>        <\/div>\r\n    <\/div>\r\n\r\n\n\n\n<div class=\"wp-block-columns align-center row sezione\">\n<div class=\"wp-block-column column small-12 medium-10\">\n<h2 class=\"wp-block-heading has-text-align-center\">Press kit<\/h2>\n\n\n\n<p>Within this section, you can find and download our company profile, photo material, and other updated digital content on our activities and projects in which we are involved.&nbsp;&nbsp;<\/p>\n\n\n\n<div class=\"wp-block-columns align-center row sezione\">\n<div class=\"wp-block-column small-12 medium-10 large-8\">        \r\n        <div id=\"block_1b4b0a6a912925a6e7b8c550a4c686fd\" class=\"file-attachment-repeater row sezione pt-0 align-center\">\r\n\r\n            <div class=\"column small-12\">\r\n\r\n                \r\n                     <a class=\"attachment flex align-middle p-3 mb-2 fs-p color-body\" href=\"https:\/\/teoresi.sixeleven.it\/wp-content\/uploads\/2023\/06\/presskit2023.zip\" target=\"_blank\" rel=\"nofollow noopener\" onclick=\"ga('send', 'event', 'Action-Link', 'Click', 'Download the kit');\"><svg class=\"icon download width-8 mr-4 color-primary\" xmlns=\"http:\/\/www.w3.org\/2000\/svg\" viewBox=\"0 0 576 512\"><path d=\"M528 288h-92.1l46.1-46.1c30.1-30.1 8.8-81.9-33.9-81.9h-64V48c0-26.5-21.5-48-48-48h-96c-26.5 0-48 21.5-48 48v112h-64c-42.6 0-64.2 51.7-33.9 81.9l46.1 46.1H48c-26.5 0-48 21.5-48 48v128c0 26.5 21.5 48 48 48h480c26.5 0 48-21.5 48-48V336c0-26.5-21.5-48-48-48zm-400-80h112V48h96v160h112L288 368 128 208zm400 256H48V336h140.1l65.9 65.9c18.8 18.8 49.1 18.7 67.9 0l65.9-65.9H528v128zm-88-64c0-13.3 10.7-24 24-24s24 10.7 24 24-10.7 24-24 24-24-10.7-24-24z\"\/><\/svg>Download the kit<\/a>\r\n                \r\n            <\/div>\r\n\r\n        <\/div>\r\n\r\n    \r\n<\/div>\n<\/div>\n<\/div>\n<\/div>\n\n\n\n<div class=\"wp-block-columns align-center row sezione\">\n<div class=\"wp-block-column column small-12 medium-10\">\n<h2 class=\"wp-block-heading has-text-align-center\">Press releases<\/h2>\n\n\n\n<p>This section collects press releases for public audiences and newspapers, realized by Teoresi press office and related to all our initiatives, events, and projects.&nbsp;&nbsp;<\/p>\n\n\n\n<p>Use <strong>Press review<\/strong> filter to select the main article regarding Teoresi, published on Italian and international newspapers.&nbsp;&nbsp;<\/p>\n<\/div>\n<\/div>\n\n\n\r\n<div class=\"row align-center text-center\">\r\n<div class=\"column small-12 medium-6\">\r\n<div class=\"facetwp-facet facetwp-facet-press_cat facetwp-type-fselect\" data-name=\"press_cat\" data-type=\"fselect\"><\/div>\r\n<\/div>\r\n<\/div>\n\n\r\n<div class=\"facetwp-template\" data-name=\"press_release\">\n\t\t<div class=\"news-list row sezione align-center small-up-1 medium-up-2 large-up-3 bg-gradient-grey-lightest-v pl-16 pr-16 xsmall-pl-6 xsmall-pr-6\">\n\t\t\t\r\n<div class=\"column\">\r\n\t<a href=\"https:\/\/teoresi.sixeleven.it\/de\/press\/neues-muenchner-buero-und-erneuter-medica-auftritt-teoresi-gruppe-baut-deutschland-praesenz-weiter-aus\/\">\r\n\t\t<div class=\"card\" style=\"border:none;\">\r\n\r\n\t\t\t<div class=\"card-section\">\r\n\t\t\t\t\t\t\t\t\t<span class=\"toptitle title-line right mb-8\" style=\"color:#1d689d\">Press release<\/span>\r\n\t\t\t\t\r\n\t\t\t\t<span class=\"toptitle fs-xsmall fw-400 tt-unset mb-3\">08 November 2024<\/span>\r\n\t\t\t\t<span class=\"title block h5 mb-3\">Neues M\u00fcnchner B\u00fcro und erneuter Medica-Auftritt: Teoresi-Gruppe baut Deutschland-Pr\u00e4senz weiter aus<\/span>\r\n\t\t\t\t<p class=\"fw-300\">Wachsende Zahl an Entwicklungsprojekten im Bereich Mobility \u2013 Medtech Made in Italy&hellip;\r\n\t\t\t\t<div class=\"mt-4\">\r\n\t\t\t\t\t<span class=\"tag fs-xsmall mb-0 corporate-de\">Corporate<\/span><span class=\"tag fs-xsmall mb-0 event-de\">Event<\/span>\t\t\t\t<\/div>\r\n\t\t\t<\/div>\r\n\r\n\t\t<\/div>\r\n\t<\/a>\r\n<\/div>\r\n\r\n<div class=\"column\">\r\n\t<a href=\"https:\/\/teoresi.sixeleven.it\/de\/press\/levento-aziendale-diventa-una-fiction-da-teoresi-il-primofilm-in-virtual-set-realizzato-per-e-con-i-dipendenti\/\">\r\n\t\t<div class=\"card\" style=\"border:none;\">\r\n\r\n\t\t\t<div class=\"card-section\">\r\n\t\t\t\t\t\t\t\t\t<span class=\"toptitle title-line right mb-8\" style=\"color:#1d689d\">Press release<\/span>\r\n\t\t\t\t\r\n\t\t\t\t<span class=\"toptitle fs-xsmall fw-400 tt-unset mb-3\">05 November 2024<\/span>\r\n\t\t\t\t<span class=\"title block h5 mb-3\">The company event becomes a &#8222;fiction&#8220;: Teoresi releases the first virtual set film created for (and with) employees<\/span>\r\n\t\t\t\t<p class=\"fw-300\">\u201cTeoresi Grand Tour&#8220; is the first virtual set film made by an&hellip;\r\n\t\t\t\t<div class=\"mt-4\">\r\n\t\t\t\t\t<span class=\"tag fs-xsmall mb-0 corporate-de\">Corporate<\/span><span class=\"tag fs-xsmall mb-0 event-de\">Event<\/span>\t\t\t\t<\/div>\r\n\t\t\t<\/div>\r\n\r\n\t\t<\/div>\r\n\t<\/a>\r\n<\/div>\r\n\r\n<div class=\"column\">\r\n\t<a href=\"https:\/\/teoresi.sixeleven.it\/de\/press\/mobilita-sostenibile-a-torino-i-progetti-del-most-su-droni-city-car-e-idrogeno\/\">\r\n\t\t<div class=\"card\" style=\"border:none;\">\r\n\r\n\t\t\t<div class=\"card-section\">\r\n\t\t\t\t\t\t\t\t\t<span class=\"toptitle title-line right mb-8\" style=\"color:#fa6a11\">Press review<\/span>\r\n\t\t\t\t\r\n\t\t\t\t<span class=\"toptitle fs-xsmall fw-400 tt-unset mb-3\">04 Oktober 2024<\/span>\r\n\t\t\t\t<span class=\"title block h5 mb-3\">Mobilit\u00e0 sostenibile, a Torino i progetti del Most su droni, city car e idrogeno<\/span>\r\n\t\t\t\t<p class=\"fw-300\">Il Sole 24 Ore\r\n\t\t\t\t<div class=\"mt-4\">\r\n\t\t\t\t\t<span class=\"tag fs-xsmall mb-0 automotive-de\">Automotive<\/span><span class=\"tag fs-xsmall mb-0 autonomous-driving-de\">Autonomous Driving<\/span><span class=\"tag fs-xsmall mb-0 connected-vehicles-de\">Connected Vehicles<\/span><span class=\"tag fs-xsmall mb-0 corporate-de\">Corporate<\/span>\t\t\t\t<\/div>\r\n\t\t\t<\/div>\r\n\r\n\t\t<\/div>\r\n\t<\/a>\r\n<\/div>\r\n\r\n<div class=\"column\">\r\n\t<a href=\"https:\/\/teoresi.sixeleven.it\/de\/press\/i-progetti-del-most-una-nuova-generazione-di-droni-e-veicoli-a-zero-emissioni\/\">\r\n\t\t<div class=\"card\" style=\"border:none;\">\r\n\r\n\t\t\t<div class=\"card-section\">\r\n\t\t\t\t\t\t\t\t\t<span class=\"toptitle title-line right mb-8\" style=\"color:#fa6a11\">Press review<\/span>\r\n\t\t\t\t\r\n\t\t\t\t<span class=\"toptitle fs-xsmall fw-400 tt-unset mb-3\">26 September 2024<\/span>\r\n\t\t\t\t<span class=\"title block h5 mb-3\">I progetti del Most: una nuova generazione di droni e veicoli a zero emissioni<\/span>\r\n\t\t\t\t<p class=\"fw-300\">la Repubblica\r\n\t\t\t\t<div class=\"mt-4\">\r\n\t\t\t\t\t<span class=\"tag fs-xsmall mb-0 automotive-de\">Automotive<\/span><span class=\"tag fs-xsmall mb-0 autonomous-driving-de\">Autonomous Driving<\/span><span class=\"tag fs-xsmall mb-0 connected-vehicles-de\">Connected Vehicles<\/span><span class=\"tag fs-xsmall mb-0 corporate-de\">Corporate<\/span>\t\t\t\t<\/div>\r\n\t\t\t<\/div>\r\n\r\n\t\t<\/div>\r\n\t<\/a>\r\n<\/div>\r\n\r\n<div class=\"column\">\r\n\t<a href=\"https:\/\/teoresi.sixeleven.it\/de\/press\/super-droni-e-e-cars-modulari-a-torino-prove-di-nuova-mobilita-5\/\">\r\n\t\t<div class=\"card\" style=\"border:none;\">\r\n\r\n\t\t\t<div class=\"card-section\">\r\n\t\t\t\t\t\t\t\t\t<span class=\"toptitle title-line right mb-8\" style=\"color:#fa6a11\">Press review<\/span>\r\n\t\t\t\t\r\n\t\t\t\t<span class=\"toptitle fs-xsmall fw-400 tt-unset mb-3\">26 September 2024<\/span>\r\n\t\t\t\t<span class=\"title block h5 mb-3\">Super droni e e-cars modulari, a Torino prove di nuova mobilit\u00e0<\/span>\r\n\t\t\t\t<p class=\"fw-300\">Quotidiano Nazionale\r\n\t\t\t\t<div class=\"mt-4\">\r\n\t\t\t\t\t<span class=\"tag fs-xsmall mb-0 automotive-de\">Automotive<\/span><span class=\"tag fs-xsmall mb-0 autonomous-driving-de\">Autonomous Driving<\/span><span class=\"tag fs-xsmall mb-0 connected-vehicles-de\">Connected Vehicles<\/span><span class=\"tag fs-xsmall mb-0 corporate-de\">Corporate<\/span>\t\t\t\t<\/div>\r\n\t\t\t<\/div>\r\n\r\n\t\t<\/div>\r\n\t<\/a>\r\n<\/div>\r\n\r\n<div class=\"column\">\r\n\t<a href=\"https:\/\/teoresi.sixeleven.it\/de\/press\/super-droni-e-e-cars-modulari-a-torino-prove-di-nuova-mobilita-4\/\">\r\n\t\t<div class=\"card\" style=\"border:none;\">\r\n\r\n\t\t\t<div class=\"card-section\">\r\n\t\t\t\t\t\t\t\t\t<span class=\"toptitle title-line right mb-8\" style=\"color:#fa6a11\">Press review<\/span>\r\n\t\t\t\t\r\n\t\t\t\t<span class=\"toptitle fs-xsmall fw-400 tt-unset mb-3\">26 September 2024<\/span>\r\n\t\t\t\t<span class=\"title block h5 mb-3\">Super droni e e-cars modulari, a Torino prove di nuova mobilit\u00e0<\/span>\r\n\t\t\t\t<p class=\"fw-300\">Il Tempo\r\n\t\t\t\t<div class=\"mt-4\">\r\n\t\t\t\t\t<span class=\"tag fs-xsmall mb-0 automotive-de\">Automotive<\/span><span class=\"tag fs-xsmall mb-0 autonomous-driving-de\">Autonomous Driving<\/span><span class=\"tag fs-xsmall mb-0 connected-vehicles-de\">Connected Vehicles<\/span><span class=\"tag fs-xsmall mb-0 corporate-de\">Corporate<\/span>\t\t\t\t<\/div>\r\n\t\t\t<\/div>\r\n\r\n\t\t<\/div>\r\n\t<\/a>\r\n<\/div>\r\n\r\n<div class=\"column\">\r\n\t<a href=\"https:\/\/teoresi.sixeleven.it\/de\/press\/super-droni-e-e-cars-modulari-a-torino-prove-di-nuova-mobilita-3\/\">\r\n\t\t<div class=\"card\" style=\"border:none;\">\r\n\r\n\t\t\t<div class=\"card-section\">\r\n\t\t\t\t\t\t\t\t\t<span class=\"toptitle title-line right mb-8\" style=\"color:#fa6a11\">Press review<\/span>\r\n\t\t\t\t\r\n\t\t\t\t<span class=\"toptitle fs-xsmall fw-400 tt-unset mb-3\">26 September 2024<\/span>\r\n\t\t\t\t<span class=\"title block h5 mb-3\">Super droni e e-cars modulari, a Torino prove di nuova mobilit\u00e0<\/span>\r\n\t\t\t\t<p class=\"fw-300\">Il Gazzettino\r\n\t\t\t\t<div class=\"mt-4\">\r\n\t\t\t\t\t<span class=\"tag fs-xsmall mb-0 automotive-de\">Automotive<\/span><span class=\"tag fs-xsmall mb-0 autonomous-driving-de\">Autonomous Driving<\/span><span class=\"tag fs-xsmall mb-0 connected-vehicles-de\">Connected Vehicles<\/span><span class=\"tag fs-xsmall mb-0 corporate-de\">Corporate<\/span>\t\t\t\t<\/div>\r\n\t\t\t<\/div>\r\n\r\n\t\t<\/div>\r\n\t<\/a>\r\n<\/div>\r\n\r\n<div class=\"column\">\r\n\t<a href=\"https:\/\/teoresi.sixeleven.it\/de\/press\/droni-merci-e-citycar-elettriche-compatte-da-teoresi-e-polito\/\">\r\n\t\t<div class=\"card\" style=\"border:none;\">\r\n\r\n\t\t\t<div class=\"card-section\">\r\n\t\t\t\t\t\t\t\t\t<span class=\"toptitle title-line right mb-8\" style=\"color:#fa6a11\">Press review<\/span>\r\n\t\t\t\t\r\n\t\t\t\t<span class=\"toptitle fs-xsmall fw-400 tt-unset mb-3\">26 September 2024<\/span>\r\n\t\t\t\t<span class=\"title block h5 mb-3\">Droni merci e citycar elettriche compatte da Teoresi e PoliTo<\/span>\r\n\t\t\t\t<p class=\"fw-300\">ANSA\r\n\t\t\t\t<div class=\"mt-4\">\r\n\t\t\t\t\t<span class=\"tag fs-xsmall mb-0 automotive-de\">Automotive<\/span><span class=\"tag fs-xsmall mb-0 autonomous-driving-de\">Autonomous Driving<\/span><span class=\"tag fs-xsmall mb-0 connected-vehicles-de\">Connected Vehicles<\/span><span class=\"tag fs-xsmall mb-0 corporate-de\">Corporate<\/span>\t\t\t\t<\/div>\r\n\t\t\t<\/div>\r\n\r\n\t\t<\/div>\r\n\t<\/a>\r\n<\/div>\r\n\r\n<div class=\"column\">\r\n\t<a href=\"https:\/\/teoresi.sixeleven.it\/de\/press\/super-droni-e-e-cars-modulari-a-torino-prove-di-nuova-mobilita-2\/\">\r\n\t\t<div class=\"card\" style=\"border:none;\">\r\n\r\n\t\t\t<div class=\"card-section\">\r\n\t\t\t\t\t\t\t\t\t<span class=\"toptitle title-line right mb-8\" style=\"color:#fa6a11\">Press review<\/span>\r\n\t\t\t\t\r\n\t\t\t\t<span class=\"toptitle fs-xsmall fw-400 tt-unset mb-3\">26 September 2024<\/span>\r\n\t\t\t\t<span class=\"title block h5 mb-3\">Super droni e e-cars modulari, a Torino prove di nuova mobilit\u00e0<\/span>\r\n\t\t\t\t<p class=\"fw-300\">Il Sole 24 Ore Video\r\n\t\t\t\t<div class=\"mt-4\">\r\n\t\t\t\t\t<span class=\"tag fs-xsmall mb-0 automotive-de\">Automotive<\/span><span class=\"tag fs-xsmall mb-0 autonomous-driving-de\">Autonomous Driving<\/span><span class=\"tag fs-xsmall mb-0 connected-vehicles-de\">Connected Vehicles<\/span><span class=\"tag fs-xsmall mb-0 corporate-de\">Corporate<\/span>\t\t\t\t<\/div>\r\n\t\t\t<\/div>\r\n\r\n\t\t<\/div>\r\n\t<\/a>\r\n<\/div>\r\n\r\n<div class=\"column\">\r\n\t<a href=\"https:\/\/teoresi.sixeleven.it\/de\/press\/super-droni-e-e-cars-modulari-a-torino-prove-di-nuova-mobilita\/\">\r\n\t\t<div class=\"card\" style=\"border:none;\">\r\n\r\n\t\t\t<div class=\"card-section\">\r\n\t\t\t\t\t\t\t\t\t<span class=\"toptitle title-line right mb-8\" style=\"color:#fa6a11\">Press review<\/span>\r\n\t\t\t\t\r\n\t\t\t\t<span class=\"toptitle fs-xsmall fw-400 tt-unset mb-3\">26 September 2024<\/span>\r\n\t\t\t\t<span class=\"title block h5 mb-3\">Super droni e e-cars modulari, a Torino prove di nuova mobilit\u00e0<\/span>\r\n\t\t\t\t<p class=\"fw-300\">Askanews\r\n\t\t\t\t<div class=\"mt-4\">\r\n\t\t\t\t\t<span class=\"tag fs-xsmall mb-0 automotive-de\">Automotive<\/span><span class=\"tag fs-xsmall mb-0 autonomous-driving-de\">Autonomous Driving<\/span><span class=\"tag fs-xsmall mb-0 connected-vehicles-de\">Connected Vehicles<\/span><span class=\"tag fs-xsmall mb-0 corporate-de\">Corporate<\/span>\t\t\t\t<\/div>\r\n\t\t\t<\/div>\r\n\r\n\t\t<\/div>\r\n\t<\/a>\r\n<\/div>\r\n\r\n<div class=\"column\">\r\n\t<a href=\"https:\/\/teoresi.sixeleven.it\/de\/press\/mobilita-aerea-avanzata-si-sperimentano-droni-e-aerei-a-idrogeno\/\">\r\n\t\t<div class=\"card\" style=\"border:none;\">\r\n\r\n\t\t\t<div class=\"card-section\">\r\n\t\t\t\t\t\t\t\t\t<span class=\"toptitle title-line right mb-8\" style=\"color:#fa6a11\">Press review<\/span>\r\n\t\t\t\t\r\n\t\t\t\t<span class=\"toptitle fs-xsmall fw-400 tt-unset mb-3\">26 September 2024<\/span>\r\n\t\t\t\t<span class=\"title block h5 mb-3\">Mobilit\u00e0 aerea avanzata, si sperimentano droni e aerei a idrogeno<\/span>\r\n\t\t\t\t<p class=\"fw-300\">Sky Tg 24\r\n\t\t\t\t<div class=\"mt-4\">\r\n\t\t\t\t\t<span class=\"tag fs-xsmall mb-0 automotive-de\">Automotive<\/span><span class=\"tag fs-xsmall mb-0 autonomous-driving-de\">Autonomous Driving<\/span><span class=\"tag fs-xsmall mb-0 connected-vehicles-de\">Connected Vehicles<\/span><span class=\"tag fs-xsmall mb-0 corporate-de\">Corporate<\/span>\t\t\t\t<\/div>\r\n\t\t\t<\/div>\r\n\r\n\t\t<\/div>\r\n\t<\/a>\r\n<\/div>\r\n\r\n<div class=\"column\">\r\n\t<a href=\"https:\/\/teoresi.sixeleven.it\/de\/press\/teoresi-e-politecnico-di-torino-presentati-gli-sviluppi-delle-ricerche-del-most\/\">\r\n\t\t<div class=\"card\" style=\"border:none;\">\r\n\r\n\t\t\t<div class=\"card-section\">\r\n\t\t\t\t\t\t\t\t\t<span class=\"toptitle title-line right mb-8\" style=\"color:#fa6a11\">Press review<\/span>\r\n\t\t\t\t\r\n\t\t\t\t<span class=\"toptitle fs-xsmall fw-400 tt-unset mb-3\">26 September 2024<\/span>\r\n\t\t\t\t<span class=\"title block h5 mb-3\">Teoresi e Politecnico di Torino: presentati gli sviluppi delle ricerche del MOST<\/span>\r\n\t\t\t\t<p class=\"fw-300\">Askanews\r\n\t\t\t\t<div class=\"mt-4\">\r\n\t\t\t\t\t<span class=\"tag fs-xsmall mb-0 automotive-de\">Automotive<\/span><span class=\"tag fs-xsmall mb-0 autonomous-driving-de\">Autonomous Driving<\/span><span class=\"tag fs-xsmall mb-0 connected-vehicles-de\">Connected Vehicles<\/span><span class=\"tag fs-xsmall mb-0 corporate-de\">Corporate<\/span>\t\t\t\t<\/div>\r\n\t\t\t<\/div>\r\n\r\n\t\t<\/div>\r\n\t<\/a>\r\n<\/div>\r\n\t\t<\/div>\n\n\t\t\t\t\t\n<\/div>\r\n<br \/><div align=\"center\"><button class=\"fwp-load-more\">Load more<\/button><\/div>\n\n\r\n    <span class=\"block p-8\">&nbsp;<\/span>\r\n\r\n","protected":false},"excerpt":{"rendered":"<p class=\"excerpt\">Press kit Within this section, you can find and download our company profile, photo material, and other updated digital content on our activities and projects in which we are involved.&nbsp;&nbsp; Press releases This section collects press releases for public audiences and newspapers, realized by Teoresi press office and related to all our initiatives, events, and projects.&nbsp;&nbsp; Use Press review filter&#8230;<\/p>\n","protected":false},"author":1,"featured_media":0,"parent":1789,"menu_order":31,"comment_status":"closed","ping_status":"closed","template":"","meta":{"_acf_changed":false,"footnotes":""},"class_list":["post-12307","page","type-page","status-publish","hentry"],"yoast_head":"<!-- This site is optimized with the Yoast SEO plugin v26.8 - https:\/\/yoast.com\/product\/yoast-seo-wordpress\/ -->\n<title>Press Area - Teoresi Group<\/title>\n<meta name=\"robots\" content=\"noindex, follow\" \/>\n<meta property=\"og:locale\" content=\"de_DE\" \/>\n<meta property=\"og:type\" content=\"article\" \/>\n<meta property=\"og:title\" content=\"Press Area - Teoresi Group\" \/>\n<meta property=\"og:description\" content=\"Press kit Within this section, you can find and download our company profile, photo material, and other updated digital content on our activities and projects in which we are involved.&nbsp;&nbsp; Press releases This section collects press releases for public audiences and newspapers, realized by Teoresi press office and related to all our initiatives, events, and projects.&nbsp;&nbsp; Use Press review filter...\" \/>\n<meta property=\"og:url\" content=\"https:\/\/teoresi.sixeleven.it\/de\/about\/press-area\/\" \/>\n<meta property=\"og:site_name\" content=\"Teoresi Group\" \/>\n<meta property=\"article:publisher\" content=\"https:\/\/www.facebook.com\/pages\/Gruppo-Teoresi\/118393464917205\" \/>\n<meta property=\"article:modified_time\" content=\"2023-06-08T11:56:27+00:00\" \/>\n<meta property=\"og:image\" content=\"https:\/\/teoresi.sixeleven.it\/wp-content\/uploads\/2021\/02\/og-image.jpg\" \/>\n\t<meta property=\"og:image:width\" content=\"1200\" \/>\n\t<meta property=\"og:image:height\" content=\"630\" \/>\n\t<meta property=\"og:image:type\" content=\"image\/jpeg\" \/>\n<meta name=\"twitter:card\" content=\"summary_large_image\" \/>\n<script type=\"application\/ld+json\" class=\"yoast-schema-graph\">{\"@context\":\"https:\/\/schema.org\",\"@graph\":[{\"@type\":\"WebPage\",\"@id\":\"https:\/\/teoresi.sixeleven.it\/de\/about\/press-area\/\",\"url\":\"https:\/\/teoresi.sixeleven.it\/de\/about\/press-area\/\",\"name\":\"Press Area - Teoresi Group\",\"isPartOf\":{\"@id\":\"https:\/\/teoresi.sixeleven.it\/de\/#website\"},\"datePublished\":\"2021-12-15T06:44:42+00:00\",\"dateModified\":\"2023-06-08T11:56:27+00:00\",\"breadcrumb\":{\"@id\":\"https:\/\/teoresi.sixeleven.it\/de\/about\/press-area\/#breadcrumb\"},\"inLanguage\":\"de\",\"potentialAction\":[{\"@type\":\"ReadAction\",\"target\":[\"https:\/\/teoresi.sixeleven.it\/de\/about\/press-area\/\"]}]},{\"@type\":\"BreadcrumbList\",\"@id\":\"https:\/\/teoresi.sixeleven.it\/de\/about\/press-area\/#breadcrumb\",\"itemListElement\":[{\"@type\":\"ListItem\",\"position\":1,\"name\":\"\",\"item\":\"https:\/\/teoresi.sixeleven.it\/de\/\"},{\"@type\":\"ListItem\",\"position\":2,\"name\":\"About us\",\"item\":\"https:\/\/teoresi.sixeleven.it\/de\/about\/\"},{\"@type\":\"ListItem\",\"position\":3,\"name\":\"Press Area\"}]},{\"@type\":\"WebSite\",\"@id\":\"https:\/\/teoresi.sixeleven.it\/de\/#website\",\"url\":\"https:\/\/teoresi.sixeleven.it\/de\/\",\"name\":\"Teoresi Group\",\"description\":\"Engineering for Human life.\",\"publisher\":{\"@id\":\"https:\/\/teoresi.sixeleven.it\/de\/#organization\"},\"potentialAction\":[{\"@type\":\"SearchAction\",\"target\":{\"@type\":\"EntryPoint\",\"urlTemplate\":\"https:\/\/teoresi.sixeleven.it\/de\/?s={search_term_string}\"},\"query-input\":{\"@type\":\"PropertyValueSpecification\",\"valueRequired\":true,\"valueName\":\"search_term_string\"}}],\"inLanguage\":\"de\"},{\"@type\":\"Organization\",\"@id\":\"https:\/\/teoresi.sixeleven.it\/de\/#organization\",\"name\":\"Teoresi Group\",\"url\":\"https:\/\/teoresi.sixeleven.it\/de\/\",\"logo\":{\"@type\":\"ImageObject\",\"inLanguage\":\"de\",\"@id\":\"https:\/\/teoresi.sixeleven.it\/de\/#\/schema\/logo\/image\/\",\"url\":\"https:\/\/www.teoresigroup.com\/wp-content\/uploads\/2020\/12\/teoresi-logo-color.svg\",\"contentUrl\":\"https:\/\/www.teoresigroup.com\/wp-content\/uploads\/2020\/12\/teoresi-logo-color.svg\",\"width\":1,\"height\":1,\"caption\":\"Teoresi Group\"},\"image\":{\"@id\":\"https:\/\/teoresi.sixeleven.it\/de\/#\/schema\/logo\/image\/\"},\"sameAs\":[\"https:\/\/www.facebook.com\/pages\/Gruppo-Teoresi\/118393464917205\",\"https:\/\/www.instagram.com\/teoresigroup\/\",\"https:\/\/www.linkedin.com\/company\/teoresigroup\/\",\"https:\/\/www.youtube.com\/channel\/UCNdBBSSax2EWPmFk5QzYP8Q\"]}]}<\/script>\n<!-- \/ Yoast SEO plugin. -->","yoast_head_json":{"title":"Press Area - Teoresi Group","robots":{"index":"noindex","follow":"follow"},"og_locale":"de_DE","og_type":"article","og_title":"Press Area - Teoresi Group","og_description":"Press kit Within this section, you can find and download our company profile, photo material, and other updated digital content on our activities and projects in which we are involved.&nbsp;&nbsp; Press releases This section collects press releases for public audiences and newspapers, realized by Teoresi press office and related to all our initiatives, events, and projects.&nbsp;&nbsp; Use Press review filter...","og_url":"https:\/\/teoresi.sixeleven.it\/de\/about\/press-area\/","og_site_name":"Teoresi Group","article_publisher":"https:\/\/www.facebook.com\/pages\/Gruppo-Teoresi\/118393464917205","article_modified_time":"2023-06-08T11:56:27+00:00","og_image":[{"width":1200,"height":630,"url":"https:\/\/teoresi.sixeleven.it\/wp-content\/uploads\/2021\/02\/og-image.jpg","type":"image\/jpeg"}],"twitter_card":"summary_large_image","schema":{"@context":"https:\/\/schema.org","@graph":[{"@type":"WebPage","@id":"https:\/\/teoresi.sixeleven.it\/de\/about\/press-area\/","url":"https:\/\/teoresi.sixeleven.it\/de\/about\/press-area\/","name":"Press Area - Teoresi Group","isPartOf":{"@id":"https:\/\/teoresi.sixeleven.it\/de\/#website"},"datePublished":"2021-12-15T06:44:42+00:00","dateModified":"2023-06-08T11:56:27+00:00","breadcrumb":{"@id":"https:\/\/teoresi.sixeleven.it\/de\/about\/press-area\/#breadcrumb"},"inLanguage":"de","potentialAction":[{"@type":"ReadAction","target":["https:\/\/teoresi.sixeleven.it\/de\/about\/press-area\/"]}]},{"@type":"BreadcrumbList","@id":"https:\/\/teoresi.sixeleven.it\/de\/about\/press-area\/#breadcrumb","itemListElement":[{"@type":"ListItem","position":1,"name":"","item":"https:\/\/teoresi.sixeleven.it\/de\/"},{"@type":"ListItem","position":2,"name":"About us","item":"https:\/\/teoresi.sixeleven.it\/de\/about\/"},{"@type":"ListItem","position":3,"name":"Press Area"}]},{"@type":"WebSite","@id":"https:\/\/teoresi.sixeleven.it\/de\/#website","url":"https:\/\/teoresi.sixeleven.it\/de\/","name":"Teoresi Group","description":"Engineering for Human life.","publisher":{"@id":"https:\/\/teoresi.sixeleven.it\/de\/#organization"},"potentialAction":[{"@type":"SearchAction","target":{"@type":"EntryPoint","urlTemplate":"https:\/\/teoresi.sixeleven.it\/de\/?s={search_term_string}"},"query-input":{"@type":"PropertyValueSpecification","valueRequired":true,"valueName":"search_term_string"}}],"inLanguage":"de"},{"@type":"Organization","@id":"https:\/\/teoresi.sixeleven.it\/de\/#organization","name":"Teoresi Group","url":"https:\/\/teoresi.sixeleven.it\/de\/","logo":{"@type":"ImageObject","inLanguage":"de","@id":"https:\/\/teoresi.sixeleven.it\/de\/#\/schema\/logo\/image\/","url":"https:\/\/www.teoresigroup.com\/wp-content\/uploads\/2020\/12\/teoresi-logo-color.svg","contentUrl":"https:\/\/www.teoresigroup.com\/wp-content\/uploads\/2020\/12\/teoresi-logo-color.svg","width":1,"height":1,"caption":"Teoresi Group"},"image":{"@id":"https:\/\/teoresi.sixeleven.it\/de\/#\/schema\/logo\/image\/"},"sameAs":["https:\/\/www.facebook.com\/pages\/Gruppo-Teoresi\/118393464917205","https:\/\/www.instagram.com\/teoresigroup\/","https:\/\/www.linkedin.com\/company\/teoresigroup\/","https:\/\/www.youtube.com\/channel\/UCNdBBSSax2EWPmFk5QzYP8Q"]}]}},"acf":[],"_links":{"self":[{"href":"https:\/\/teoresi.sixeleven.it\/de\/wp-json\/wp\/v2\/pages\/12307","targetHints":{"allow":["GET"]}}],"collection":[{"href":"https:\/\/teoresi.sixeleven.it\/de\/wp-json\/wp\/v2\/pages"}],"about":[{"href":"https:\/\/teoresi.sixeleven.it\/de\/wp-json\/wp\/v2\/types\/page"}],"author":[{"embeddable":true,"href":"https:\/\/teoresi.sixeleven.it\/de\/wp-json\/wp\/v2\/users\/1"}],"replies":[{"embeddable":true,"href":"https:\/\/teoresi.sixeleven.it\/de\/wp-json\/wp\/v2\/comments?post=12307"}],"version-history":[{"count":8,"href":"https:\/\/teoresi.sixeleven.it\/de\/wp-json\/wp\/v2\/pages\/12307\/revisions"}],"predecessor-version":[{"id":26412,"href":"https:\/\/teoresi.sixeleven.it\/de\/wp-json\/wp\/v2\/pages\/12307\/revisions\/26412"}],"up":[{"embeddable":true,"href":"https:\/\/teoresi.sixeleven.it\/de\/wp-json\/wp\/v2\/pages\/1789"}],"wp:attachment":[{"href":"https:\/\/teoresi.sixeleven.it\/de\/wp-json\/wp\/v2\/media?parent=12307"}],"curies":[{"name":"wp","href":"https:\/\/api.w.org\/{rel}","templated":true}]}}